{"id":123,"date":"2019-03-01T15:22:26","date_gmt":"2019-03-01T15:22:26","guid":{"rendered":"https:\/\/holgerspexet-public.lysator.liu.se\/?page_id=123"},"modified":"2019-04-05T13:37:03","modified_gmt":"2019-04-05T13:37:03","slug":"1999-o-du-e-sen","status":"publish","type":"page","link":"https:\/\/holgerspexet.se\/index.php\/om-holgerspexet\/tidigare-spex\/1999-o-du-e-sen\/","title":{"rendered":"1999: O-du-\u00e9-sen"},"content":{"rendered":"\n<h2 class=\"wp-block-heading\">O-du-\u00e9-sen (1999)<\/h2>\n\n\n\n<figure class=\"wp-block-image\"><img fetchpriority=\"high\" decoding=\"async\" width=\"1771\" height=\"1171\" src=\"https:\/\/holgerspexet-public.lysator.liu.se\/wp-content\/uploads\/2019\/03\/O-du-e-sen__6_-1.jpg\" alt=\"\" class=\"wp-image-124\"\/><figcaption>Foto: Fredrik Sch\u00f6n (1999)<\/figcaption><\/figure>\n\n\n\n<p><strong>Karakt\u00e4rer<\/strong>: <em>Allas Partena, Archimedes, Cyklopen, Odysseus, Penelope, Poseidon, Ragga-hem-n\u00e5&#8217;n, Sokrates och Televinkos<\/em><\/p>\n\n\n\n<p>Efter att ha spenderat 1998 vid St\u00e5ngebro reste sedan Holgerspexet l\u00e4ngre bak i tiden och fantasin f\u00f6r att s\u00f6ka det perfekta skrattet. Det andra spexets titel O-du-\u00e9-sen f\u00e5ngar Penelopes frustration \u00f6ver att maken Odysseus aldrig kommer hem fr\u00e5n slaget vid Troja. Sol-och-v\u00e5raren Odysseus seglar f\u00f6rstr\u00f6tt kring mellan olika er\u00f6vringar, bl a Cyklopen \u2013 ett enbr\u00f6stat v\u00e5p, med sin mindre framg\u00e5ngsrike vapenbroder Ragga-hem-n\u00e5\u2019n (Agamemnon) vid sin sida, mannen som \u00e4r s\u00e5 m\u00e5n om att g\u00f6ra ett gott intryck hos kvinnor att han inte g\u00f6r det. <\/p>\n\n\n\n<ul class=\"wp-block-gallery columns-3 is-cropped wp-block-gallery-1 is-layout-flex wp-block-gallery-is-layout-flex\"><li class=\"blocks-gallery-item\"><figure><img decoding=\"async\" width=\"1767\" height=\"1127\" src=\"https:\/\/holgerspexet-public.lysator.liu.se\/wp-content\/uploads\/2019\/03\/Dekor_O-du-e-sen__1_.jpg\" alt=\"\" data-id=\"125\" data-link=\"https:\/\/holgerspexet-public.lysator.liu.se\/?attachment_id=125\" class=\"wp-image-125\"\/><figcaption> <br>Foto: Fredrik Sch\u00f6n (1999) <\/figcaption><\/figure><\/li><li class=\"blocks-gallery-item\"><figure><img decoding=\"async\" width=\"1803\" height=\"1164\" src=\"https:\/\/holgerspexet-public.lysator.liu.se\/wp-content\/uploads\/2019\/03\/O-du-e-sen__1_-1.jpg\" alt=\"\" data-id=\"126\" data-link=\"https:\/\/holgerspexet-public.lysator.liu.se\/?attachment_id=126\" class=\"wp-image-126\"\/><figcaption> <br>Foto: Fredrik Sch\u00f6n (1999) <\/figcaption><\/figure><\/li><li class=\"blocks-gallery-item\"><figure><img loading=\"lazy\" decoding=\"async\" width=\"1768\" height=\"1184\" src=\"https:\/\/holgerspexet-public.lysator.liu.se\/wp-content\/uploads\/2019\/03\/O-du-e-sen__3_-1.jpg\" alt=\"\" data-id=\"127\" data-link=\"https:\/\/holgerspexet-public.lysator.liu.se\/?attachment_id=127\" class=\"wp-image-127\"\/><figcaption> <br>Foto: Fredrik Sch\u00f6n (1999) <\/figcaption><\/figure><\/li><\/ul>\n\n\n\n<p>Styrmannen Archimedes styr i cirklar och kartl\u00e4saren Sokrates kr\u00e5nglar till det ytterligare genom att ifr\u00e5gas\u00e4tta varje v\u00e4gval. Odysseus bittre och f\u00f6rsummade son Televinkos och havsguden Poseidon g\u00f6r allt f\u00f6r att se till att Odysseus inte kommer hem f\u00f6rr\u00e4n hans kungaskap har preskriberats, s\u00e5 att Televinkos ska kunna bli kung. P\u00e5 Odysseus sida st\u00e5r hans skyddsgudinna Allas Partena, en kvinna med tusen j\u00e4rn i elden. Den gode Odysseus hamnar till slut just i elden n\u00e4r han drabbas av sin hustru Penelopes r\u00e4ttm\u00e4tiga vrede. <\/p>\n\n\n\n<figure class=\"wp-block-image\"><img loading=\"lazy\" decoding=\"async\" width=\"1771\" height=\"1168\" src=\"https:\/\/holgerspexet-public.lysator.liu.se\/wp-content\/uploads\/2019\/03\/Rep_O-du-e-sen__2_.jpg\" alt=\"\" class=\"wp-image-128\"\/><figcaption> Foto: Fredrik Sch\u00f6n (1999) <\/figcaption><\/figure>\n","protected":false},"excerpt":{"rendered":"<p>O-du-\u00e9-sen (1999) Karakt\u00e4rer: Allas Partena, Archimedes, Cyklopen, Odysseus, Penelope, Poseidon, Ragga-hem-n\u00e5&#8217;n, Sokrates och Televinkos Efter att ha spenderat 1998 vid St\u00e5ngebro reste sedan Holgerspexet l\u00e4ngre bak i tiden och fantasin f\u00f6r att s\u00f6ka det perfekta skrattet. Det andra spexets titel O-du-\u00e9-sen f\u00e5ngar Penelopes frustration \u00f6ver att maken Odysseus aldrig kommer hem fr\u00e5n slaget vid Troja. Sol-och-v\u00e5raren Odysseus seglar f\u00f6rstr\u00f6tt kring mellan olika er\u00f6vringar, bl a Cyklopen \u2013 ett enbr\u00f6stat v\u00e5p, med sin mindre framg\u00e5ngsrike vapenbroder Ragga-hem-n\u00e5\u2019n (Agamemnon) vid sin sida, mannen som \u00e4r s\u00e5 m\u00e5n om att g\u00f6ra ett gott intryck hos kvinnor att han inte g\u00f6r det. Styrmannen Archimedes styr i cirklar och kartl\u00e4saren Sokrates kr\u00e5nglar till det ytterligare genom att ifr\u00e5gas\u00e4tta varje v\u00e4gval. Odysseus bittre och f\u00f6rsummade son Televinkos och havsguden Poseidon g\u00f6r allt f\u00f6r att se till att Odysseus inte kommer hem f\u00f6rr\u00e4n hans kungaskap har preskriberats, s\u00e5 att Televinkos ska kunna bli kung. P\u00e5 Odysseus sida&hellip;<\/p>\n<p> <a class=\"more-link\" href=\"https:\/\/holgerspexet.se\/index.php\/om-holgerspexet\/tidigare-spex\/1999-o-du-e-sen\/\">Read more<\/a><\/p>\n","protected":false},"author":9,"featured_media":0,"parent":38,"menu_order":22,"comment_status":"closed","ping_status":"closed","template":"","meta":{"inline_featured_image":false,"footnotes":""},"class_list":["post-123","page","type-page","status-publish"],"_links":{"self":[{"href":"https:\/\/holgerspexet.se\/index.php\/wp-json\/wp\/v2\/pages\/123","targetHints":{"allow":["GET"]}}],"collection":[{"href":"https:\/\/holgerspexet.se\/index.php\/wp-json\/wp\/v2\/pages"}],"about":[{"href":"https:\/\/holgerspexet.se\/index.php\/wp-json\/wp\/v2\/types\/page"}],"author":[{"embeddable":true,"href":"https:\/\/holgerspexet.se\/index.php\/wp-json\/wp\/v2\/users\/9"}],"replies":[{"embeddable":true,"href":"https:\/\/holgerspexet.se\/index.php\/wp-json\/wp\/v2\/comments?post=123"}],"version-history":[{"count":11,"href":"https:\/\/holgerspexet.se\/index.php\/wp-json\/wp\/v2\/pages\/123\/revisions"}],"predecessor-version":[{"id":1139,"href":"https:\/\/holgerspexet.se\/index.php\/wp-json\/wp\/v2\/pages\/123\/revisions\/1139"}],"up":[{"embeddable":true,"href":"https:\/\/holgerspexet.se\/index.php\/wp-json\/wp\/v2\/pages\/38"}],"wp:attachment":[{"href":"https:\/\/holgerspexet.se\/index.php\/wp-json\/wp\/v2\/media?parent=123"}],"curies":[{"name":"wp","href":"https:\/\/api.w.org\/{rel}","templated":true}]}}