{"id":1341,"date":"2019-09-25T10:00:50","date_gmt":"2019-09-25T10:00:50","guid":{"rendered":"https:\/\/holgerspexet.se\/?page_id=1341"},"modified":"2022-11-04T10:38:13","modified_gmt":"2022-11-04T10:38:13","slug":"2019-mesopotamien","status":"publish","type":"page","link":"https:\/\/holgerspexet.se\/index.php\/om-holgerspexet\/tidigare-spex\/2019-mesopotamien\/","title":{"rendered":"2019: Mesopotamien"},"content":{"rendered":"\n<h2 class=\"wp-block-heading\">Mesopotamien &#8211; p\u00e5 v\u00e4xtfronten intet nytt? (2019)<\/h2>\n\n\n\n<figure class=\"wp-block-image size-full\"><img fetchpriority=\"high\" decoding=\"async\" width=\"1325\" height=\"880\" src=\"https:\/\/holgerspexet.se\/wp-content\/uploads\/2021\/11\/2019_Mesopotamien_spadam.jpg\" alt=\"\" class=\"wp-image-1690\"\/><\/figure>\n\n\n\n<p><strong>Karakt\u00e4rer<\/strong>: <em>Alien, Demeter, Hammurabi, Inanna, sp\u00e5damen Kassandra och Sargon<\/em><\/p>\n\n\n\n<p>Det \u00e4r l\u00e4nge sedan och p\u00e5 sl\u00e4tterna mellan floderna Eufrat och Tigris har en grupp m\u00e4nniskor \u00f6vergett det nomadiska livet f\u00f6r att stanna p\u00e5 samma plats, Uruk.<\/p>\n\n\n\n<p>H\u00e4r finner vi Hammurabi, som har stora visioner f\u00f6r framtiden och folket som bor i Uruk. Det ska byggas kontorskomplex och genomfartsleder, universitet och stora arenor! Dessa planer finner inget geh\u00f6r hos Demeter som hellre fokuserar p\u00e5 de vardagliga problemen, som att ta hand om f\u00e5ren, ha rent vatten och tak \u00f6ver huvudet. H\u00f6ggravida Inanna skulle sannerligen ha anv\u00e4ndning f\u00f6r f\u00e5r, och framf\u00f6r allt deras ull, men ingen verkar f\u00f6rst\u00e5 att en kvinna i hennes situation kan beh\u00f6va lite hj\u00e4lp. Muskelknutten Sargon, som innerst inne \u00e4r mesigt sn\u00e4ll, har sv\u00e5rt att visa det f\u00f6r v\u00e4rlden och fokuserar d\u00e4rf\u00f6r p\u00e5 att prata om krig och b\u00e4sta s\u00e4ttet att hugga ned sina fiender med kniv. Kort och gott har man i Uruk inte riktigt lyckats enas kring vad det inneb\u00e4r att vara bofast och del av en civilisation.<\/p>\n\n\n\n<p>Till denna brokiga skara anl\u00e4nder sp\u00e5damen Kassandra, nyexaminerad fr\u00e5n det &#8220;<em>kognitiva futuravisions-programmet med inriktning p\u00e5 hypotetiska incidenter<\/em>&#8220;. Hon \u00e4r f\u00f6r n\u00e4rvarande arbetsl\u00f6s men som tur \u00e4r beh\u00f6ver Hammurabi en vision\u00e4r och anst\u00e4ller henne f\u00f6r att sia om Uruks framtid.<\/p>\n\n\n\n<figure class=\"wp-block-image size-full\"><img decoding=\"async\" width=\"1322\" height=\"885\" src=\"https:\/\/holgerspexet.se\/wp-content\/uploads\/2021\/11\/2019_Mesopotamien_Hammurabi-och-Kassandra.jpg\" alt=\"\" class=\"wp-image-1703\"\/><\/figure>\n\n\n\n<p>Kassandra skrider genast till verket och st\u00e4ller upp sitt sp\u00e5domsb\u00e5s. En av hennes f\u00f6rsta kunder \u00e4r en underlig, gr\u00f6n figur som inte riktigt verkar h\u00f6ra hemma i Uruk. Det visar sig vara en alien som har kommit f\u00f6r att stoppa Hammurabis urbaniseringsplaner. Aliens hemplanet Plantae blev obeboelig p\u00e5 grund av milj\u00f6f\u00f6rst\u00f6ring och v\u00e4xtfolket har nu kommit till Jorden i jakt p\u00e5 en ny boplats. Alien \u00e4r m\u00e5n om att bromsa Hammurabis planer p\u00e5 samh\u00e4llsutveckling eftersom den kommer f\u00f6rst\u00f6ra milj\u00f6n och f\u00f6r\u00e4mra tillvaron f\u00f6r hennes folk som vill ha &#8220;<em>sol, vind och vatten<\/em>&#8220;. Alien r\u00e5der \u00e4ven Kassandra att man ska g\u00f6ra sig av med &#8220;<em>v\u00e4xt\u00e4tare, herbivorer och \u00f6vriga veganer<\/em>&#8220;. Kassandra lovar att g\u00f6ra vad hon kan men blir samtidigt fundersam &#8211; g\u00e5r v\u00e4xter att \u00e4ta? Jordbruket har inte uppfunnits \u00e4n och att v\u00e4xter \u00e4r \u00e4tliga \u00e4r ett ok\u00e4nt fenomen.<\/p>\n\n\n\n<figure class=\"wp-block-image size-full\"><img decoding=\"async\" width=\"1244\" height=\"850\" src=\"https:\/\/holgerspexet.se\/wp-content\/uploads\/2021\/11\/2019_Mesopotamien_Alien.jpg\" alt=\"\" class=\"wp-image-1699\"\/><\/figure>\n\n\n\n<p>Samtidigt forts\u00e4tter Hammurabi att be Kassandra om visioner och sp\u00e5domar. Efter sin f\u00f6rsta dag p\u00e5 jobbet \u00e4r hon dock b\u00e5de tr\u00f6tt och snurrig. Hennes svamlade om &#8220;<em>mossa p\u00e5 rullande stenar<\/em>&#8220;, &#8220;<em>tankar som g\u00e5r runt<\/em>&#8220;, att Hammurabis uppgift \u00e4r f\u00f6r mycket att &#8220;<em>axla<\/em>&#8221; och att situationen kretsar kring ett &#8220;<em>nav<\/em>&#8221; hon inte kan angripa g\u00f6r att Hammurabi f\u00e5r en snilleblixt och d\u00e4rmed uppfinner&#8230;hjulet. Som den vision\u00e4ra innovat\u00f6r han \u00e4r hinner han dock inte komma p\u00e5 vad hjulet \u00e4r till f\u00f6r innan Demeter har lagt beslag p\u00e5 det och konstruerat en skottk\u00e4ra. Hammurabi konstaterar frustrerat att han beh\u00f6ver ta fram ett upphovsr\u00e4ttsdirektiv s\u00e5 att folk inte kan sj\u00e4la saker hur som helst.<\/p>\n\n\n\n<figure class=\"wp-block-image size-full\"><img loading=\"lazy\" decoding=\"async\" width=\"1323\" height=\"879\" src=\"https:\/\/holgerspexet.se\/wp-content\/uploads\/2021\/11\/2019_Mesopotamien_Demet-och-skottkarra.jpg\" alt=\"\" class=\"wp-image-1695\"\/><\/figure>\n\n\n\n<p>Under tiden har inv\u00e5narna i Uruk hunnit bli arga och uppr\u00f6rda \u00f6ver att Kassandras sp\u00e5domar inte sl\u00e5r in. De framf\u00f6r sina klagom\u00e5l till Hammurabi som best\u00e4mmer sig att st\u00e4lla Kassandra till svars. Hon f\u00f6rs\u00f6ker distrahera den missn\u00f6jda folhopen med en domedagsprofetia men precis d\u00e5 r\u00e5kar Aliens v\u00e4xt-fr\u00e4nder g\u00f6ra entr\u00e9 och ett rymdskepp landar i Uruk. Hammurabi vill hantera invasionen med hj\u00e4lp av byr\u00e5krati och &#8220;<em>b\u00f6ta de felparkerade rattklorofylleristerna<\/em>&#8221; medan Sargon vill ta till v\u00e5ld och planerar att &#8220;<em>besk\u00e4ra dem innan de hinner skjuta ett endaste skott<\/em>&#8220;. Demeter d\u00e4remot, \u00e4r obotligt nyfiken och unders\u00f6ker det UFO som har landat i deras by.<\/p>\n\n\n\n<figure class=\"wp-block-image size-full\"><img loading=\"lazy\" decoding=\"async\" width=\"1275\" height=\"747\" src=\"https:\/\/holgerspexet.se\/wp-content\/uploads\/2021\/11\/2019_Mesopotamien_invasion.jpg\" alt=\"\" class=\"wp-image-1697\"\/><\/figure>\n\n\n\n<p>Det visar sig att rymdskeppet inneh\u00e5ller en massa sp\u00e4nnande innovationer. Hammurabi hittar papyrus och beh\u00f6ver inte l\u00e4ngre hugga in sina lagtexter och paragrafer p\u00e5 stenar och obelisker. Sargon hittar b\u00e4ttre vapen och Demeter hittar bomull, vilket ger mycket lenare och sk\u00f6nare tyg \u00e4n f\u00e5rullen. Mitt i all uppst\u00e5ndelse f\u00f6der Inanna tvillingar och byn Uruk har nu tv\u00e5 nya inv\u00e5nare. I slut\u00e4ndan lyckas de alla enas om hur de gemensamt ska hj\u00e4lpas \u00e5t f\u00f6r att bygga ett samh\u00e4lle. Hammurabi ordnar med byr\u00e5krati och lagar, Demeter sk\u00f6ter produktion och infrastruktur medan Inanna tar hand om socialtj\u00e4nstern och Sargon l\u00f6ser arm\u00e9n och utrikespolitik.<\/p>\n\n\n\n<figure class=\"wp-block-image size-full\"><img loading=\"lazy\" decoding=\"async\" width=\"1307\" height=\"875\" src=\"https:\/\/holgerspexet.se\/wp-content\/uploads\/2021\/11\/2019_Mesopotamien_bebisar.jpg\" alt=\"\" class=\"wp-image-1706\"\/><\/figure>\n\n\n\n<p>Alien \u00e4r m\u00e4kta besviken \u00f6ver att deras fredliga koloniseringsplaner gick \u00e5t skogen. Det \u00e4r till och med s\u00e5 illa att m\u00e4nniskorna har b\u00f6rjat \u00e4ta hennes v\u00e4xt-fr\u00e4nder, vilken tragedi! Kassandra f\u00f6rs\u00f6ker tr\u00f6sta men lyckas inte komma p\u00e5 n\u00e5got konkret utan det blir mest abstrakt svamlade om planeter och stj\u00e4rnor som st\u00e5r i linje. Det verkar dock r\u00e4cka f\u00f6r att tr\u00f6sta Alien, som best\u00e4mmer sig f\u00f6r att ge sig av. Kassandra inser att om hon bara skyller p\u00e5 stj\u00e4rnorna s\u00e5 kan hon slippa arga kunder och h\u00e5lla ryggen fri &#8211; vips s\u00e5 har hon uppfunnit astrologi!<\/p>\n\n\n\n<figure class=\"wp-block-image size-full\"><img loading=\"lazy\" decoding=\"async\" width=\"1316\" height=\"872\" src=\"https:\/\/holgerspexet.se\/wp-content\/uploads\/2021\/11\/2019_Mesopotamien_ensemble.jpg\" alt=\"\" class=\"wp-image-1709\"\/><\/figure>\n\n\n\n<p><br><br><\/p>\n\n\n\n<p> <\/p>\n","protected":false},"excerpt":{"rendered":"<p>Mesopotamien &#8211; p\u00e5 v\u00e4xtfronten intet nytt? (2019) Karakt\u00e4rer: Alien, Demeter, Hammurabi, Inanna, sp\u00e5damen Kassandra och Sargon Det \u00e4r l\u00e4nge sedan och p\u00e5 sl\u00e4tterna mellan floderna Eufrat och Tigris har en grupp m\u00e4nniskor \u00f6vergett det nomadiska livet f\u00f6r att stanna p\u00e5 samma plats, Uruk. H\u00e4r finner vi Hammurabi, som har stora visioner f\u00f6r framtiden och folket som bor i Uruk. Det ska byggas kontorskomplex och genomfartsleder, universitet och stora arenor! Dessa planer finner inget geh\u00f6r hos Demeter som hellre fokuserar p\u00e5 de vardagliga problemen, som att ta hand om f\u00e5ren, ha rent vatten och tak \u00f6ver huvudet. H\u00f6ggravida Inanna skulle sannerligen ha anv\u00e4ndning f\u00f6r f\u00e5r, och framf\u00f6r allt deras ull, men ingen verkar f\u00f6rst\u00e5 att en kvinna i hennes situation kan beh\u00f6va lite hj\u00e4lp. Muskelknutten Sargon, som innerst inne \u00e4r mesigt sn\u00e4ll, har sv\u00e5rt att visa det f\u00f6r v\u00e4rlden och fokuserar d\u00e4rf\u00f6r p\u00e5 att prata om krig och b\u00e4sta s\u00e4ttet att&hellip;<\/p>\n<p> <a class=\"more-link\" href=\"https:\/\/holgerspexet.se\/index.php\/om-holgerspexet\/tidigare-spex\/2019-mesopotamien\/\">Read more<\/a><\/p>\n","protected":false},"author":9,"featured_media":0,"parent":38,"menu_order":0,"comment_status":"closed","ping_status":"closed","template":"","meta":{"inline_featured_image":false,"footnotes":""},"class_list":["post-1341","page","type-page","status-publish"],"_links":{"self":[{"href":"https:\/\/holgerspexet.se\/index.php\/wp-json\/wp\/v2\/pages\/1341","targetHints":{"allow":["GET"]}}],"collection":[{"href":"https:\/\/holgerspexet.se\/index.php\/wp-json\/wp\/v2\/pages"}],"about":[{"href":"https:\/\/holgerspexet.se\/index.php\/wp-json\/wp\/v2\/types\/page"}],"author":[{"embeddable":true,"href":"https:\/\/holgerspexet.se\/index.php\/wp-json\/wp\/v2\/users\/9"}],"replies":[{"embeddable":true,"href":"https:\/\/holgerspexet.se\/index.php\/wp-json\/wp\/v2\/comments?post=1341"}],"version-history":[{"count":20,"href":"https:\/\/holgerspexet.se\/index.php\/wp-json\/wp\/v2\/pages\/1341\/revisions"}],"predecessor-version":[{"id":1710,"href":"https:\/\/holgerspexet.se\/index.php\/wp-json\/wp\/v2\/pages\/1341\/revisions\/1710"}],"up":[{"embeddable":true,"href":"https:\/\/holgerspexet.se\/index.php\/wp-json\/wp\/v2\/pages\/38"}],"wp:attachment":[{"href":"https:\/\/holgerspexet.se\/index.php\/wp-json\/wp\/v2\/media?parent=1341"}],"curies":[{"name":"wp","href":"https:\/\/api.w.org\/{rel}","templated":true}]}}