{"id":154,"date":"2019-03-02T08:24:04","date_gmt":"2019-03-02T08:24:04","guid":{"rendered":"https:\/\/holgerspexet-public.lysator.liu.se\/?page_id=154"},"modified":"2022-11-04T10:38:02","modified_gmt":"2022-11-04T10:38:02","slug":"2017-vlad-helsing-checkar-in","status":"publish","type":"page","link":"https:\/\/holgerspexet.se\/index.php\/om-holgerspexet\/tidigare-spex\/2017-vlad-helsing-checkar-in\/","title":{"rendered":"2017: Vlad Helsing checkar in"},"content":{"rendered":"\n<h2 class=\"wp-block-heading\">Vlad Helsing checkar in (2017)<\/h2>\n\n\n\n<figure class=\"wp-block-image\"><img fetchpriority=\"high\" decoding=\"async\" width=\"1269\" height=\"848\" src=\"https:\/\/holgerspexet-public.lysator.liu.se\/wp-content\/uploads\/2019\/03\/vladhelsing2017.jpg\" alt=\"\" class=\"wp-image-905\"\/><figcaption class=\"wp-element-caption\">Foto: Daniel H\u00e4ggmyr (2017)<\/figcaption><\/figure>\n\n\n\n<p><strong>Karakt\u00e4rer<\/strong>: <em>Dr. Acula, Edward, Elisabeth Bathory, Isabelle &#8220;Bella&#8221; Helsing, Lestat och Vlad Helsing<\/em><\/p>\n\n\n\n<p>2017 var det dags f\u00f6r Holgerspexet att fira jubileum d\u00e5 vi presenterade v\u00e5r 20:e upps\u00e4ttning, <em>Vlad Helsing checkar in<\/em>. <\/p>\n\n\n\n<p>Vampyrj\u00e4garen, och tillika vampyren, Vlad Helsing reser tillsammans med sin dotter Bella till det avl\u00e4gsna hotellet <em>Bran <\/em>i Transylvanien f\u00f6r att leta efter Vlads gamla studiekamrat, Dr. Acula. De hoppas p\u00e5 att han ska kunna hj\u00e4lpa dem att utrota v\u00e4rldens alla vampyrer.<\/p>\n\n\n\n<p>P\u00e5 hotellet m\u00f6ter Bella en av de anst\u00e4llda, vampyren Edward. Det \u00e4r k\u00e4rlek vid f\u00f6rsta \u00f6gonkastet och de best\u00e4mmer sig f\u00f6r att g\u00f6ra allt de kan f\u00f6r att kunna vara med varandra p\u00e5 lika villkor, men \u00e4r det som m\u00e4nniskor eller som vampyrer? Under tiden roar sig Lestat, en annan hotellanst\u00e4lld och vampyr, med g\u00e4sterna och l\u00e4mnar sp\u00e5r efter sig i form av lik t\u00f6mda p\u00e5 blod, vilket t\u00e4r p\u00e5 f\u00f6rest\u00e5ndarinnan Madame Bathorys t\u00e5lamod.<\/p>\n\n\n\n<figure class=\"wp-block-image\"><img decoding=\"async\" width=\"1279\" height=\"848\" src=\"https:\/\/holgerspexet-public.lysator.liu.se\/wp-content\/uploads\/2019\/03\/madamebathoryochg\u00e4st2017.jpg\" alt=\"\" class=\"wp-image-916\"\/><figcaption class=\"wp-element-caption\">Foto: Daniel H\u00e4ggmyr (2017)<\/figcaption><\/figure>\n\n\n\n<figure class=\"wp-block-gallery has-nested-images columns-default is-cropped wp-block-gallery-1 is-layout-flex wp-block-gallery-is-layout-flex\">\n<figure class=\"wp-block-image size-large\"><img decoding=\"async\" width=\"565\" height=\"844\" data-id=\"907\" src=\"https:\/\/holgerspexet.se\/wp-content\/uploads\/2019\/03\/edward2017.jpg\" alt=\"\" class=\"wp-image-907\"\/><figcaption class=\"wp-element-caption\">Foto: Daniel H\u00e4ggmyr (2017)<\/figcaption><\/figure>\n\n\n\n<figure class=\"wp-block-image size-large\"><img loading=\"lazy\" decoding=\"async\" width=\"560\" height=\"846\" data-id=\"908\" src=\"https:\/\/holgerspexet.se\/wp-content\/uploads\/2019\/03\/lestat2017.jpg\" alt=\"\" class=\"wp-image-908\"\/><figcaption class=\"wp-element-caption\">Foto: Daniel H\u00e4ggmyr (2017)<\/figcaption><\/figure>\n<\/figure>\n\n\n\n<p>N\u00e4r Vlad \u00e4ntligen hittar Dr. Acula bjuds han och Bella in till Dr. Aculas laboratorium f\u00f6r att f\u00e5 se hans senaste uppt\u00e4ckt; han kan \u00e5teruppv\u00e4cka de d\u00f6da. Forskningen har Dr. Acula bedrivit p\u00e5 de lik han hittat p\u00e5 hotellet. Vlad konstaterar dock att Dr. Acula inte alls g\u00f6r levande av d\u00f6da utan att han skapar vampyrer. En besviken Dr. Acula lovar att hj\u00e4lpa Vlad med ett vampybotemedel medan Bella \u00e4ntligen har hittat ett s\u00e4tt att vara med Edward f\u00f6r evigt &#8211; att ta vampyrmedlet.<\/p>\n\n\n\n<figure class=\"wp-block-gallery has-nested-images columns-default is-cropped wp-block-gallery-2 is-layout-flex wp-block-gallery-is-layout-flex\">\n<figure class=\"wp-block-image size-large\"><img loading=\"lazy\" decoding=\"async\" width=\"567\" height=\"845\" data-id=\"913\" src=\"https:\/\/holgerspexet.se\/wp-content\/uploads\/2019\/03\/dracula2017.jpg\" alt=\"\" class=\"wp-image-913\"\/><figcaption class=\"wp-element-caption\">Foto: Daniel H\u00e4ggmyr (2017)<\/figcaption><\/figure>\n\n\n\n<figure class=\"wp-block-image size-large\"><img loading=\"lazy\" decoding=\"async\" width=\"561\" height=\"843\" data-id=\"914\" src=\"https:\/\/holgerspexet.se\/wp-content\/uploads\/2019\/03\/vlad2017.jpg\" alt=\"\" class=\"wp-image-914\"\/><figcaption class=\"wp-element-caption\">Foto: Daniel H\u00e4ggmyr (2017)<\/figcaption><\/figure>\n<\/figure>\n\n\n\n<p>Edward, som f\u00e5tt nys om arbetet med vampyrbotemedlet, erbjuder sin hj\u00e4lp f\u00f6r att kunna bli m\u00e4nniska igen och leva med Bella. Lestat har ocks\u00e5 f\u00e5tt nys om botemedlet men ser inte alls n\u00e5got positivt med det och f\u00f6rst\u00f6r experimentet. Vlad f\u00e5r nu g\u00e5 in p\u00e5 plan B; ge sig ut f\u00f6r att hitta urvampyren, vars d\u00f6d s\u00e4gs kunna utrota alla vampyrer, inklusive han sj\u00e4lv. <\/p>\n\n\n\n<p>Ok\u00e4nt f\u00f6r Vlad \u00e4r att urvampyren funnits under hans n\u00e4sa hela tiden, i form av hotellf\u00f6rest\u00e5ndarinnan Madame Bathory. N\u00e4r hon oavsiktligt implicerar detta f\u00f6r honom g\u00f6r han sig redo att offra sig sj\u00e4lv f\u00f6r att utrota vampyrismen, men Bella kommer p\u00e5 honom. <\/p>\n\n\n\n<p>Bella har med Lestats hj\u00e4lp lyckats bli vampyr och n\u00e4r Vlad f\u00e5r reda p\u00e5 detta blir han rasande. Han vill dock inte f\u00f6rlora sin dotter utan f\u00e5r d\u00e5 ta till plan C; jaga alla vampyrer en och en ist\u00e4llet f\u00f6r att d\u00f6da urvampyren och utrota alla p\u00e5 en g\u00e5ng.<\/p>\n\n\n\n<figure class=\"wp-block-image\"><img loading=\"lazy\" decoding=\"async\" width=\"1275\" height=\"847\" src=\"https:\/\/holgerspexet-public.lysator.liu.se\/wp-content\/uploads\/2019\/03\/bella2017.jpg\" alt=\"\" class=\"wp-image-918\"\/><figcaption class=\"wp-element-caption\">Foto: Daniel H\u00e4ggmyr (2017)<\/figcaption><\/figure>\n\n\n\n<p>Madame Bathory har f\u00e5tt nog av hotellet och ger sig av. Bella g\u00f6r likadant d\u00e5 hon och Edwards framtid f\u00e5tt ett abrupt slut. Madame Bathory l\u00e4mnar hotellets nyckel till Edward och Lestat. Br\u00e5ket som uppst\u00e5r dem emellan om vem som ska ta ansvar g\u00f6r s\u00e5 att hotellets tak rasar in. Solljuset som fl\u00f6dar in g\u00f6r att alla hotellets vampyrer d\u00f6r. Dr Acula, som egentligen har varit p\u00e5 hotellet f\u00f6r att f\u00e5 forska ost\u00f6rt, f\u00e5r d\u00e5 som enda levande g\u00e4st \u00e4ntligen lite lugn och ro, vilket var i grevens tid!<\/p>\n\n\n\n<figure class=\"wp-block-image\"><img loading=\"lazy\" decoding=\"async\" width=\"1272\" height=\"843\" src=\"https:\/\/holgerspexet-public.lysator.liu.se\/wp-content\/uploads\/2019\/03\/aktfinal2017.jpg\" alt=\"\" class=\"wp-image-910\"\/><figcaption class=\"wp-element-caption\">Foto: Daniel H\u00e4ggmyr (2017)<\/figcaption><\/figure>\n","protected":false},"excerpt":{"rendered":"<p>Vlad Helsing checkar in (2017) Karakt\u00e4rer: Dr. Acula, Edward, Elisabeth Bathory, Isabelle &#8220;Bella&#8221; Helsing, Lestat och Vlad Helsing 2017 var det dags f\u00f6r Holgerspexet att fira jubileum d\u00e5 vi presenterade v\u00e5r 20:e upps\u00e4ttning, Vlad Helsing checkar in. Vampyrj\u00e4garen, och tillika vampyren, Vlad Helsing reser tillsammans med sin dotter Bella till det avl\u00e4gsna hotellet Bran i Transylvanien f\u00f6r att leta efter Vlads gamla studiekamrat, Dr. Acula. De hoppas p\u00e5 att han ska kunna hj\u00e4lpa dem att utrota v\u00e4rldens alla vampyrer. P\u00e5 hotellet m\u00f6ter Bella en av de anst\u00e4llda, vampyren Edward. Det \u00e4r k\u00e4rlek vid f\u00f6rsta \u00f6gonkastet och de best\u00e4mmer sig f\u00f6r att g\u00f6ra allt de kan f\u00f6r att kunna vara med varandra p\u00e5 lika villkor, men \u00e4r det som m\u00e4nniskor eller som vampyrer? Under tiden roar sig Lestat, en annan hotellanst\u00e4lld och vampyr, med g\u00e4sterna och l\u00e4mnar sp\u00e5r efter sig i form av lik t\u00f6mda p\u00e5 blod, vilket t\u00e4r p\u00e5 f\u00f6rest\u00e5ndarinnan&hellip;<\/p>\n<p> <a class=\"more-link\" href=\"https:\/\/holgerspexet.se\/index.php\/om-holgerspexet\/tidigare-spex\/2017-vlad-helsing-checkar-in\/\">Read more<\/a><\/p>\n","protected":false},"author":9,"featured_media":0,"parent":38,"menu_order":2,"comment_status":"closed","ping_status":"closed","template":"","meta":{"inline_featured_image":false,"footnotes":""},"class_list":["post-154","page","type-page","status-publish"],"_links":{"self":[{"href":"https:\/\/holgerspexet.se\/index.php\/wp-json\/wp\/v2\/pages\/154","targetHints":{"allow":["GET"]}}],"collection":[{"href":"https:\/\/holgerspexet.se\/index.php\/wp-json\/wp\/v2\/pages"}],"about":[{"href":"https:\/\/holgerspexet.se\/index.php\/wp-json\/wp\/v2\/types\/page"}],"author":[{"embeddable":true,"href":"https:\/\/holgerspexet.se\/index.php\/wp-json\/wp\/v2\/users\/9"}],"replies":[{"embeddable":true,"href":"https:\/\/holgerspexet.se\/index.php\/wp-json\/wp\/v2\/comments?post=154"}],"version-history":[{"count":32,"href":"https:\/\/holgerspexet.se\/index.php\/wp-json\/wp\/v2\/pages\/154\/revisions"}],"predecessor-version":[{"id":1778,"href":"https:\/\/holgerspexet.se\/index.php\/wp-json\/wp\/v2\/pages\/154\/revisions\/1778"}],"up":[{"embeddable":true,"href":"https:\/\/holgerspexet.se\/index.php\/wp-json\/wp\/v2\/pages\/38"}],"wp:attachment":[{"href":"https:\/\/holgerspexet.se\/index.php\/wp-json\/wp\/v2\/media?parent=154"}],"curies":[{"name":"wp","href":"https:\/\/api.w.org\/{rel}","templated":true}]}}