{"id":164,"date":"2019-03-02T08:31:25","date_gmt":"2019-03-02T08:31:25","guid":{"rendered":"https:\/\/holgerspexet-public.lysator.liu.se\/?page_id=164"},"modified":"2022-11-04T10:37:44","modified_gmt":"2022-11-04T10:37:44","slug":"2015-2","status":"publish","type":"page","link":"https:\/\/holgerspexet.se\/index.php\/om-holgerspexet\/tidigare-spex\/2015-2\/","title":{"rendered":"2015: Brynhilde och draken"},"content":{"rendered":"\n<h2 class=\"wp-block-heading\">Brynhilde och draken (2015)<\/h2>\n\n\n\n<figure class=\"wp-block-image\"><img fetchpriority=\"high\" decoding=\"async\" width=\"1277\" height=\"846\" src=\"https:\/\/holgerspexet-public.lysator.liu.se\/wp-content\/uploads\/2019\/03\/hannawilson2015.jpg\" alt=\"\" class=\"wp-image-667\"\/><figcaption class=\"wp-element-caption\">Foto: Hanna Wilson (2015)<\/figcaption><\/figure>\n\n\n\n<p><strong>Karakt\u00e4rer<\/strong>: <em>Brynhilde, Hugin, Loke, Munin, Oden, Snorre Sturlasson och Sun Tzu<\/em><\/p>\n\n\n\n<p>Hj\u00e4ltinnan Brynhilde \u00e5terv\u00e4nder till Valhall efter sina resor och stord\u00e5d runt Jorden, bara f\u00f6r att uppt\u00e4cka att hon p\u00e5 hemmaplan \u00e4r helt ok\u00e4nd, trots den k\u00e4rlekskranka skalden Snorre Sturlassons alla s\u00e5nger om henne. Brynhildes pappa Oden vill ha det som f\u00f6rr, och journalisterna tillika syskonen Hugin och Munin bryr sig bara om Sun Tzu, \u201dprofessor\u201d Lokes utbytesstudent fr\u00e5n Kina. Brynhilde beh\u00f6ver ett sista stord\u00e5d f\u00f6r att bli ih\u00e5gkommen \u2013 att dr\u00e4pa en drake. <\/p>\n\n\n\n<figure class=\"wp-block-gallery has-nested-images columns-default is-cropped wp-block-gallery-1 is-layout-flex wp-block-gallery-is-layout-flex\">\n<figure class=\"wp-block-image\"><img decoding=\"async\" width=\"1272\" height=\"849\" data-id=\"668\" src=\"https:\/\/holgerspexet.se\/wp-content\/uploads\/2019\/03\/hannawilson2015-brynhilde.jpg\" alt=\"\" class=\"wp-image-668\"\/><figcaption class=\"wp-element-caption\">Foto: Hanna Wilson (2015)<\/figcaption><\/figure>\n\n\n\n<figure class=\"wp-block-image\"><img decoding=\"async\" width=\"1272\" height=\"845\" data-id=\"669\" src=\"https:\/\/holgerspexet.se\/wp-content\/uploads\/2019\/03\/hannawilson2015-oden.jpg\" alt=\"\" class=\"wp-image-669\"\/><figcaption class=\"wp-element-caption\"> <br>Foto: Hanna Wilson (2015) <\/figcaption><\/figure>\n<\/figure>\n\n\n\n<p>Snorre ser sin chans att \u00e4ntligen imponera p\u00e5 Brynhilde genom att sj\u00e4lv utf\u00f6ra stord\u00e5det, och med den trollande Lokes hj\u00e4lp byggs en mekanisk drake som kan d\u00f6das riskfritt, samtidigt som Sun Tzu blir allt mer nerv\u00f6s \u00f6ver att hennes hemlighet ska avsl\u00f6jas \u2013 att hon f\u00f6rvandlas till en drake om n\u00e4tterna. <\/p>\n\n\n\n<p>Brynhilde blir inte alls imponerad \u00f6ver Snorres drakdr\u00e4pande, utan blir ist\u00e4llet f\u00f6rbannad \u00f6ver att \u00e4n en g\u00e5ng ha missat sin chans till storhet och n\u00e4r Snorre skyller d\u00f6dandet p\u00e5 den p\u00e5hittade St: G\u00f6ran utmanar Brynhilde denne G\u00f6ran p\u00e5 en duell. Loke lurar byxorna av alla andra, en efter en, vilket sl\u00e5r split mellan Hugin och Munin, och f\u00e5r Sun Tzu att tr\u00f6ttna p\u00e5 att aldrig f\u00e5 l\u00e4ra sig n\u00e5got om Valhalls fantastiska teknologi. Med en stor s\u00e4ck fylld av Lokes uppfinningar, allt fr\u00e5n iPads till fyrverkerier, flyr hon sedan landet, och som den stora drake hon \u00e4r r\u00e4ddar hon p\u00e5 v\u00e4gen Snorre a.k.a G\u00f6ran fr\u00e5n Brynhildes raseri. <\/p>\n\n\n\n<figure class=\"wp-block-image\"><img loading=\"lazy\" decoding=\"async\" width=\"1269\" height=\"845\" src=\"https:\/\/holgerspexet-public.lysator.liu.se\/wp-content\/uploads\/2019\/03\/hannawilson2015-grupp.jpg\" alt=\"\" class=\"wp-image-670\"\/><figcaption class=\"wp-element-caption\"> Foto: Hanna Wilson (2015) <\/figcaption><\/figure>\n\n\n\n<p>N\u00e4r Brynhilde s\u00e5 gr\u00e5ter ut i pappas armar har Oden \u00e4ntligen f\u00e5tt det som f\u00f6rr, familjefriden \u00e4r tillbaka. Hugin och Munin l\u00f6ser sin konflikt genom att starta egna tidningar, Se&amp;H\u00f6r respektive Exakta Djupg\u00e5ende Drakfria Analyserade Nyheter, varp\u00e5 den senares namn f\u00f6rkortas av den nyv\u00e4rvade redakt\u00f6ren Snorre till EDDAN. Slutet gott, allting gott, trots Lokes alla f\u00f6rs\u00f6k till att skapa kaos. Den enda han lyckades trolla var helt enkelt sig sj\u00e4lv. <\/p>\n\n\n\n<figure class=\"wp-block-image\"><img loading=\"lazy\" decoding=\"async\" width=\"1276\" height=\"848\" src=\"https:\/\/holgerspexet-public.lysator.liu.se\/wp-content\/uploads\/2019\/03\/hannawilson2015-final.jpg\" alt=\"\" class=\"wp-image-671\"\/><figcaption class=\"wp-element-caption\"> Foto: Hanna Wilson (2015) <\/figcaption><\/figure>\n","protected":false},"excerpt":{"rendered":"<p>Brynhilde och draken (2015) Karakt\u00e4rer: Brynhilde, Hugin, Loke, Munin, Oden, Snorre Sturlasson och Sun Tzu Hj\u00e4ltinnan Brynhilde \u00e5terv\u00e4nder till Valhall efter sina resor och stord\u00e5d runt Jorden, bara f\u00f6r att uppt\u00e4cka att hon p\u00e5 hemmaplan \u00e4r helt ok\u00e4nd, trots den k\u00e4rlekskranka skalden Snorre Sturlassons alla s\u00e5nger om henne. Brynhildes pappa Oden vill ha det som f\u00f6rr, och journalisterna tillika syskonen Hugin och Munin bryr sig bara om Sun Tzu, \u201dprofessor\u201d Lokes utbytesstudent fr\u00e5n Kina. Brynhilde beh\u00f6ver ett sista stord\u00e5d f\u00f6r att bli ih\u00e5gkommen \u2013 att dr\u00e4pa en drake. Snorre ser sin chans att \u00e4ntligen imponera p\u00e5 Brynhilde genom att sj\u00e4lv utf\u00f6ra stord\u00e5det, och med den trollande Lokes hj\u00e4lp byggs en mekanisk drake som kan d\u00f6das riskfritt, samtidigt som Sun Tzu blir allt mer nerv\u00f6s \u00f6ver att hennes hemlighet ska avsl\u00f6jas \u2013 att hon f\u00f6rvandlas till en drake om n\u00e4tterna. Brynhilde blir inte alls imponerad \u00f6ver Snorres drakdr\u00e4pande, utan blir ist\u00e4llet&hellip;<\/p>\n<p> <a class=\"more-link\" href=\"https:\/\/holgerspexet.se\/index.php\/om-holgerspexet\/tidigare-spex\/2015-2\/\">Read more<\/a><\/p>\n","protected":false},"author":9,"featured_media":0,"parent":38,"menu_order":5,"comment_status":"closed","ping_status":"closed","template":"","meta":{"inline_featured_image":false,"footnotes":""},"class_list":["post-164","page","type-page","status-publish"],"_links":{"self":[{"href":"https:\/\/holgerspexet.se\/index.php\/wp-json\/wp\/v2\/pages\/164","targetHints":{"allow":["GET"]}}],"collection":[{"href":"https:\/\/holgerspexet.se\/index.php\/wp-json\/wp\/v2\/pages"}],"about":[{"href":"https:\/\/holgerspexet.se\/index.php\/wp-json\/wp\/v2\/types\/page"}],"author":[{"embeddable":true,"href":"https:\/\/holgerspexet.se\/index.php\/wp-json\/wp\/v2\/users\/9"}],"replies":[{"embeddable":true,"href":"https:\/\/holgerspexet.se\/index.php\/wp-json\/wp\/v2\/comments?post=164"}],"version-history":[{"count":9,"href":"https:\/\/holgerspexet.se\/index.php\/wp-json\/wp\/v2\/pages\/164\/revisions"}],"predecessor-version":[{"id":1775,"href":"https:\/\/holgerspexet.se\/index.php\/wp-json\/wp\/v2\/pages\/164\/revisions\/1775"}],"up":[{"embeddable":true,"href":"https:\/\/holgerspexet.se\/index.php\/wp-json\/wp\/v2\/pages\/38"}],"wp:attachment":[{"href":"https:\/\/holgerspexet.se\/index.php\/wp-json\/wp\/v2\/media?parent=164"}],"curies":[{"name":"wp","href":"https:\/\/api.w.org\/{rel}","templated":true}]}}