{"id":170,"date":"2019-03-02T08:38:39","date_gmt":"2019-03-02T08:38:39","guid":{"rendered":"https:\/\/holgerspexet-public.lysator.liu.se\/?page_id=170"},"modified":"2019-04-05T13:45:28","modified_gmt":"2019-04-05T13:45:28","slug":"2013-2","status":"publish","type":"page","link":"https:\/\/holgerspexet.se\/index.php\/om-holgerspexet\/tidigare-spex\/2013-2\/","title":{"rendered":"2013: Drottning Kristina och jakten p\u00e5 dr\u00f6mprinsen"},"content":{"rendered":"\n<h2 class=\"wp-block-heading\">Drottning Kristina och jakten p\u00e5 dr\u00f6mprinsen (2013)<\/h2>\n\n\n\n<figure class=\"wp-block-image\"><img fetchpriority=\"high\" decoding=\"async\" width=\"1295\" height=\"923\" src=\"https:\/\/holgerspexet-public.lysator.liu.se\/wp-content\/uploads\/2019\/03\/emellieerlandsson2014.jpg\" alt=\"\" class=\"wp-image-712\"\/><figcaption>Foto: Emellie Erlandsson (2013)<\/figcaption><\/figure>\n\n\n\n<p><strong>Karakt\u00e4rer<\/strong><em>: Axel Oxenstierna, Drottning Kristina, Katarina, Fredrik III, Karl, Magnus Gabriel de la Gardie, Maria Eleonora, Rene Descartes\/Gustav II Adolf<\/em><\/p>\n\n\n\n<p>P\u00e5 Stockholms slott f\u00f6rsummar Drottning Kristina sitt arbete i v\u00e4ntan p\u00e5 dr\u00f6mprinsens ankomst, uppassad av den k\u00e4rlekskranka men blyga Axel Oxenstierna. F\u00f6r att h\u00e5lla makten borta fr\u00e5n den ondskefulla faster Katarina m\u00e5ste \u00e4nkedrottningen Maria Eleonora styra riket, alltj\u00e4mt b\u00e4randes p\u00e5 sin makes hj\u00e4rta. Allt mer av arbetet delegeras dock till den hunsade kusin Karl. Dessutom smyger det runt en mystisk fransman p\u00e5 slottet, som ingen vet vad de ska g\u00f6ra med, och som kanske rent av \u00e4r Rene Descartes.<\/p>\n\n\n\n<ul class=\"wp-block-gallery columns-3 is-cropped wp-block-gallery-1 is-layout-flex wp-block-gallery-is-layout-flex\"><li class=\"blocks-gallery-item\"><figure><img decoding=\"async\" width=\"660\" height=\"925\" src=\"https:\/\/holgerspexet-public.lysator.liu.se\/wp-content\/uploads\/2019\/03\/emellieerlandsson2014-fasan.jpg\" alt=\"\" data-id=\"713\" data-link=\"https:\/\/holgerspexet-public.lysator.liu.se\/index.php\/test2\/tidigare-spex\/2013-2\/emellieerlandsson2014-fasan\/\" class=\"wp-image-713\"\/><figcaption>Foto: Emellie Erlandsson (2013)<\/figcaption><\/figure><\/li><li class=\"blocks-gallery-item\"><figure><img decoding=\"async\" width=\"654\" height=\"926\" src=\"https:\/\/holgerspexet-public.lysator.liu.se\/wp-content\/uploads\/2019\/03\/emellieerlandsson2014-karl.jpg\" alt=\"\" data-id=\"714\" data-link=\"https:\/\/holgerspexet-public.lysator.liu.se\/index.php\/test2\/tidigare-spex\/2013-2\/emellieerlandsson2014-karl\/\" class=\"wp-image-714\"\/><figcaption> <br>Foto: Emellie Erlandsson (2013) <\/figcaption><\/figure><\/li><li class=\"blocks-gallery-item\"><figure><img loading=\"lazy\" decoding=\"async\" width=\"657\" height=\"926\" src=\"https:\/\/holgerspexet-public.lysator.liu.se\/wp-content\/uploads\/2019\/03\/emellieerlandsson2014-magnus.jpg\" alt=\"\" data-id=\"715\" data-link=\"https:\/\/holgerspexet-public.lysator.liu.se\/index.php\/test2\/tidigare-spex\/2013-2\/emellieerlandsson2014-magnus\/\" class=\"wp-image-715\"\/><figcaption> <br>Foto: Emellie Erlandsson (2013) <\/figcaption><\/figure><\/li><\/ul>\n\n\n\n<p>N\u00e4r s\u00e5 den kaxiga Fredrik III av Danmark anl\u00e4nder, med poeten Magnus Gabriel de la Gardie i sl\u00e4pt\u00e5g, f\u00f6r att g\u00f6ra Kristina till en av sina er\u00f6vringar, \u00e4r det en salig blandning av intriger som b\u00f6rjar v\u00e4vas. Drottning Kristina utf\u00f6r tester f\u00f6r att se om eventuella friare lever upp till Disneys kriterier f\u00f6r kungligheter, samtidigt som b\u00e5de Maria Eleonora, faster Katarina, Fredrik och Axel inser att l\u00f6sningen p\u00e5 deras problem \u00e4r ett mord. Eftersom alla \u00e4r vana vid att ge Karl order blir han lika pl\u00f6tsligt som ofrivilligt en hitman med fyra mord p\u00e5 agendan.<\/p>\n\n\n\n<ul class=\"wp-block-gallery columns-2 is-cropped wp-block-gallery-2 is-layout-flex wp-block-gallery-is-layout-flex\"><li class=\"blocks-gallery-item\"><figure><img loading=\"lazy\" decoding=\"async\" width=\"1292\" height=\"928\" src=\"https:\/\/holgerspexet-public.lysator.liu.se\/wp-content\/uploads\/2019\/03\/emellieerlandsson2014-magnusochfredrik.jpg\" alt=\"\" data-id=\"717\" data-link=\"https:\/\/holgerspexet-public.lysator.liu.se\/index.php\/test2\/tidigare-spex\/2013-2\/emellieerlandsson2014-magnusochfredrik\/\" class=\"wp-image-717\"\/><figcaption> <br>Foto: Emellie Erlandsson (2013) <\/figcaption><\/figure><\/li><li class=\"blocks-gallery-item\"><figure><img loading=\"lazy\" decoding=\"async\" width=\"1300\" height=\"926\" src=\"https:\/\/holgerspexet-public.lysator.liu.se\/wp-content\/uploads\/2019\/03\/emellieerlandsson2014-mariaochadolf.jpg\" alt=\"\" data-id=\"718\" data-link=\"https:\/\/holgerspexet-public.lysator.liu.se\/index.php\/test2\/tidigare-spex\/2013-2\/emellieerlandsson2014-mariaochadolf\/\" class=\"wp-image-718\"\/><figcaption> <br>Foto: Emellie Erlandsson (2013) <\/figcaption><\/figure><\/li><\/ul>\n\n\n\n<p>Trots att Karl bygger en mordmaskin f\u00f6r att uppfylla alla kriterier i mordplanerna \u00e4r det enbart Axel som f\u00f6rolyckas, och det genom just en olycka. Intrigerna nystas upp, Kristina finner k\u00e4rleken i Magnus och de flyr till Rom tillsammans, medan Maria Eleonora best\u00e4mmer sig f\u00f6r att bli galen p\u00e5 heltid. Fredrik och Katarina g\u00f6r upp om makten i en spelomg\u00e5ng av &#8220;Vem vill bli majest\u00e4t&#8221;, men kronan hamnar till slut hos Karl, som f\u00e5r uppr\u00e4ttelse och k\u00f6r ut br\u00e5kmakarna ur landet. Allting slutar gott n\u00e4r Maria Eleonora inser att Descartes inte \u00e4r n\u00e5gon mindre \u00e4n hennes f\u00f6rmodat avlidne make Gustav II Adolf. Hur har han kunnat \u00f6verleva trots att hon har hans hj\u00e4rta? Jo, han t\u00e4nker ju, allts\u00e5 finns han.<\/p>\n\n\n\n<figure class=\"wp-block-image\"><img loading=\"lazy\" decoding=\"async\" width=\"1292\" height=\"929\" src=\"https:\/\/holgerspexet-public.lysator.liu.se\/wp-content\/uploads\/2019\/03\/emellieerlandsson2014-dansen.jpg\" alt=\"\" class=\"wp-image-720\"\/><figcaption> Foto: Emellie Erlandsson (2013)  <br><\/figcaption><\/figure>\n\n\n\n<figure class=\"wp-block-image\"><img loading=\"lazy\" decoding=\"async\" width=\"1296\" height=\"927\" src=\"https:\/\/holgerspexet-public.lysator.liu.se\/wp-content\/uploads\/2019\/03\/emellieerlandsson2014-k\u00f6ren.jpg\" alt=\"\" class=\"wp-image-721\"\/><figcaption> Foto: Emellie Erlandsson (2013)  <\/figcaption><\/figure>\n","protected":false},"excerpt":{"rendered":"<p>Drottning Kristina och jakten p\u00e5 dr\u00f6mprinsen (2013) Karakt\u00e4rer: Axel Oxenstierna, Drottning Kristina, Katarina, Fredrik III, Karl, Magnus Gabriel de la Gardie, Maria Eleonora, Rene Descartes\/Gustav II Adolf P\u00e5 Stockholms slott f\u00f6rsummar Drottning Kristina sitt arbete i v\u00e4ntan p\u00e5 dr\u00f6mprinsens ankomst, uppassad av den k\u00e4rlekskranka men blyga Axel Oxenstierna. F\u00f6r att h\u00e5lla makten borta fr\u00e5n den ondskefulla faster Katarina m\u00e5ste \u00e4nkedrottningen Maria Eleonora styra riket, alltj\u00e4mt b\u00e4randes p\u00e5 sin makes hj\u00e4rta. Allt mer av arbetet delegeras dock till den hunsade kusin Karl. Dessutom smyger det runt en mystisk fransman p\u00e5 slottet, som ingen vet vad de ska g\u00f6ra med, och som kanske rent av \u00e4r Rene Descartes. N\u00e4r s\u00e5 den kaxiga Fredrik III av Danmark anl\u00e4nder, med poeten Magnus Gabriel de la Gardie i sl\u00e4pt\u00e5g, f\u00f6r att g\u00f6ra Kristina till en av sina er\u00f6vringar, \u00e4r det en salig blandning av intriger som b\u00f6rjar v\u00e4vas. Drottning Kristina utf\u00f6r tester f\u00f6r att se&hellip;<\/p>\n<p> <a class=\"more-link\" href=\"https:\/\/holgerspexet.se\/index.php\/om-holgerspexet\/tidigare-spex\/2013-2\/\">Read more<\/a><\/p>\n","protected":false},"author":9,"featured_media":0,"parent":38,"menu_order":7,"comment_status":"closed","ping_status":"closed","template":"","meta":{"inline_featured_image":false,"footnotes":""},"class_list":["post-170","page","type-page","status-publish"],"_links":{"self":[{"href":"https:\/\/holgerspexet.se\/index.php\/wp-json\/wp\/v2\/pages\/170","targetHints":{"allow":["GET"]}}],"collection":[{"href":"https:\/\/holgerspexet.se\/index.php\/wp-json\/wp\/v2\/pages"}],"about":[{"href":"https:\/\/holgerspexet.se\/index.php\/wp-json\/wp\/v2\/types\/page"}],"author":[{"embeddable":true,"href":"https:\/\/holgerspexet.se\/index.php\/wp-json\/wp\/v2\/users\/9"}],"replies":[{"embeddable":true,"href":"https:\/\/holgerspexet.se\/index.php\/wp-json\/wp\/v2\/comments?post=170"}],"version-history":[{"count":8,"href":"https:\/\/holgerspexet.se\/index.php\/wp-json\/wp\/v2\/pages\/170\/revisions"}],"predecessor-version":[{"id":1155,"href":"https:\/\/holgerspexet.se\/index.php\/wp-json\/wp\/v2\/pages\/170\/revisions\/1155"}],"up":[{"embeddable":true,"href":"https:\/\/holgerspexet.se\/index.php\/wp-json\/wp\/v2\/pages\/38"}],"wp:attachment":[{"href":"https:\/\/holgerspexet.se\/index.php\/wp-json\/wp\/v2\/media?parent=170"}],"curies":[{"name":"wp","href":"https:\/\/api.w.org\/{rel}","templated":true}]}}