{"id":1771,"date":"2022-11-04T10:36:03","date_gmt":"2022-11-04T10:36:03","guid":{"rendered":"https:\/\/holgerspexet.se\/?page_id=1771"},"modified":"2022-11-04T10:43:36","modified_gmt":"2022-11-04T10:43:36","slug":"arets-spex","status":"publish","type":"page","link":"https:\/\/holgerspexet.se\/index.php\/om-holgerspexet\/tidigare-spex\/arets-spex\/","title":{"rendered":"2022: Balsamering f\u00f6r s(j)\u00e4len"},"content":{"rendered":"\n<h2 class=\"wp-block-heading\">Balsamering f\u00f6r s(j)\u00e4len<\/h2>\n\n\n\n<p>Jubileumsupps\u00e4ttningen Balsamering f\u00f6r s(j)\u00e4len eller Farao f\u00e4rde utspelar sig \u00e5r 1912 n\u00e4r fartyget Olympics jungfruf\u00e4rd g\u00e5r av stapeln.<br>Spektaklet leds av den mycket erfarne sj\u00f6kaptenen Nic Titan, vars kall i livet \u00e4r att se till sina resen\u00e4rers allra b\u00e4sta. Men hur bem\u00f6ter man allas olika viljor och g\u00f6r samtliga n\u00f6jda?<\/p>\n\n\n\n<p>P\u00e5 skeppet befinner sig en salig blandning av inte helt okomplicerade landkrabbor, d\u00e4ribland Antikhandlaren som s\u00f6ker efter en fristad, d\u00e5 hon i Southampton hamnat p\u00e5 fel sida om lagen. F\u00f6rfattaren Arthur Conan Doyle beh\u00f6ver en lugn och inspirerande plats f\u00f6r att p\u00e5b\u00f6rja sin n\u00e4sta stors\u00e4ljande roman. En hytt med havsutsikt \u00e4r d\u00e4rf\u00f6r en utm\u00e4rkt id\u00e9! Det stryker \u00e4ven omkring en mystisk resen\u00e4r, n\u00e4rmare best\u00e4mt en kvinna som tycks v\u00e4rva medlemmar\u2026 Sa n\u00e5gon illuminati?? F\u00f6r den stackars utslitne Doktor Jones inneb\u00e4r f\u00e4rden hans efterl\u00e4ngtade sista uppdrag som arkeolog, n\u00e4mligen att frakta en f\u00f6rbannad mumie till dess nya hem i New York. G\u00e5r verkligen b\u00e5tar och f\u00f6rbannelser hand i hand? \u00c4sch! Vad \u00e4r det v\u00e4rsta som kan h\u00e4nda?!<\/p>\n\n\n\n<p>Stig ombord innan vi kastar loss och v\u00e5ga flyta med p\u00e5 detta sj\u00f6vilda \u00e4ventyr.<\/p>\n\n\n\n<figure class=\"wp-block-image size-full\"><img fetchpriority=\"high\" decoding=\"async\" width=\"2404\" height=\"1260\" src=\"https:\/\/holgerspexet.se\/wp-content\/uploads\/2022\/11\/Facebook-banner.jpg\" alt=\"\" class=\"wp-image-1772\"\/><\/figure>\n","protected":false},"excerpt":{"rendered":"<p>Balsamering f\u00f6r s(j)\u00e4len Jubileumsupps\u00e4ttningen Balsamering f\u00f6r s(j)\u00e4len eller Farao f\u00e4rde utspelar sig \u00e5r 1912 n\u00e4r fartyget Olympics jungfruf\u00e4rd g\u00e5r av stapeln.Spektaklet leds av den mycket erfarne sj\u00f6kaptenen Nic Titan, vars kall i livet \u00e4r att se till sina resen\u00e4rers allra b\u00e4sta. Men hur bem\u00f6ter man allas olika viljor och g\u00f6r samtliga n\u00f6jda? P\u00e5 skeppet befinner sig en salig blandning av inte helt okomplicerade landkrabbor, d\u00e4ribland Antikhandlaren som s\u00f6ker efter en fristad, d\u00e5 hon i Southampton hamnat p\u00e5 fel sida om lagen. F\u00f6rfattaren Arthur Conan Doyle beh\u00f6ver en lugn och inspirerande plats f\u00f6r att p\u00e5b\u00f6rja sin n\u00e4sta stors\u00e4ljande roman. En hytt med havsutsikt \u00e4r d\u00e4rf\u00f6r en utm\u00e4rkt id\u00e9! Det stryker \u00e4ven omkring en mystisk resen\u00e4r, n\u00e4rmare best\u00e4mt en kvinna som tycks v\u00e4rva medlemmar\u2026 Sa n\u00e5gon illuminati?? F\u00f6r den stackars utslitne Doktor Jones inneb\u00e4r f\u00e4rden hans efterl\u00e4ngtade sista uppdrag som arkeolog, n\u00e4mligen att frakta en f\u00f6rbannad mumie till dess nya hem i&hellip;<\/p>\n<p> <a class=\"more-link\" href=\"https:\/\/holgerspexet.se\/index.php\/om-holgerspexet\/tidigare-spex\/arets-spex\/\">Read more<\/a><\/p>\n","protected":false},"author":9,"featured_media":0,"parent":38,"menu_order":-2,"comment_status":"closed","ping_status":"closed","template":"","meta":{"inline_featured_image":false,"footnotes":""},"class_list":["post-1771","page","type-page","status-publish"],"_links":{"self":[{"href":"https:\/\/holgerspexet.se\/index.php\/wp-json\/wp\/v2\/pages\/1771","targetHints":{"allow":["GET"]}}],"collection":[{"href":"https:\/\/holgerspexet.se\/index.php\/wp-json\/wp\/v2\/pages"}],"about":[{"href":"https:\/\/holgerspexet.se\/index.php\/wp-json\/wp\/v2\/types\/page"}],"author":[{"embeddable":true,"href":"https:\/\/holgerspexet.se\/index.php\/wp-json\/wp\/v2\/users\/9"}],"replies":[{"embeddable":true,"href":"https:\/\/holgerspexet.se\/index.php\/wp-json\/wp\/v2\/comments?post=1771"}],"version-history":[{"count":1,"href":"https:\/\/holgerspexet.se\/index.php\/wp-json\/wp\/v2\/pages\/1771\/revisions"}],"predecessor-version":[{"id":1773,"href":"https:\/\/holgerspexet.se\/index.php\/wp-json\/wp\/v2\/pages\/1771\/revisions\/1773"}],"up":[{"embeddable":true,"href":"https:\/\/holgerspexet.se\/index.php\/wp-json\/wp\/v2\/pages\/38"}],"wp:attachment":[{"href":"https:\/\/holgerspexet.se\/index.php\/wp-json\/wp\/v2\/media?parent=1771"}],"curies":[{"name":"wp","href":"https:\/\/api.w.org\/{rel}","templated":true}]}}