{"id":181,"date":"2019-03-02T09:11:22","date_gmt":"2019-03-02T09:11:22","guid":{"rendered":"https:\/\/holgerspexet-public.lysator.liu.se\/?page_id=181"},"modified":"2019-04-05T13:43:43","modified_gmt":"2019-04-05T13:43:43","slug":"2011-mozart-beethoven","status":"publish","type":"page","link":"https:\/\/holgerspexet.se\/index.php\/om-holgerspexet\/tidigare-spex\/2011-mozart-beethoven\/","title":{"rendered":"2011: Mozart &#038; Beethoven"},"content":{"rendered":"\n<h2 class=\"wp-block-heading\">Mozart &amp; Beethoven (2011)<\/h2>\n\n\n\n<figure class=\"wp-block-image\"><img fetchpriority=\"high\" decoding=\"async\" width=\"2048\" height=\"1358\" src=\"https:\/\/holgerspexet-public.lysator.liu.se\/wp-content\/uploads\/2019\/03\/DSC_9784.jpg\" alt=\"\" class=\"wp-image-811\"\/><figcaption>Foto: P\u00e4r Wieslander (2011)<\/figcaption><\/figure>\n\n\n\n<p><strong>Karakt\u00e4rer<\/strong>: <em>Beethoven, Greve von Strag\u00e9, Katarina, Kejsarinnan Maria, Mozart, Nannerl och Saliveri<\/em><\/p>\n\n\n\n<p>Vid hovet i Wien har kejsarinnan Maria beslutat att anst\u00e4lla en hovkomposit\u00f6rsl\u00e4rling. Bland de s\u00f6kande finns Mozart, vars uppenbara talang imponerar stort p\u00e5 kulturr\u00e5dgivaren greve von Strag\u00e9. Den nuvarande hovkomposit\u00f6ren Saliveri vill hellre anst\u00e4lla den unge Beethoven, som liknar en obeg\u00e5vad slashas. Kejsarinnan kompromissar genom att helt enkelt anst\u00e4lla b\u00e5da tv\u00e5. Under sin tid p\u00e5 slottet blir Mozart och Beethoven b\u00e5de v\u00e4nner och k\u00e4rleksrivaler, d\u00e5 de b\u00e5da f\u00f6r\u00e4lskar sig i den vackra s\u00e5ngerskan Katarina (som lider av landets v\u00e4rsta scenskr\u00e4ck).<\/p>\n\n\n\n<ul class=\"wp-block-gallery columns-3 is-cropped wp-block-gallery-1 is-layout-flex wp-block-gallery-is-layout-flex\"><li class=\"blocks-gallery-item\"><figure><img decoding=\"async\" width=\"1280\" height=\"849\" src=\"https:\/\/holgerspexet-public.lysator.liu.se\/wp-content\/uploads\/2019\/03\/grevevonstrage2011.jpg\" alt=\"\" data-id=\"814\" data-link=\"https:\/\/holgerspexet-public.lysator.liu.se\/index.php\/test2\/tidigare-spex\/2011-mozart-beethoven\/grevevonstrage2011\/\" class=\"wp-image-814\"\/><figcaption>Foto: P\u00e4r Wieslander (2011)<\/figcaption><\/figure><\/li><li class=\"blocks-gallery-item\"><figure><img decoding=\"async\" width=\"560\" height=\"845\" src=\"https:\/\/holgerspexet-public.lysator.liu.se\/wp-content\/uploads\/2019\/03\/beethoven2011-1.jpg\" alt=\"\" data-id=\"830\" data-link=\"https:\/\/holgerspexet-public.lysator.liu.se\/index.php\/test2\/tidigare-spex\/2011-mozart-beethoven\/beethoven2011-2\/\" class=\"wp-image-830\"\/><figcaption>Foto: P\u00e4r Wieslander (2011)<\/figcaption><\/figure><\/li><li class=\"blocks-gallery-item\"><figure><img loading=\"lazy\" decoding=\"async\" width=\"713\" height=\"849\" src=\"https:\/\/holgerspexet-public.lysator.liu.se\/wp-content\/uploads\/2019\/03\/katarina2011-1.jpg\" alt=\"\" data-id=\"834\" data-link=\"https:\/\/holgerspexet-public.lysator.liu.se\/index.php\/test2\/tidigare-spex\/2011-mozart-beethoven\/katarina2011-2\/\" class=\"wp-image-834\"\/><figcaption>Foto: P\u00e4r Wieslander (2011)<\/figcaption><\/figure><\/li><\/ul>\n\n\n\n<p>Efter en s\u00e4rskilt vild maskeradbal uppt\u00e4cker Mozart att han g\u00e5tt med p\u00e5 att komponera en helt ny konsert till helgen. Detta \u00e4r ett stort problem, eftersom han egentligen inte kan komponera &#8211; det \u00e4r hans storasyster Nannerl som skapat alla hans verk. Under tiden finner Beethoven att han blivit d\u00f6v p\u00e5 ena \u00f6rat genom att d\u00e4cka p\u00e5 en flygel som Mozart spelade p\u00e5 hela kv\u00e4llen.<\/p>\n\n\n\n<ul class=\"wp-block-gallery columns-2 is-cropped wp-block-gallery-2 is-layout-flex wp-block-gallery-is-layout-flex\"><li class=\"blocks-gallery-item\"><figure><img loading=\"lazy\" decoding=\"async\" width=\"736\" height=\"845\" src=\"https:\/\/holgerspexet-public.lysator.liu.se\/wp-content\/uploads\/2019\/03\/kejsarinnanochsaliveri2011.jpg\" alt=\"\" data-id=\"832\" data-link=\"https:\/\/holgerspexet-public.lysator.liu.se\/index.php\/test2\/tidigare-spex\/2011-mozart-beethoven\/kejsarinnanochsaliveri2011\/\" class=\"wp-image-832\"\/><figcaption> <br>Foto: P\u00e4r Wieslander (2011) <\/figcaption><\/figure><\/li><li class=\"blocks-gallery-item\"><figure><img loading=\"lazy\" decoding=\"async\" width=\"1136\" height=\"848\" src=\"https:\/\/holgerspexet-public.lysator.liu.se\/wp-content\/uploads\/2019\/03\/mozartochnannerl2011.jpg\" alt=\"\" data-id=\"833\" data-link=\"https:\/\/holgerspexet-public.lysator.liu.se\/index.php\/test2\/tidigare-spex\/2011-mozart-beethoven\/mozartochnannerl2011\/\" class=\"wp-image-833\"\/><figcaption> <br>Foto: P\u00e4r Wieslander (2011) <\/figcaption><\/figure><\/li><\/ul>\n\n\n\n<p>Greve von Strag\u00e9 uppt\u00e4cker att Saliveri f\u00f6rf\u00f6rt Maria och utnyttjar deras f\u00f6rh\u00e5llande f\u00f6r att s\u00e4kra sin anst\u00e4llning. N\u00e4r kejsarinnan f\u00e5r nys om detta blir hon fullst\u00e4ndigt rasande och avskedar Saliveri. Det drar ihop sig mot konsert, och Mozart lyckas \u00f6vertala Katarina att sjunga. Han och Beethoven f\u00f6rs\u00f6ker bota hennes scenskr\u00e4ck genom att leda upp henne p\u00e5 en scen med \u00f6gonbindel, och sedan rycka bort den. Det resulterande f\u00f6rskr\u00e4ckta skriet g\u00f6r Beethoven d\u00f6v p\u00e5 andra \u00f6rat. Mozart d\u00e4remot \u00e4r helt h\u00e4nf\u00f6rd, och k\u00e4nner att detta kan vara grunden till en ny sorts musik &#8211; rock!<\/p>\n\n\n\n<figure class=\"wp-block-image\"><img loading=\"lazy\" decoding=\"async\" width=\"1282\" height=\"850\" src=\"https:\/\/holgerspexet-public.lysator.liu.se\/wp-content\/uploads\/2019\/03\/maskeradfest2011.jpg\" alt=\"\" class=\"wp-image-828\"\/><figcaption>Foto: P\u00e4r Wieslander (2011)<\/figcaption><\/figure>\n\n\n\n<p>Det uppdagas att Mozart ljugit om sin kompositionf\u00f6rm\u00e5ga, men Katarina \u00f6vertalar alla att f\u00f6rl\u00e5ta honom eftersom \u201cdet blir trevligare s\u00e5\u201d. Triangeldramat l\u00f6ses p\u00e5 enklast m\u00f6jliga s\u00e4tt: Polyamori! Nannerl f\u00e5r Saliveris gamla jobb och den nya trion ger sig ut p\u00e5 v\u00e4rldsturn\u00e9!<\/p>\n\n\n\n<figure class=\"wp-block-image\"><img loading=\"lazy\" decoding=\"async\" width=\"1282\" height=\"843\" src=\"https:\/\/holgerspexet-public.lysator.liu.se\/wp-content\/uploads\/2019\/03\/koren2011.jpg\" alt=\"\" class=\"wp-image-826\"\/><figcaption>Foto: P\u00e4r Wieslander (2011)<\/figcaption><\/figure>\n\n\n\n<figure class=\"wp-block-image\"><img loading=\"lazy\" decoding=\"async\" width=\"1176\" height=\"847\" src=\"https:\/\/holgerspexet-public.lysator.liu.se\/wp-content\/uploads\/2019\/03\/aktfinal2011.jpg\" alt=\"\" class=\"wp-image-835\"\/><figcaption>Foto: P\u00e4r Wieslander (2011)<\/figcaption><\/figure>\n","protected":false},"excerpt":{"rendered":"<p>Mozart &amp; Beethoven (2011) Karakt\u00e4rer: Beethoven, Greve von Strag\u00e9, Katarina, Kejsarinnan Maria, Mozart, Nannerl och Saliveri Vid hovet i Wien har kejsarinnan Maria beslutat att anst\u00e4lla en hovkomposit\u00f6rsl\u00e4rling. Bland de s\u00f6kande finns Mozart, vars uppenbara talang imponerar stort p\u00e5 kulturr\u00e5dgivaren greve von Strag\u00e9. Den nuvarande hovkomposit\u00f6ren Saliveri vill hellre anst\u00e4lla den unge Beethoven, som liknar en obeg\u00e5vad slashas. Kejsarinnan kompromissar genom att helt enkelt anst\u00e4lla b\u00e5da tv\u00e5. Under sin tid p\u00e5 slottet blir Mozart och Beethoven b\u00e5de v\u00e4nner och k\u00e4rleksrivaler, d\u00e5 de b\u00e5da f\u00f6r\u00e4lskar sig i den vackra s\u00e5ngerskan Katarina (som lider av landets v\u00e4rsta scenskr\u00e4ck). Efter en s\u00e4rskilt vild maskeradbal uppt\u00e4cker Mozart att han g\u00e5tt med p\u00e5 att komponera en helt ny konsert till helgen. Detta \u00e4r ett stort problem, eftersom han egentligen inte kan komponera &#8211; det \u00e4r hans storasyster Nannerl som skapat alla hans verk. Under tiden finner Beethoven att han blivit d\u00f6v p\u00e5 ena \u00f6rat genom&hellip;<\/p>\n<p> <a class=\"more-link\" href=\"https:\/\/holgerspexet.se\/index.php\/om-holgerspexet\/tidigare-spex\/2011-mozart-beethoven\/\">Read more<\/a><\/p>\n","protected":false},"author":9,"featured_media":0,"parent":38,"menu_order":10,"comment_status":"closed","ping_status":"closed","template":"","meta":{"inline_featured_image":false,"footnotes":""},"class_list":["post-181","page","type-page","status-publish"],"_links":{"self":[{"href":"https:\/\/holgerspexet.se\/index.php\/wp-json\/wp\/v2\/pages\/181","targetHints":{"allow":["GET"]}}],"collection":[{"href":"https:\/\/holgerspexet.se\/index.php\/wp-json\/wp\/v2\/pages"}],"about":[{"href":"https:\/\/holgerspexet.se\/index.php\/wp-json\/wp\/v2\/types\/page"}],"author":[{"embeddable":true,"href":"https:\/\/holgerspexet.se\/index.php\/wp-json\/wp\/v2\/users\/9"}],"replies":[{"embeddable":true,"href":"https:\/\/holgerspexet.se\/index.php\/wp-json\/wp\/v2\/comments?post=181"}],"version-history":[{"count":14,"href":"https:\/\/holgerspexet.se\/index.php\/wp-json\/wp\/v2\/pages\/181\/revisions"}],"predecessor-version":[{"id":1150,"href":"https:\/\/holgerspexet.se\/index.php\/wp-json\/wp\/v2\/pages\/181\/revisions\/1150"}],"up":[{"embeddable":true,"href":"https:\/\/holgerspexet.se\/index.php\/wp-json\/wp\/v2\/pages\/38"}],"wp:attachment":[{"href":"https:\/\/holgerspexet.se\/index.php\/wp-json\/wp\/v2\/media?parent=181"}],"curies":[{"name":"wp","href":"https:\/\/api.w.org\/{rel}","templated":true}]}}