{"id":183,"date":"2019-03-02T09:13:08","date_gmt":"2019-03-02T09:13:08","guid":{"rendered":"https:\/\/holgerspexet-public.lysator.liu.se\/?page_id=183"},"modified":"2019-04-05T13:44:51","modified_gmt":"2019-04-05T13:44:51","slug":"2012-spex-sm-varldsomstallningen-i-paris","status":"publish","type":"page","link":"https:\/\/holgerspexet.se\/index.php\/om-holgerspexet\/tidigare-spex\/2012-spex-sm-varldsomstallningen-i-paris\/","title":{"rendered":"2012: V\u00e4rldsomst\u00e4llningen i Paris (Spex-SM)"},"content":{"rendered":"\n<h2 class=\"wp-block-heading\">V\u00e4rldsomst\u00e4llningen i Paris <br>(Spex-SM, 2012)<\/h2>\n\n\n\n<figure class=\"wp-block-image\"><img fetchpriority=\"high\" decoding=\"async\" width=\"960\" height=\"636\" src=\"https:\/\/holgerspexet-public.lysator.liu.se\/wp-content\/uploads\/2019\/03\/549209_287496601344528_1137266850_n.jpg\" alt=\"\" class=\"wp-image-464\"\/><\/figure>\n\n\n\n<p><strong>Karakt\u00e4rer<\/strong>: <em>George Boulanger, Gustave Eiffel, Henri de Toulouse-Lautrec, John Ericsson, Madame Moulin, Marguerite Bonaparte och Nikola Tesla<\/em><\/p>\n\n\n\n<p>Tillsammans med Link\u00f6pings andra spexf\u00f6rening skapades 2012 &#8220;Link\u00f6pings f\u00f6renade studentspex oekonomisk f\u00f6rening&#8221; som deltog i Spex-SM med entimmes-spexet <em>V\u00e4rldsomst\u00e4llningen i Paris<\/em>. F\u00f6r detta bel\u00f6nades man med utm\u00e4rkelserna &#8220;B\u00e4sta manus&#8221;, &#8220;B\u00e4sta scenografi&#8221; samt &#8220;Sveriges b\u00e4sta spex&#8221;.<\/p>\n\n\n\n<ul class=\"wp-block-gallery columns-3 is-cropped wp-block-gallery-1 is-layout-flex wp-block-gallery-is-layout-flex\"><li class=\"blocks-gallery-item\"><figure><img decoding=\"async\" width=\"636\" height=\"960\" src=\"https:\/\/holgerspexet-public.lysator.liu.se\/wp-content\/uploads\/2019\/03\/535325_287496158011239_1746289836_n.jpg\" alt=\"\" data-id=\"466\" data-link=\"https:\/\/holgerspexet-public.lysator.liu.se\/index.php\/test2\/tidigare-spex\/2012-spex-sm-varldsomstallningen-i-paris\/535325_287496158011239_1746289836_n\/\" class=\"wp-image-466\"\/><\/figure><\/li><li class=\"blocks-gallery-item\"><figure><img decoding=\"async\" width=\"636\" height=\"960\" src=\"https:\/\/holgerspexet-public.lysator.liu.se\/wp-content\/uploads\/2019\/03\/541180_287496091344579_1217585047_n.jpg\" alt=\"\" data-id=\"467\" data-link=\"https:\/\/holgerspexet-public.lysator.liu.se\/index.php\/test2\/tidigare-spex\/2012-spex-sm-varldsomstallningen-i-paris\/541180_287496091344579_1217585047_n\/\" class=\"wp-image-467\"\/><\/figure><\/li><li class=\"blocks-gallery-item\"><figure><img loading=\"lazy\" decoding=\"async\" width=\"636\" height=\"960\" src=\"https:\/\/holgerspexet-public.lysator.liu.se\/wp-content\/uploads\/2019\/03\/542061_287496108011244_1524156779_n.jpg\" alt=\"\" data-id=\"468\" data-link=\"https:\/\/holgerspexet-public.lysator.liu.se\/index.php\/test2\/tidigare-spex\/2012-spex-sm-varldsomstallningen-i-paris\/542061_287496108011244_1524156779_n\/\" class=\"wp-image-468\"\/><\/figure><\/li><\/ul>\n\n\n\n<p>I V\u00e4rldsomst\u00e4llningen i Paris m\u00f6ter vi den onda Marguerite Bonaparte, Napoleons \u00e4ttling i rakt snedstigande led, som genom sin korkade och l\u00e4ttledde man Georges Boulanger f\u00f6rs\u00f6ker ta makten i Paris och v\u00e4rlden genom att anordna en v\u00e4rldsutst\u00e4llning. Med Nikola Teslas nya mediekommunikationsteknik planerar hon att hj\u00e4rntv\u00e4tta alla statschefer under den stora invigningen. Gustave Eiffel f\u00e5r i uppdrag att bygga ett h\u00f6gt torn och Henri de Toulouse-Lautrec ska skapa affischer med subliminal funktion. Eiffel och Toulouse-Lautrec bor sedan studenttiden tillsammans hutl\u00f6st dyrt hos den lika sn\u00e5la som aff\u00e4rsm\u00e4ssiga Madame Moulin, som envisas med att hysa in inneboende efter inneboende i den lilla smatten och st\u00e4ndigt h\u00f6ja hyran.<\/p>\n\n\n\n<figure class=\"wp-block-image\"><img loading=\"lazy\" decoding=\"async\" width=\"960\" height=\"636\" src=\"https:\/\/holgerspexet-public.lysator.liu.se\/wp-content\/uploads\/2019\/03\/579805_287497374677784_1152930641_n.jpg\" alt=\"\" class=\"wp-image-473\"\/><\/figure>\n\n\n\n<p>Medan Madame Moulin startar en klubb d\u00e4r hennes inneboende flickor kan dansa cancan f\u00f6r betalande bes\u00f6kare anl\u00e4nder den vr\u00e4kige amerikanen John Ericsson till v\u00e4rldsutst\u00e4llningen. Genast st\u00f6ter han p\u00e5 Marguerite, som hj\u00e4rntv\u00e4ttar honom med Teslas teknik och Toulouse-Lautrecs affischer (hon str\u00e5lar helt enkelt hela YouTube och Memebase rakt in i Ericssons hj\u00e4rna) f\u00f6r att kunna stj\u00e4la hans bidrag till v\u00e4rldsutst\u00e4llningen, den stora roboten Monitor II.<\/p>\n\n\n\n<figure class=\"wp-block-image\"><img loading=\"lazy\" decoding=\"async\" width=\"960\" height=\"636\" src=\"https:\/\/holgerspexet-public.lysator.liu.se\/wp-content\/uploads\/2019\/03\/535144_287497574677764_1920819119_n.jpg\" alt=\"\" class=\"wp-image-472\"\/><\/figure>\n\n\n\n<p>Den stora invigningen kommer, och Eiffel och Toulouse-Lautrec f\u00f6rs\u00f6ker f\u00f6rg\u00e4ves stoppa Marguerites och Teslas onda plan. Det blir ist\u00e4llet den trocadero-spillande Georges som s\u00e4tter k\u00e4ppar i hjulet och sabbar maskinen. Marguerite h\u00e4mtar d\u00e5 Monitor II, och med denna j\u00e4tte-mecha lyfter hon upp Tesla mot Eiffeltornets topp f\u00f6r att starta hj\u00e4rntv\u00e4tten d\u00e4r uppifr\u00e5n. \u00c4n en g\u00e5ng lyser Fru Fortuna med sin fr\u00e5nvaro f\u00f6r spexets skurkar n\u00e4r blixten sl\u00e5r ned i Mechan, vars kopparh\u00f6lje \u00e4rgar och hon fastnar i en v\u00e4lbekant pose. Slutet gott, allting gott, och den fula statyn Mechan nu blivit f\u00e5r Ericsson ta med sig hem till USA igen, f\u00f6r att ha som landm\u00e4rke.<\/p>\n\n\n\n<figure class=\"wp-block-image\"><img loading=\"lazy\" decoding=\"async\" width=\"960\" height=\"636\" src=\"https:\/\/holgerspexet-public.lysator.liu.se\/wp-content\/uploads\/2019\/03\/534218_287495871344601_1415910045_n.jpg\" alt=\"\" class=\"wp-image-470\"\/><\/figure>\n","protected":false},"excerpt":{"rendered":"<p>V\u00e4rldsomst\u00e4llningen i Paris (Spex-SM, 2012) Karakt\u00e4rer: George Boulanger, Gustave Eiffel, Henri de Toulouse-Lautrec, John Ericsson, Madame Moulin, Marguerite Bonaparte och Nikola Tesla Tillsammans med Link\u00f6pings andra spexf\u00f6rening skapades 2012 &#8220;Link\u00f6pings f\u00f6renade studentspex oekonomisk f\u00f6rening&#8221; som deltog i Spex-SM med entimmes-spexet V\u00e4rldsomst\u00e4llningen i Paris. F\u00f6r detta bel\u00f6nades man med utm\u00e4rkelserna &#8220;B\u00e4sta manus&#8221;, &#8220;B\u00e4sta scenografi&#8221; samt &#8220;Sveriges b\u00e4sta spex&#8221;. I V\u00e4rldsomst\u00e4llningen i Paris m\u00f6ter vi den onda Marguerite Bonaparte, Napoleons \u00e4ttling i rakt snedstigande led, som genom sin korkade och l\u00e4ttledde man Georges Boulanger f\u00f6rs\u00f6ker ta makten i Paris och v\u00e4rlden genom att anordna en v\u00e4rldsutst\u00e4llning. Med Nikola Teslas nya mediekommunikationsteknik planerar hon att hj\u00e4rntv\u00e4tta alla statschefer under den stora invigningen. Gustave Eiffel f\u00e5r i uppdrag att bygga ett h\u00f6gt torn och Henri de Toulouse-Lautrec ska skapa affischer med subliminal funktion. Eiffel och Toulouse-Lautrec bor sedan studenttiden tillsammans hutl\u00f6st dyrt hos den lika sn\u00e5la som aff\u00e4rsm\u00e4ssiga Madame Moulin, som envisas med att&hellip;<\/p>\n<p> <a class=\"more-link\" href=\"https:\/\/holgerspexet.se\/index.php\/om-holgerspexet\/tidigare-spex\/2012-spex-sm-varldsomstallningen-i-paris\/\">Read more<\/a><\/p>\n","protected":false},"author":9,"featured_media":0,"parent":38,"menu_order":9,"comment_status":"closed","ping_status":"closed","template":"","meta":{"inline_featured_image":false,"footnotes":""},"class_list":["post-183","page","type-page","status-publish"],"_links":{"self":[{"href":"https:\/\/holgerspexet.se\/index.php\/wp-json\/wp\/v2\/pages\/183","targetHints":{"allow":["GET"]}}],"collection":[{"href":"https:\/\/holgerspexet.se\/index.php\/wp-json\/wp\/v2\/pages"}],"about":[{"href":"https:\/\/holgerspexet.se\/index.php\/wp-json\/wp\/v2\/types\/page"}],"author":[{"embeddable":true,"href":"https:\/\/holgerspexet.se\/index.php\/wp-json\/wp\/v2\/users\/9"}],"replies":[{"embeddable":true,"href":"https:\/\/holgerspexet.se\/index.php\/wp-json\/wp\/v2\/comments?post=183"}],"version-history":[{"count":9,"href":"https:\/\/holgerspexet.se\/index.php\/wp-json\/wp\/v2\/pages\/183\/revisions"}],"predecessor-version":[{"id":1153,"href":"https:\/\/holgerspexet.se\/index.php\/wp-json\/wp\/v2\/pages\/183\/revisions\/1153"}],"up":[{"embeddable":true,"href":"https:\/\/holgerspexet.se\/index.php\/wp-json\/wp\/v2\/pages\/38"}],"wp:attachment":[{"href":"https:\/\/holgerspexet.se\/index.php\/wp-json\/wp\/v2\/media?parent=183"}],"curies":[{"name":"wp","href":"https:\/\/api.w.org\/{rel}","templated":true}]}}