{"id":188,"date":"2019-03-02T09:19:03","date_gmt":"2019-03-02T09:19:03","guid":{"rendered":"https:\/\/holgerspexet-public.lysator.liu.se\/?page_id=188"},"modified":"2019-04-05T13:43:03","modified_gmt":"2019-04-05T13:43:03","slug":"2009-mot-kanten-av-atlanten","status":"publish","type":"page","link":"https:\/\/holgerspexet.se\/index.php\/om-holgerspexet\/tidigare-spex\/2009-mot-kanten-av-atlanten\/","title":{"rendered":"2009: Mot kanten av Atlanten"},"content":{"rendered":"\n<h2 class=\"wp-block-heading\">Mot kanten av Atlanten (2009)<\/h2>\n\n\n\n<figure class=\"wp-block-image\"><img fetchpriority=\"high\" decoding=\"async\" width=\"1273\" height=\"853\" src=\"https:\/\/holgerspexet-public.lysator.liu.se\/wp-content\/uploads\/2019\/04\/motkantenavatlantengrupp2009.jpg\" alt=\"\" class=\"wp-image-975\"\/><figcaption>Foto: Rikard Nordin (2009)<\/figcaption><\/figure>\n\n\n\n<p><strong>Karakt\u00e4rer<\/strong>: <em>Christopher Columbus, kapten Nemo, kung Ferdinand, Leonardo da Vinci\/Lisa, Matadoren och prinsessan Johanna\/Tittiloppa<\/em><\/p>\n\n\n\n<p>Konungarikets kryddreserver b\u00f6rjar sina och leveranserna dr\u00f6jer. Kung Ferdinand av Spanien skickar d\u00e4rf\u00f6r iv\u00e4g sin gode v\u00e4n Kapten Nemo sj\u00f6v\u00e4gen till Indien f\u00f6r att handla kryddor. Till kapten Nemos bes\u00e4ttning s\u00f6ker tre omaka karakt\u00e4rer: Kungens egen dotter, prinsessan Johanna har kl\u00e4tt ut sig i trasor och kallar sig Tittiloppa. Leonardo da Vinci har kl\u00e4tt ut sig till kvinna f\u00f6r att kvoteras in och kallar sig Lisa. Den inkompetente tjurf\u00e4ktaren har s\u00e5 l\u00e5ngt namn att han bara f\u00f6r kallas f\u00f6r Matadoren.<\/p>\n\n\n\n<ul class=\"wp-block-gallery columns-2 is-cropped wp-block-gallery-1 is-layout-flex wp-block-gallery-is-layout-flex\"><li class=\"blocks-gallery-item\"><figure><img decoding=\"async\" width=\"1272\" height=\"847\" src=\"https:\/\/holgerspexet-public.lysator.liu.se\/wp-content\/uploads\/2019\/04\/johanna2009.jpg\" alt=\"\" data-id=\"976\" data-link=\"https:\/\/holgerspexet-public.lysator.liu.se\/index.php\/test2\/tidigare-spex\/2009-mot-kanten-av-atlanten\/johanna2009\/\" class=\"wp-image-976\"\/><figcaption>Foto: Rikard Nordin (2009)<\/figcaption><\/figure><\/li><li class=\"blocks-gallery-item\"><figure><img decoding=\"async\" width=\"1270\" height=\"844\" src=\"https:\/\/holgerspexet-public.lysator.liu.se\/wp-content\/uploads\/2019\/04\/leonardo2009.jpg\" alt=\"\" data-id=\"977\" data-link=\"https:\/\/holgerspexet-public.lysator.liu.se\/index.php\/test2\/tidigare-spex\/2009-mot-kanten-av-atlanten\/leonardo2009\/\" class=\"wp-image-977\"\/><figcaption>Foto: Rikard Nordin (2009)<\/figcaption><\/figure><\/li><\/ul>\n\n\n\n<p>Ute p\u00e5 havet lyckas Matadoren hugga av masten i ett f\u00e5f\u00e4ngt f\u00f6rs\u00f6k att imponera p\u00e5 Johanna. Kapten Nemo lyckas g\u00e5 vilse p\u00e5 Kanarie\u00f6arna d\u00e4r de tvingats stanna f\u00f6r att laga masten. Ny kapten blir den unge Christofer Columbus som beslutar att segla v\u00e4sterut till Indien. Matadoren f\u00f6rs\u00f6ker i smyg v\u00e4nda b\u00e5ten i sin \u00f6vertygelse att de \u00e4r p\u00e5 v\u00e4g \u00f6ver jordens kant. En dimmig natt g\u00e5r de p\u00e5 grund och Matadoren f\u00e5r gr\u00e4va dem loss.<\/p>\n\n\n\n<ul class=\"wp-block-gallery columns-2 is-cropped wp-block-gallery-2 is-layout-flex wp-block-gallery-is-layout-flex\"><li class=\"blocks-gallery-item\"><figure><img loading=\"lazy\" decoding=\"async\" width=\"1276\" height=\"842\" src=\"https:\/\/holgerspexet-public.lysator.liu.se\/wp-content\/uploads\/2019\/04\/kaptennemo2009.jpg\" alt=\"\" data-id=\"981\" data-link=\"https:\/\/holgerspexet-public.lysator.liu.se\/index.php\/test2\/tidigare-spex\/2009-mot-kanten-av-atlanten\/kaptennemo2009\/\" class=\"wp-image-981\"\/><figcaption>Foto: Rikard Nordin (2009)<\/figcaption><\/figure><\/li><li class=\"blocks-gallery-item\"><figure><img loading=\"lazy\" decoding=\"async\" width=\"1274\" height=\"850\" src=\"https:\/\/holgerspexet-public.lysator.liu.se\/wp-content\/uploads\/2019\/04\/kungferdinand2009.jpg\" alt=\"\" data-id=\"982\" data-link=\"https:\/\/holgerspexet-public.lysator.liu.se\/index.php\/test2\/tidigare-spex\/2009-mot-kanten-av-atlanten\/kungferdinand2009\/\" class=\"wp-image-982\"\/><figcaption>Foto: Rikard Nordin (2009)<\/figcaption><\/figure><\/li><\/ul>\n\n\n\n<figure class=\"wp-block-image\"><img loading=\"lazy\" decoding=\"async\" width=\"1276\" height=\"844\" src=\"https:\/\/holgerspexet-public.lysator.liu.se\/wp-content\/uploads\/2019\/04\/motkantenavatlantendans2009.jpg\" alt=\"\" class=\"wp-image-988\"\/><figcaption>Foto: Rikard Nordin (2009)<\/figcaption><\/figure>\n\n\n\n<p>Den intima tiden p\u00e5 skeppet f\u00e5r bes\u00e4ttningsmedlemmarna att fatta tycke f\u00f6r varandra. V\u00e4l framme i Indien blir bes\u00e4ttningen lurade att de kommit till fel kontinent, ty indierna vill inte exportera mer kryddor till Europa. V\u00e5ra v\u00e4nner v\u00e4nder hem\u00e5t; Johanna och Columbus f\u00f6r att gifta sig och Matadoren och Leonardo da Vinci f\u00f6r att ing\u00e5 partnerskap. Indierna finner Columbus bloggbok och inser att Matadoren gr\u00e4vt en Panamakanal.<\/p>\n\n\n\n<figure class=\"wp-block-image\"><img loading=\"lazy\" decoding=\"async\" width=\"1270\" height=\"844\" src=\"https:\/\/holgerspexet-public.lysator.liu.se\/wp-content\/uploads\/2019\/04\/motkantenavatlanten2009.jpg\" alt=\"\" class=\"wp-image-985\"\/><figcaption>Foto: Rikard Nordin (2009)<\/figcaption><\/figure>\n\n\n\n<p><\/p>\n","protected":false},"excerpt":{"rendered":"<p>Mot kanten av Atlanten (2009) Karakt\u00e4rer: Christopher Columbus, kapten Nemo, kung Ferdinand, Leonardo da Vinci\/Lisa, Matadoren och prinsessan Johanna\/Tittiloppa Konungarikets kryddreserver b\u00f6rjar sina och leveranserna dr\u00f6jer. Kung Ferdinand av Spanien skickar d\u00e4rf\u00f6r iv\u00e4g sin gode v\u00e4n Kapten Nemo sj\u00f6v\u00e4gen till Indien f\u00f6r att handla kryddor. Till kapten Nemos bes\u00e4ttning s\u00f6ker tre omaka karakt\u00e4rer: Kungens egen dotter, prinsessan Johanna har kl\u00e4tt ut sig i trasor och kallar sig Tittiloppa. Leonardo da Vinci har kl\u00e4tt ut sig till kvinna f\u00f6r att kvoteras in och kallar sig Lisa. Den inkompetente tjurf\u00e4ktaren har s\u00e5 l\u00e5ngt namn att han bara f\u00f6r kallas f\u00f6r Matadoren. Ute p\u00e5 havet lyckas Matadoren hugga av masten i ett f\u00e5f\u00e4ngt f\u00f6rs\u00f6k att imponera p\u00e5 Johanna. Kapten Nemo lyckas g\u00e5 vilse p\u00e5 Kanarie\u00f6arna d\u00e4r de tvingats stanna f\u00f6r att laga masten. Ny kapten blir den unge Christofer Columbus som beslutar att segla v\u00e4sterut till Indien. Matadoren f\u00f6rs\u00f6ker i smyg v\u00e4nda b\u00e5ten&hellip;<\/p>\n<p> <a class=\"more-link\" href=\"https:\/\/holgerspexet.se\/index.php\/om-holgerspexet\/tidigare-spex\/2009-mot-kanten-av-atlanten\/\">Read more<\/a><\/p>\n","protected":false},"author":9,"featured_media":0,"parent":38,"menu_order":12,"comment_status":"closed","ping_status":"closed","template":"","meta":{"inline_featured_image":false,"footnotes":""},"class_list":["post-188","page","type-page","status-publish"],"_links":{"self":[{"href":"https:\/\/holgerspexet.se\/index.php\/wp-json\/wp\/v2\/pages\/188","targetHints":{"allow":["GET"]}}],"collection":[{"href":"https:\/\/holgerspexet.se\/index.php\/wp-json\/wp\/v2\/pages"}],"about":[{"href":"https:\/\/holgerspexet.se\/index.php\/wp-json\/wp\/v2\/types\/page"}],"author":[{"embeddable":true,"href":"https:\/\/holgerspexet.se\/index.php\/wp-json\/wp\/v2\/users\/9"}],"replies":[{"embeddable":true,"href":"https:\/\/holgerspexet.se\/index.php\/wp-json\/wp\/v2\/comments?post=188"}],"version-history":[{"count":7,"href":"https:\/\/holgerspexet.se\/index.php\/wp-json\/wp\/v2\/pages\/188\/revisions"}],"predecessor-version":[{"id":1148,"href":"https:\/\/holgerspexet.se\/index.php\/wp-json\/wp\/v2\/pages\/188\/revisions\/1148"}],"up":[{"embeddable":true,"href":"https:\/\/holgerspexet.se\/index.php\/wp-json\/wp\/v2\/pages\/38"}],"wp:attachment":[{"href":"https:\/\/holgerspexet.se\/index.php\/wp-json\/wp\/v2\/media?parent=188"}],"curies":[{"name":"wp","href":"https:\/\/api.w.org\/{rel}","templated":true}]}}