{"id":193,"date":"2019-03-03T12:38:03","date_gmt":"2019-03-03T12:38:03","guid":{"rendered":"https:\/\/holgerspexet-public.lysator.liu.se\/?page_id=193"},"modified":"2019-04-05T13:42:25","modified_gmt":"2019-04-05T13:42:25","slug":"2007-arthur","status":"publish","type":"page","link":"https:\/\/holgerspexet.se\/index.php\/om-holgerspexet\/tidigare-spex\/2007-arthur\/","title":{"rendered":"2007: Arthur"},"content":{"rendered":"\n<h2 class=\"wp-block-heading\">Arthur (2007)<\/h2>\n\n\n\n<figure class=\"wp-block-image\"><img fetchpriority=\"high\" decoding=\"async\" width=\"1024\" height=\"683\" src=\"https:\/\/holgerspexet-public.lysator.liu.se\/wp-content\/uploads\/2019\/04\/mg_1130.jpg\" alt=\"\" class=\"wp-image-1036\"\/><figcaption>Foto: Fredrik Linusson (2007)<\/figcaption><\/figure>\n\n\n\n<p><strong>Karakt\u00e4rer<\/strong>: <em>Arthur, Gemilia, Geni-Vera, Lancelot, Leprechaun, Merlin, Morgana, (S\u00e4nkt) Patrik<\/em><\/p>\n\n\n\n<p>I slottet Camelot verkar allt vara frid och fr\u00f6jd, men under ytan bubblar problemen. Merlins trollstav har kommit bort, s\u00e5 hans magiska krafter \u00e4r borta. Arthur har ekonomiska problem, och de blir inte b\u00e4ttre av att hans hustru Geni-Vera st\u00e4ndigt ordnar dyra fester och galamiddagar. Dessutom har Arthurs gamle barndomskamrat och Merlins l\u00e4rjunge (S\u00e4nkt) Patrik kommit p\u00e5 bes\u00f6k fr\u00e5n Irland med nya ljugarhistorier i bagaget, fast egentligen beror hans resa bara p\u00e5 hans obek\u00e4nda f\u00f6r\u00e4lskelse i Arthurs syster Morgana. Ist\u00e4llet ber\u00e4ttar han uppdiktade historier f\u00f6r henne f\u00f6r att imponera. Det leder till att Morgana f\u00e5r panik. Hennes astrologiska tro \u00e4r hotad av den nya l\u00e4ran som Patrik pratar om.<\/p>\n\n\n\n<ul class=\"wp-block-gallery columns-2 is-cropped wp-block-gallery-1 is-layout-flex wp-block-gallery-is-layout-flex\"><li class=\"blocks-gallery-item\"><figure><img decoding=\"async\" width=\"683\" height=\"1024\" src=\"https:\/\/holgerspexet-public.lysator.liu.se\/wp-content\/uploads\/2019\/04\/mg_1158.jpg\" alt=\"\" data-id=\"1038\" data-link=\"https:\/\/holgerspexet-public.lysator.liu.se\/index.php\/test2\/tidigare-spex\/2007-arthur\/_mg_1158\/\" class=\"wp-image-1038\"\/><figcaption> <br>Foto: Fredrik Linusson (2007) <\/figcaption><\/figure><\/li><li class=\"blocks-gallery-item\"><figure><img decoding=\"async\" width=\"683\" height=\"1024\" src=\"https:\/\/holgerspexet-public.lysator.liu.se\/wp-content\/uploads\/2019\/04\/mg_1319.jpg\" alt=\"\" data-id=\"1039\" data-link=\"https:\/\/holgerspexet-public.lysator.liu.se\/index.php\/test2\/tidigare-spex\/2007-arthur\/_mg_1319\/\" class=\"wp-image-1039\"\/><figcaption> <br>Foto: Fredrik Linusson (2007) <\/figcaption><\/figure><\/li><\/ul>\n\n\n\n<p>Genom en feltolkning fr\u00e5n sin kontorsassistent Gemilia f\u00e5r Geni-Vera genom ett missf\u00f6rst\u00e5nd uppslaget till att ha en &#8220;Milleniefest&#8221;, eftersom det \u00e4r ett ord som l\u00e5ter fr\u00e4ckt. Den ska inneh\u00e5lla mycket f\u00f6r\u00f6delse och f\u00f6rst\u00f6relse. Morgana f\u00e5r h\u00f6ra om detta, och fasar f\u00f6r att v\u00e4rlden h\u00e5ller p\u00e5 att g\u00e5 under.<\/p>\n\n\n\n<ul class=\"wp-block-gallery columns-2 is-cropped wp-block-gallery-2 is-layout-flex wp-block-gallery-is-layout-flex\"><li class=\"blocks-gallery-item\"><figure><img loading=\"lazy\" decoding=\"async\" width=\"683\" height=\"1024\" src=\"https:\/\/holgerspexet-public.lysator.liu.se\/wp-content\/uploads\/2019\/04\/mg_1209.jpg\" alt=\"\" data-id=\"1040\" data-link=\"https:\/\/holgerspexet-public.lysator.liu.se\/index.php\/test2\/tidigare-spex\/2007-arthur\/_mg_1209\/\" class=\"wp-image-1040\"\/><figcaption> <br>Foto: Fredrik Linusson (2007) <\/figcaption><\/figure><\/li><li class=\"blocks-gallery-item\"><figure><img loading=\"lazy\" decoding=\"async\" width=\"683\" height=\"1024\" src=\"https:\/\/holgerspexet-public.lysator.liu.se\/wp-content\/uploads\/2019\/04\/mg_1422.jpg\" alt=\"\" data-id=\"1041\" data-link=\"https:\/\/holgerspexet-public.lysator.liu.se\/index.php\/test2\/tidigare-spex\/2007-arthur\/_mg_1422\/\" class=\"wp-image-1041\"\/><figcaption> <br>Foto: Fredrik Linusson (2007) <\/figcaption><\/figure><\/li><\/ul>\n\n\n\n<p>Arthur och Morgana skapar en pakt f\u00f6r att hindra Vera fr\u00e5n att genomf\u00f6ra sin fest. De \u00f6verbelastar Lancelot, som sk\u00f6ter de praktiska f\u00f6rberedelserna f\u00f6r festen s\u00e5 att han g\u00e5r in i v\u00e4ggen och blir utbr\u00e4nd. Men Gemilia visar honom en ny mening med livet och tillsammans b\u00f6rjar de om p\u00e5 nytt.<\/p>\n\n\n\n<ul class=\"wp-block-gallery columns-2 is-cropped wp-block-gallery-3 is-layout-flex wp-block-gallery-is-layout-flex\"><li class=\"blocks-gallery-item\"><figure><img loading=\"lazy\" decoding=\"async\" width=\"683\" height=\"1024\" src=\"https:\/\/holgerspexet-public.lysator.liu.se\/wp-content\/uploads\/2019\/04\/mg_1178.jpg\" alt=\"\" data-id=\"1043\" data-link=\"https:\/\/holgerspexet-public.lysator.liu.se\/index.php\/test2\/tidigare-spex\/2007-arthur\/_mg_1178\/\" class=\"wp-image-1043\"\/><figcaption> <br>Foto: Fredrik Linusson (2007) <\/figcaption><\/figure><\/li><li class=\"blocks-gallery-item\"><figure><img loading=\"lazy\" decoding=\"async\" width=\"683\" height=\"1024\" src=\"https:\/\/holgerspexet-public.lysator.liu.se\/wp-content\/uploads\/2019\/04\/mg_1251.jpg\" alt=\"\" data-id=\"1044\" data-link=\"https:\/\/holgerspexet-public.lysator.liu.se\/index.php\/test2\/tidigare-spex\/2007-arthur\/_mg_1251\/\" class=\"wp-image-1044\"\/><figcaption> <br>Foto: Fredrik Linusson (2007) <\/figcaption><\/figure><\/li><\/ul>\n\n\n\n<p>Eftersom Lancelot redan f\u00f6rberett det mesta som beh\u00f6vs f\u00f6r festen s\u00e5 blir den av \u00e4nd\u00e5. Den enda som vet vad som h\u00e4nder \u00e4r Geni-Vera d\u00e5 detta r\u00e5kar vara festen som firar hennes senaste id\u00e9: Tidens b\u00f6rjan. N\u00e4r tiden \u00e4ntligen \u00e4r uppfunnen s\u00e5 slipper folk komma f\u00f6rsent, Merlins trasiga uppfinning &#8220;klockan&#8221; b\u00f6rjar fungera, Morgana har \u00e4ntligen tid att bli f\u00f6r\u00e4lskad (i Patrik) och Arthurs skatter kan \u00e4ntligen komma in i tid. Ordning och reda, pengarna p\u00e5&#8230; dagen efter dagen efter dagen efter imorgon, fast p\u00e5 natten.<\/p>\n\n\n\n<figure class=\"wp-block-image\"><img loading=\"lazy\" decoding=\"async\" width=\"1024\" height=\"683\" src=\"https:\/\/holgerspexet-public.lysator.liu.se\/wp-content\/uploads\/2019\/04\/mg_1197.jpg\" alt=\"\" class=\"wp-image-1046\"\/><figcaption> Foto: Fredrik Linusson (2007) <\/figcaption><\/figure>\n\n\n\n<figure class=\"wp-block-image\"><img loading=\"lazy\" decoding=\"async\" width=\"1023\" height=\"676\" src=\"https:\/\/holgerspexet-public.lysator.liu.se\/wp-content\/uploads\/2019\/04\/DSC_8585.jpg\" alt=\"\" class=\"wp-image-1049\"\/><figcaption>Foto: Niklas Brunberg (2007)<\/figcaption><\/figure>\n","protected":false},"excerpt":{"rendered":"<p>Arthur (2007) Karakt\u00e4rer: Arthur, Gemilia, Geni-Vera, Lancelot, Leprechaun, Merlin, Morgana, (S\u00e4nkt) Patrik I slottet Camelot verkar allt vara frid och fr\u00f6jd, men under ytan bubblar problemen. Merlins trollstav har kommit bort, s\u00e5 hans magiska krafter \u00e4r borta. Arthur har ekonomiska problem, och de blir inte b\u00e4ttre av att hans hustru Geni-Vera st\u00e4ndigt ordnar dyra fester och galamiddagar. Dessutom har Arthurs gamle barndomskamrat och Merlins l\u00e4rjunge (S\u00e4nkt) Patrik kommit p\u00e5 bes\u00f6k fr\u00e5n Irland med nya ljugarhistorier i bagaget, fast egentligen beror hans resa bara p\u00e5 hans obek\u00e4nda f\u00f6r\u00e4lskelse i Arthurs syster Morgana. Ist\u00e4llet ber\u00e4ttar han uppdiktade historier f\u00f6r henne f\u00f6r att imponera. Det leder till att Morgana f\u00e5r panik. Hennes astrologiska tro \u00e4r hotad av den nya l\u00e4ran som Patrik pratar om. Genom en feltolkning fr\u00e5n sin kontorsassistent Gemilia f\u00e5r Geni-Vera genom ett missf\u00f6rst\u00e5nd uppslaget till att ha en &#8220;Milleniefest&#8221;, eftersom det \u00e4r ett ord som l\u00e5ter fr\u00e4ckt. Den ska inneh\u00e5lla&hellip;<\/p>\n<p> <a class=\"more-link\" href=\"https:\/\/holgerspexet.se\/index.php\/om-holgerspexet\/tidigare-spex\/2007-arthur\/\">Read more<\/a><\/p>\n","protected":false},"author":9,"featured_media":0,"parent":38,"menu_order":14,"comment_status":"closed","ping_status":"closed","template":"","meta":{"inline_featured_image":false,"footnotes":""},"class_list":["post-193","page","type-page","status-publish"],"_links":{"self":[{"href":"https:\/\/holgerspexet.se\/index.php\/wp-json\/wp\/v2\/pages\/193","targetHints":{"allow":["GET"]}}],"collection":[{"href":"https:\/\/holgerspexet.se\/index.php\/wp-json\/wp\/v2\/pages"}],"about":[{"href":"https:\/\/holgerspexet.se\/index.php\/wp-json\/wp\/v2\/types\/page"}],"author":[{"embeddable":true,"href":"https:\/\/holgerspexet.se\/index.php\/wp-json\/wp\/v2\/users\/9"}],"replies":[{"embeddable":true,"href":"https:\/\/holgerspexet.se\/index.php\/wp-json\/wp\/v2\/comments?post=193"}],"version-history":[{"count":9,"href":"https:\/\/holgerspexet.se\/index.php\/wp-json\/wp\/v2\/pages\/193\/revisions"}],"predecessor-version":[{"id":1146,"href":"https:\/\/holgerspexet.se\/index.php\/wp-json\/wp\/v2\/pages\/193\/revisions\/1146"}],"up":[{"embeddable":true,"href":"https:\/\/holgerspexet.se\/index.php\/wp-json\/wp\/v2\/pages\/38"}],"wp:attachment":[{"href":"https:\/\/holgerspexet.se\/index.php\/wp-json\/wp\/v2\/media?parent=193"}],"curies":[{"name":"wp","href":"https:\/\/api.w.org\/{rel}","templated":true}]}}