{"id":197,"date":"2019-03-03T12:45:34","date_gmt":"2019-03-03T12:45:34","guid":{"rendered":"https:\/\/holgerspexet-public.lysator.liu.se\/?page_id=197"},"modified":"2019-04-05T13:41:21","modified_gmt":"2019-04-05T13:41:21","slug":"2005-ramoji-jamila","status":"publish","type":"page","link":"https:\/\/holgerspexet.se\/index.php\/om-holgerspexet\/tidigare-spex\/2005-ramoji-jamila\/","title":{"rendered":"2005: Ramoji &#038; Jamila"},"content":{"rendered":"\n<h2 class=\"wp-block-heading\">Ramoji &amp; Jamila (2005)<\/h2>\n\n\n\n<figure class=\"wp-block-image\"><img fetchpriority=\"high\" decoding=\"async\" width=\"1392\" height=\"925\" src=\"https:\/\/holgerspexet-public.lysator.liu.se\/wp-content\/uploads\/2019\/04\/d\u00f6dsfall2005.jpg\" alt=\"\" class=\"wp-image-1024\"\/><figcaption>Foto: Johan Pfeifer (2005)<\/figcaption><\/figure>\n\n\n\n<p><strong>Karakt\u00e4rer<\/strong>: <em>Ammu, Apan Apu, Beundraren, Jamila Chapu-Lat, Maharadja Chapu-Lat, M\u00e1dras Chapu-Lat, Percutio, Ramoji, Rickshawpojken (Wikram Sheikspahare) och Tybalt<\/em><\/p>\n\n\n\n<p>D\u00f6dsfall och k\u00e4rlek tog vi med oss till 2005 \u00e5rs Holgerspex, d\u00e4r rickshawpojken, bartendern och allt-i-allon Wikram Sheikspahare (senare k\u00e4nd som William Shakespeare) fick bevittna en vacker men olycklig k\u00e4rleksaff\u00e4r i Bombay mellan den kastl\u00f6se Ramoji och Jamila, yngsta dottern i den f\u00f6rm\u00f6gna familjen Chapu-Lat. En k\u00e4rlek Jamilas f\u00f6r\u00e4ldrar Maharadja och M\u00e0dras g\u00f6r allt f\u00f6r att stoppa. <\/p>\n\n\n\n<ul class=\"wp-block-gallery columns-2 is-cropped wp-block-gallery-1 is-layout-flex wp-block-gallery-is-layout-flex\"><li class=\"blocks-gallery-item\"><figure><img decoding=\"async\" width=\"612\" height=\"922\" src=\"https:\/\/holgerspexet-public.lysator.liu.se\/wp-content\/uploads\/2019\/04\/m\u00e1dras2005.jpg\" alt=\"\" data-id=\"1025\" data-link=\"https:\/\/holgerspexet-public.lysator.liu.se\/index.php\/test2\/tidigare-spex\/2005-ramoji-jamila\/madras2005\/\" class=\"wp-image-1025\"\/><figcaption> <br>Foto: Johan Pfeifer (2005) <\/figcaption><\/figure><\/li><li class=\"blocks-gallery-item\"><figure><img decoding=\"async\" width=\"610\" height=\"924\" src=\"https:\/\/holgerspexet-public.lysator.liu.se\/wp-content\/uploads\/2019\/04\/maharadja2005.jpg\" alt=\"\" data-id=\"1026\" data-link=\"https:\/\/holgerspexet-public.lysator.liu.se\/index.php\/test2\/tidigare-spex\/2005-ramoji-jamila\/maharadja2005\/\" class=\"wp-image-1026\"\/><figcaption> <br>Foto: Johan Pfeifer (2005) <\/figcaption><\/figure><\/li><\/ul>\n\n\n\n<ul class=\"wp-block-gallery columns-2 is-cropped wp-block-gallery-2 is-layout-flex wp-block-gallery-is-layout-flex\"><li class=\"blocks-gallery-item\"><figure><img loading=\"lazy\" decoding=\"async\" width=\"617\" height=\"925\" src=\"https:\/\/holgerspexet-public.lysator.liu.se\/wp-content\/uploads\/2019\/04\/ramojiochpercutio.jpg\" alt=\"\" data-id=\"1028\" data-link=\"https:\/\/holgerspexet-public.lysator.liu.se\/index.php\/test2\/tidigare-spex\/2005-ramoji-jamila\/ramojiochpercutio\/\" class=\"wp-image-1028\"\/><figcaption> <br>Foto: Johan Pfeifer (2005)  <\/figcaption><\/figure><\/li><li class=\"blocks-gallery-item\"><figure><img loading=\"lazy\" decoding=\"async\" width=\"612\" height=\"927\" src=\"https:\/\/holgerspexet-public.lysator.liu.se\/wp-content\/uploads\/2019\/04\/apu2005.jpg\" alt=\"\" data-id=\"1027\" data-link=\"https:\/\/holgerspexet-public.lysator.liu.se\/index.php\/test2\/tidigare-spex\/2005-ramoji-jamila\/apu2005\/\" class=\"wp-image-1027\"\/><figcaption> <br>Foto: Johan Pfeifer (2005)  <\/figcaption><\/figure><\/li><\/ul>\n\n\n\n<p>K\u00e4rleken b\u00e4r genom sv\u00e4rdsdueller, blodsh\u00e4md och reinkarnationer, men slutligen lyckas makarna Chapu-Lat trots total brist p\u00e5 samarbete indirekt och med betydande inblandning fr\u00e5n den giftdrinksblandande Wikram r\u00f6ja Ramoji ur v\u00e4gen. Bieffekten blir tyv\u00e4rr att \u00e4ven Jamila d\u00f6r. Wikram flyr fr\u00e5n sin skuld tillsammans med Jamilas amma och bos\u00e4tter sig i England d\u00e4r han senare skrev tragedin Romeo &amp; Julia. Ramoji &amp; Jamila slutar inte lika tragiskt eftersom de unga k\u00e4ra i slutet reinkarneras som heliga kor. Happy Bollywood Ending, allts\u00e5. <\/p>\n\n\n\n<figure class=\"wp-block-image\"><img loading=\"lazy\" decoding=\"async\" width=\"1387\" height=\"925\" src=\"https:\/\/holgerspexet-public.lysator.liu.se\/wp-content\/uploads\/2019\/04\/jamilaochammu2005.jpg\" alt=\"\" class=\"wp-image-1032\"\/><figcaption>Foto: Johan Pfeifer (2005)<\/figcaption><\/figure>\n\n\n\n<figure class=\"wp-block-image\"><img loading=\"lazy\" decoding=\"async\" width=\"1395\" height=\"926\" src=\"https:\/\/holgerspexet-public.lysator.liu.se\/wp-content\/uploads\/2019\/04\/elefanten2005.jpg\" alt=\"\" class=\"wp-image-1033\"\/><figcaption> Foto: Johan Pfeifer (2005) <\/figcaption><\/figure>\n","protected":false},"excerpt":{"rendered":"<p>Ramoji &amp; Jamila (2005) Karakt\u00e4rer: Ammu, Apan Apu, Beundraren, Jamila Chapu-Lat, Maharadja Chapu-Lat, M\u00e1dras Chapu-Lat, Percutio, Ramoji, Rickshawpojken (Wikram Sheikspahare) och Tybalt D\u00f6dsfall och k\u00e4rlek tog vi med oss till 2005 \u00e5rs Holgerspex, d\u00e4r rickshawpojken, bartendern och allt-i-allon Wikram Sheikspahare (senare k\u00e4nd som William Shakespeare) fick bevittna en vacker men olycklig k\u00e4rleksaff\u00e4r i Bombay mellan den kastl\u00f6se Ramoji och Jamila, yngsta dottern i den f\u00f6rm\u00f6gna familjen Chapu-Lat. En k\u00e4rlek Jamilas f\u00f6r\u00e4ldrar Maharadja och M\u00e0dras g\u00f6r allt f\u00f6r att stoppa. K\u00e4rleken b\u00e4r genom sv\u00e4rdsdueller, blodsh\u00e4md och reinkarnationer, men slutligen lyckas makarna Chapu-Lat trots total brist p\u00e5 samarbete indirekt och med betydande inblandning fr\u00e5n den giftdrinksblandande Wikram r\u00f6ja Ramoji ur v\u00e4gen. Bieffekten blir tyv\u00e4rr att \u00e4ven Jamila d\u00f6r. Wikram flyr fr\u00e5n sin skuld tillsammans med Jamilas amma och bos\u00e4tter sig i England d\u00e4r han senare skrev tragedin Romeo &amp; Julia. Ramoji &amp; Jamila slutar inte lika tragiskt eftersom de unga k\u00e4ra i&hellip;<\/p>\n<p> <a class=\"more-link\" href=\"https:\/\/holgerspexet.se\/index.php\/om-holgerspexet\/tidigare-spex\/2005-ramoji-jamila\/\">Read more<\/a><\/p>\n","protected":false},"author":9,"featured_media":0,"parent":38,"menu_order":16,"comment_status":"closed","ping_status":"closed","template":"","meta":{"inline_featured_image":false,"footnotes":""},"class_list":["post-197","page","type-page","status-publish"],"_links":{"self":[{"href":"https:\/\/holgerspexet.se\/index.php\/wp-json\/wp\/v2\/pages\/197","targetHints":{"allow":["GET"]}}],"collection":[{"href":"https:\/\/holgerspexet.se\/index.php\/wp-json\/wp\/v2\/pages"}],"about":[{"href":"https:\/\/holgerspexet.se\/index.php\/wp-json\/wp\/v2\/types\/page"}],"author":[{"embeddable":true,"href":"https:\/\/holgerspexet.se\/index.php\/wp-json\/wp\/v2\/users\/9"}],"replies":[{"embeddable":true,"href":"https:\/\/holgerspexet.se\/index.php\/wp-json\/wp\/v2\/comments?post=197"}],"version-history":[{"count":11,"href":"https:\/\/holgerspexet.se\/index.php\/wp-json\/wp\/v2\/pages\/197\/revisions"}],"predecessor-version":[{"id":1144,"href":"https:\/\/holgerspexet.se\/index.php\/wp-json\/wp\/v2\/pages\/197\/revisions\/1144"}],"up":[{"embeddable":true,"href":"https:\/\/holgerspexet.se\/index.php\/wp-json\/wp\/v2\/pages\/38"}],"wp:attachment":[{"href":"https:\/\/holgerspexet.se\/index.php\/wp-json\/wp\/v2\/media?parent=197"}],"curies":[{"name":"wp","href":"https:\/\/api.w.org\/{rel}","templated":true}]}}