{"id":202,"date":"2019-03-03T12:50:28","date_gmt":"2019-03-03T12:50:28","guid":{"rendered":"https:\/\/holgerspexet-public.lysator.liu.se\/?page_id=202"},"modified":"2019-04-05T13:37:16","modified_gmt":"2019-04-05T13:37:16","slug":"2003-wyatt-earp","status":"publish","type":"page","link":"https:\/\/holgerspexet.se\/index.php\/om-holgerspexet\/tidigare-spex\/2003-wyatt-earp\/","title":{"rendered":"2003:  Wyatt Earp"},"content":{"rendered":"\n<h2 class=\"wp-block-heading\">Wyatt Earp (2003)<\/h2>\n\n\n\n<figure class=\"wp-block-image\"><img fetchpriority=\"high\" decoding=\"async\" width=\"1600\" height=\"1200\" src=\"https:\/\/holgerspexet-public.lysator.liu.se\/wp-content\/uploads\/2019\/03\/P1010021.jpg\" alt=\"\" class=\"wp-image-846\"\/><figcaption>Foto: Daniel Ying (2003)<\/figcaption><\/figure>\n\n\n\n<p><strong>Karakt\u00e4rer<\/strong>: <em>Bosse Bandit, Doc Holiday, Inte Jane, Totte, Ulla, Wyatt Earp<\/em><\/p>\n\n\n\n<p>I det sj\u00e4tte spexet Holgerspexet, Wyatt Earp, skedde det f\u00f6rsta d\u00f6dsfallet oerh\u00f6rt snabbt. Innan scen ett var \u00f6ver hade Bosse Bandit redan skjutit ner tre&#8230;PANG!..fyra av staden Tombstones pl\u00e5gade inv\u00e5nare. S\u00e5dan tur att den pensionerade westernhj\u00e4lten Wyatt Earp strax d\u00e4refter anl\u00e4nde&#8230; och s\u00e5dan otur att Wyatt, n\u00e4r han v\u00e4l g\u00e5tt med p\u00e5 att bli sheriff, av misstag blev ihj\u00e4lskjuten av springpojken Totte. Totte axlade &#8220;som kompensation&#8221; sj\u00e4lv sheriffrollen och f\u00f6rs\u00f6kte d\u00e4rigenom charmera den mustaschprydde bordellmamman Ulla. <\/p>\n\n\n\n<figure class=\"wp-block-image\"><img decoding=\"async\" width=\"1600\" height=\"1200\" src=\"https:\/\/holgerspexet-public.lysator.liu.se\/wp-content\/uploads\/2019\/03\/P1010016.jpg\" alt=\"\" class=\"wp-image-852\"\/><figcaption>Foto: Daniel Ying (2003)<\/figcaption><\/figure>\n\n\n\n<p>I konkurrens med prisj\u00e4garen (kalla mig) Inte Jane och en av Ullas gl\u00e4djeflickor fick den inkompetente sheriffen ov\u00e4ntad hj\u00e4lp fr\u00e5n den efterlyste Doc Holiday att imponera p\u00e5 sin k\u00e4ra. Med hj\u00e4lp av modst\u00e4rkande Absolut Curage och en ov\u00e4ntad andel fr\u00e5n Bosses bankr\u00e5n blev hon slutligen hans. Bosse d\u00f6dades till sist, liksom den livsfarlige storf\u00f6rbrytare som alla trodde var stans bibliotekarie och Totte och Ulla kunde \u00e4ntligen g\u00e5 iv\u00e4g och&#8230; byta om till br\u00f6llopssviden! <\/p>\n","protected":false},"excerpt":{"rendered":"<p>Wyatt Earp (2003) Karakt\u00e4rer: Bosse Bandit, Doc Holiday, Inte Jane, Totte, Ulla, Wyatt Earp I det sj\u00e4tte spexet Holgerspexet, Wyatt Earp, skedde det f\u00f6rsta d\u00f6dsfallet oerh\u00f6rt snabbt. Innan scen ett var \u00f6ver hade Bosse Bandit redan skjutit ner tre&#8230;PANG!..fyra av staden Tombstones pl\u00e5gade inv\u00e5nare. S\u00e5dan tur att den pensionerade westernhj\u00e4lten Wyatt Earp strax d\u00e4refter anl\u00e4nde&#8230; och s\u00e5dan otur att Wyatt, n\u00e4r han v\u00e4l g\u00e5tt med p\u00e5 att bli sheriff, av misstag blev ihj\u00e4lskjuten av springpojken Totte. Totte axlade &#8220;som kompensation&#8221; sj\u00e4lv sheriffrollen och f\u00f6rs\u00f6kte d\u00e4rigenom charmera den mustaschprydde bordellmamman Ulla. I konkurrens med prisj\u00e4garen (kalla mig) Inte Jane och en av Ullas gl\u00e4djeflickor fick den inkompetente sheriffen ov\u00e4ntad hj\u00e4lp fr\u00e5n den efterlyste Doc Holiday att imponera p\u00e5 sin k\u00e4ra. Med hj\u00e4lp av modst\u00e4rkande Absolut Curage och en ov\u00e4ntad andel fr\u00e5n Bosses bankr\u00e5n blev hon slutligen hans. Bosse d\u00f6dades till sist, liksom den livsfarlige storf\u00f6rbrytare som alla trodde var stans bibliotekarie&hellip;<\/p>\n<p> <a class=\"more-link\" href=\"https:\/\/holgerspexet.se\/index.php\/om-holgerspexet\/tidigare-spex\/2003-wyatt-earp\/\">Read more<\/a><\/p>\n","protected":false},"author":9,"featured_media":0,"parent":38,"menu_order":18,"comment_status":"closed","ping_status":"closed","template":"","meta":{"inline_featured_image":false,"footnotes":""},"class_list":["post-202","page","type-page","status-publish"],"_links":{"self":[{"href":"https:\/\/holgerspexet.se\/index.php\/wp-json\/wp\/v2\/pages\/202","targetHints":{"allow":["GET"]}}],"collection":[{"href":"https:\/\/holgerspexet.se\/index.php\/wp-json\/wp\/v2\/pages"}],"about":[{"href":"https:\/\/holgerspexet.se\/index.php\/wp-json\/wp\/v2\/types\/page"}],"author":[{"embeddable":true,"href":"https:\/\/holgerspexet.se\/index.php\/wp-json\/wp\/v2\/users\/9"}],"replies":[{"embeddable":true,"href":"https:\/\/holgerspexet.se\/index.php\/wp-json\/wp\/v2\/comments?post=202"}],"version-history":[{"count":3,"href":"https:\/\/holgerspexet.se\/index.php\/wp-json\/wp\/v2\/pages\/202\/revisions"}],"predecessor-version":[{"id":1140,"href":"https:\/\/holgerspexet.se\/index.php\/wp-json\/wp\/v2\/pages\/202\/revisions\/1140"}],"up":[{"embeddable":true,"href":"https:\/\/holgerspexet.se\/index.php\/wp-json\/wp\/v2\/pages\/38"}],"wp:attachment":[{"href":"https:\/\/holgerspexet.se\/index.php\/wp-json\/wp\/v2\/media?parent=202"}],"curies":[{"name":"wp","href":"https:\/\/api.w.org\/{rel}","templated":true}]}}