{"id":204,"date":"2019-03-03T12:53:16","date_gmt":"2019-03-03T12:53:16","guid":{"rendered":"https:\/\/holgerspexet-public.lysator.liu.se\/?page_id=204"},"modified":"2019-04-05T13:36:03","modified_gmt":"2019-04-05T13:36:03","slug":"2002-den-forbannade-mumien","status":"publish","type":"page","link":"https:\/\/holgerspexet.se\/index.php\/om-holgerspexet\/tidigare-spex\/2002-den-forbannade-mumien\/","title":{"rendered":"2002: Den f\u00f6rbannade mumien"},"content":{"rendered":"\n<h2 class=\"wp-block-heading\">Den f\u00f6rbannade mumien (2002)<\/h2>\n\n\n\n<figure class=\"wp-block-image\"><img fetchpriority=\"high\" decoding=\"async\" width=\"1482\" height=\"1024\" src=\"https:\/\/holgerspexet-public.lysator.liu.se\/wp-content\/uploads\/2019\/03\/boom.jpg\" alt=\"\" class=\"wp-image-635\"\/><figcaption>Foto: Johan Pfeifer (2002)<\/figcaption><\/figure>\n\n\n\n<p><strong>Karakt\u00e4rer<\/strong>: <em>Brutus, Heinzktchup (mumien), Julius Caesar, Kleopatra, Ptolemaios<\/em><\/p>\n\n\n\n<p>Skattefusk \u00e4r en tidl\u00f6s trend, men f\u00f6rut var det enklare f\u00f6r makthavare att komma undan med det. Som p\u00e5 100-talet f\u00f6re Kristus till exempel. Julius Caesar var d\u00e5 Romarrikets starke man och vi kan vara f\u00f6rvissade om att han nolldeklarerade. D\u00e4remot deklarerade han sitt intresse f\u00f6r Egyptens fagra Kleopatra, och denna antika k\u00e4rleksaff\u00e4r st\u00e5r fond f\u00f6r spexet <em>Den f\u00f6rbannade mumien<\/em>. Det \u00e4r en sedel\u00e4rande historia som visar vikten av r\u00e4ttstavning (att stava fritt \u00e4r stort, att stava r\u00e4tt \u00e4r st\u00f6rre) d\u00e4r spexets hj\u00e4lte mumien Heinzketchup f\u00e5r lida pin av att hans f\u00f6rbannelse \u00e4r felskriven \u2013 han blir sj\u00e4lv f\u00f6rbannad helt enkelt och s\u00e4nd till Jorden.<\/p>\n\n\n\n<ul class=\"wp-block-gallery columns-3 is-cropped wp-block-gallery-1 is-layout-flex wp-block-gallery-is-layout-flex\"><li class=\"blocks-gallery-item\"><figure><img decoding=\"async\" width=\"993\" height=\"965\" src=\"https:\/\/holgerspexet-public.lysator.liu.se\/wp-content\/uploads\/2019\/03\/cesar.jpg\" alt=\"\" data-id=\"632\" data-link=\"https:\/\/holgerspexet-public.lysator.liu.se\/index.php\/test2\/tidigare-spex\/2002-den-forbannade-mumien\/cesar\/\" class=\"wp-image-632\"\/><figcaption>Foto: Johan Pfeifer (2002)<\/figcaption><\/figure><\/li><li class=\"blocks-gallery-item\"><figure><img decoding=\"async\" width=\"949\" height=\"1086\" src=\"https:\/\/holgerspexet-public.lysator.liu.se\/wp-content\/uploads\/2019\/03\/maklaren.jpg\" alt=\"\" data-id=\"633\" data-link=\"https:\/\/holgerspexet-public.lysator.liu.se\/index.php\/test2\/tidigare-spex\/2002-den-forbannade-mumien\/maklaren\/\" class=\"wp-image-633\"\/><figcaption>Foto: Johan Pfeifer (2002)<\/figcaption><\/figure><\/li><li class=\"blocks-gallery-item\"><figure><img loading=\"lazy\" decoding=\"async\" width=\"660\" height=\"1356\" src=\"https:\/\/holgerspexet-public.lysator.liu.se\/wp-content\/uploads\/2019\/03\/mordar_skamt.jpg\" alt=\"\" data-id=\"634\" data-link=\"https:\/\/holgerspexet-public.lysator.liu.se\/index.php\/test2\/tidigare-spex\/2002-den-forbannade-mumien\/mordar_skamt\/\" class=\"wp-image-634\"\/><figcaption>Foto: Johan Pfeifer (2002)<\/figcaption><\/figure><\/li><\/ul>\n\n\n\n<p>F\u00f6r att komma tillbaka till glidartillvaron i det egyptiska paradiset kr\u00e4ver gudarna att Heinzketchup har med sig organ, hans egna har ju balsamerats och till Egyptens Ovan d\u00e4r kommer man bara in om man \u00e4r hel. Resten av spexet \u00e4r en organjakt som f\u00e5r Sahlgrenska sjukhuset att blekna av avund. Heinzketchup l\u00e4gger organdonationskorten p\u00e5 bordet och f\u00e5r till slut den utr\u00f6kte Ptolemaios, Kleopatras brors, organ. Organisten Brutus har r\u00f6jt Ptolemaios organ ur v\u00e4rlden och gl\u00f6mt dessa i sin arbetsv\u00e4ska, vilket g\u00f6r att Heinzketchup med v\u00e4skan har frihet, i en liten ask. <\/p>\n\n\n\n<figure class=\"wp-block-image\"><img loading=\"lazy\" decoding=\"async\" width=\"876\" height=\"555\" src=\"https:\/\/holgerspexet-public.lysator.liu.se\/wp-content\/uploads\/2019\/03\/aktfinal2.jpg\" alt=\"\" class=\"wp-image-631\"\/><figcaption>Foto: Johan Pfeifer (2002)<\/figcaption><\/figure>\n","protected":false},"excerpt":{"rendered":"<p>Den f\u00f6rbannade mumien (2002) Karakt\u00e4rer: Brutus, Heinzktchup (mumien), Julius Caesar, Kleopatra, Ptolemaios Skattefusk \u00e4r en tidl\u00f6s trend, men f\u00f6rut var det enklare f\u00f6r makthavare att komma undan med det. Som p\u00e5 100-talet f\u00f6re Kristus till exempel. Julius Caesar var d\u00e5 Romarrikets starke man och vi kan vara f\u00f6rvissade om att han nolldeklarerade. D\u00e4remot deklarerade han sitt intresse f\u00f6r Egyptens fagra Kleopatra, och denna antika k\u00e4rleksaff\u00e4r st\u00e5r fond f\u00f6r spexet Den f\u00f6rbannade mumien. Det \u00e4r en sedel\u00e4rande historia som visar vikten av r\u00e4ttstavning (att stava fritt \u00e4r stort, att stava r\u00e4tt \u00e4r st\u00f6rre) d\u00e4r spexets hj\u00e4lte mumien Heinzketchup f\u00e5r lida pin av att hans f\u00f6rbannelse \u00e4r felskriven \u2013 han blir sj\u00e4lv f\u00f6rbannad helt enkelt och s\u00e4nd till Jorden. F\u00f6r att komma tillbaka till glidartillvaron i det egyptiska paradiset kr\u00e4ver gudarna att Heinzketchup har med sig organ, hans egna har ju balsamerats och till Egyptens Ovan d\u00e4r kommer man bara in om&hellip;<\/p>\n<p> <a class=\"more-link\" href=\"https:\/\/holgerspexet.se\/index.php\/om-holgerspexet\/tidigare-spex\/2002-den-forbannade-mumien\/\">Read more<\/a><\/p>\n","protected":false},"author":9,"featured_media":0,"parent":38,"menu_order":19,"comment_status":"closed","ping_status":"closed","template":"","meta":{"inline_featured_image":false,"footnotes":""},"class_list":["post-204","page","type-page","status-publish"],"_links":{"self":[{"href":"https:\/\/holgerspexet.se\/index.php\/wp-json\/wp\/v2\/pages\/204","targetHints":{"allow":["GET"]}}],"collection":[{"href":"https:\/\/holgerspexet.se\/index.php\/wp-json\/wp\/v2\/pages"}],"about":[{"href":"https:\/\/holgerspexet.se\/index.php\/wp-json\/wp\/v2\/types\/page"}],"author":[{"embeddable":true,"href":"https:\/\/holgerspexet.se\/index.php\/wp-json\/wp\/v2\/users\/9"}],"replies":[{"embeddable":true,"href":"https:\/\/holgerspexet.se\/index.php\/wp-json\/wp\/v2\/comments?post=204"}],"version-history":[{"count":4,"href":"https:\/\/holgerspexet.se\/index.php\/wp-json\/wp\/v2\/pages\/204\/revisions"}],"predecessor-version":[{"id":1138,"href":"https:\/\/holgerspexet.se\/index.php\/wp-json\/wp\/v2\/pages\/204\/revisions\/1138"}],"up":[{"embeddable":true,"href":"https:\/\/holgerspexet.se\/index.php\/wp-json\/wp\/v2\/pages\/38"}],"wp:attachment":[{"href":"https:\/\/holgerspexet.se\/index.php\/wp-json\/wp\/v2\/media?parent=204"}],"curies":[{"name":"wp","href":"https:\/\/api.w.org\/{rel}","templated":true}]}}