{"id":206,"date":"2019-03-03T12:55:32","date_gmt":"2019-03-03T12:55:32","guid":{"rendered":"https:\/\/holgerspexet-public.lysator.liu.se\/?page_id=206"},"modified":"2019-09-28T13:22:11","modified_gmt":"2019-09-28T13:22:11","slug":"2001-al-capone","status":"publish","type":"page","link":"https:\/\/holgerspexet.se\/index.php\/om-holgerspexet\/tidigare-spex\/2001-al-capone\/","title":{"rendered":"2001: Al Capone"},"content":{"rendered":"\n<h2 class=\"wp-block-heading\">Al Capone (2001)<\/h2>\n\n\n\n<figure class=\"wp-block-image\"><img fetchpriority=\"high\" decoding=\"async\" width=\"1771\" height=\"1181\" src=\"https:\/\/holgerspexet-public.lysator.liu.se\/wp-content\/uploads\/2019\/03\/Al_Capone_-_4de_f\u00f6rest\u00e4llningen_-_0035.jpeg\" alt=\"\" class=\"wp-image-438\"\/><figcaption> Foto: Frida Carlsson (2001) <\/figcaption><\/figure>\n\n\n\n<p><strong>Karakt\u00e4rer<\/strong>: <em>Al Capone, Bugs Mor\u00e4n, Dolby, Gangstersmurf, Lasse Berghagen, Mamma Capone, Mamma Mor\u00e4n, Mj\u00f6lby, Roxy Lake, Sherloch Ness och Tidningspojken<\/em><\/p>\n\n\n\n<p>I det fj\u00e4rde spexet Holgerspexet, <em>Al Capone<\/em>, beger sig v\u00e5ra spexande v\u00e4nner till Chicago och en tid d\u00e5 nattvardsvin inte fick s\u00e4ljas \u00f6ppet och skrupelfria gangstrar levde gott p\u00e5 att s\u00e4lja smuggelsprit dyrt. Al Capone styr stadens undre delar med j\u00e4rnhand, fr\u00e5nsett en liten del \u2013 North side. D\u00e4r br\u00e4nner norrl\u00e4nningen Bugs Mor\u00e4n hemma och s\u00e4ljer spriten borta och \u00e4r s\u00e5ledes en nagel i \u00f6gat p\u00e5 Al Capone. <\/p>\n\n\n\n<ul class=\"wp-block-gallery columns-2 is-cropped wp-block-gallery-1 is-layout-flex wp-block-gallery-is-layout-flex\"><li class=\"blocks-gallery-item\"><figure><img decoding=\"async\" width=\"1771\" height=\"1181\" src=\"https:\/\/holgerspexet-public.lysator.liu.se\/wp-content\/uploads\/2019\/03\/Al_Capone_-_4de_f\u00f6rest\u00e4llningen_-_0002.jpeg\" alt=\"\" data-id=\"439\" data-link=\"https:\/\/holgerspexet-public.lysator.liu.se\/index.php\/test2\/tidigare-spex\/2001-al-capone\/al_capone_-_4de_forestallningen_-_0002\/\" class=\"wp-image-439\"\/><figcaption>Foto: Frida Carlsson (2001)<\/figcaption><\/figure><\/li><li class=\"blocks-gallery-item\"><figure><img decoding=\"async\" width=\"1771\" height=\"1181\" src=\"https:\/\/holgerspexet-public.lysator.liu.se\/wp-content\/uploads\/2019\/03\/Al_Capone_-_Premi\u00e4r_-_0012.jpeg\" alt=\"\" data-id=\"440\" data-link=\"https:\/\/holgerspexet-public.lysator.liu.se\/index.php\/test2\/tidigare-spex\/2001-al-capone\/al_capone_-_premiar_-_0012\/\" class=\"wp-image-440\"\/><figcaption> <br>Foto: Frida Carlsson (2001) <\/figcaption><\/figure><\/li><\/ul>\n\n\n\n<p>Mannen som har gett syrebrist ett ansikte, Gangstersmurf, finns vid Capones sida och de anlitar agenten Roxy Lake f\u00f6r att r\u00f6ja Mor\u00e4n ur v\u00e4gen. Roxy blir p\u00e5 kemisk v\u00e4g k\u00e4r i Mor\u00e4n och Capone biter i gruset. Capones n\u00e4sta \u00e5tg\u00e4rd blir en f\u00e4lla som tar k\u00e5l p\u00e5 Mor\u00e4ns mannar och n\u00e4stan han sj\u00e4lv \u2013 den ber\u00f6mda Valentinmassakern. Dubbeldeckaren Sherloch Ness kopplas in i fallet och kommer Capone p\u00e5 sp\u00e5ret. Spexet slutar med att Al Capone blir ertappad med skattefusk och hela ensemblen d\u00f6ms ob\u00f6nh\u00f6rligt till evig alls\u00e5ng med Lasse Berghagen p\u00e5 Skansen. <\/p>\n\n\n\n<figure class=\"wp-block-image\"><img loading=\"lazy\" decoding=\"async\" width=\"1771\" height=\"1181\" src=\"https:\/\/holgerspexet-public.lysator.liu.se\/wp-content\/uploads\/2019\/03\/Al_Capone_-_Premi\u00e4r_-_0030.jpeg\" alt=\"\" class=\"wp-image-442\"\/><figcaption>Foto: Frida Carlsson (2001)<\/figcaption><\/figure>\n","protected":false},"excerpt":{"rendered":"<p>Al Capone (2001) Karakt\u00e4rer: Al Capone, Bugs Mor\u00e4n, Dolby, Gangstersmurf, Lasse Berghagen, Mamma Capone, Mamma Mor\u00e4n, Mj\u00f6lby, Roxy Lake, Sherloch Ness och Tidningspojken I det fj\u00e4rde spexet Holgerspexet, Al Capone, beger sig v\u00e5ra spexande v\u00e4nner till Chicago och en tid d\u00e5 nattvardsvin inte fick s\u00e4ljas \u00f6ppet och skrupelfria gangstrar levde gott p\u00e5 att s\u00e4lja smuggelsprit dyrt. Al Capone styr stadens undre delar med j\u00e4rnhand, fr\u00e5nsett en liten del \u2013 North side. D\u00e4r br\u00e4nner norrl\u00e4nningen Bugs Mor\u00e4n hemma och s\u00e4ljer spriten borta och \u00e4r s\u00e5ledes en nagel i \u00f6gat p\u00e5 Al Capone. Mannen som har gett syrebrist ett ansikte, Gangstersmurf, finns vid Capones sida och de anlitar agenten Roxy Lake f\u00f6r att r\u00f6ja Mor\u00e4n ur v\u00e4gen. Roxy blir p\u00e5 kemisk v\u00e4g k\u00e4r i Mor\u00e4n och Capone biter i gruset. Capones n\u00e4sta \u00e5tg\u00e4rd blir en f\u00e4lla som tar k\u00e5l p\u00e5 Mor\u00e4ns mannar och n\u00e4stan han sj\u00e4lv \u2013 den ber\u00f6mda Valentinmassakern. Dubbeldeckaren Sherloch&hellip;<\/p>\n<p> <a class=\"more-link\" href=\"https:\/\/holgerspexet.se\/index.php\/om-holgerspexet\/tidigare-spex\/2001-al-capone\/\">Read more<\/a><\/p>\n","protected":false},"author":9,"featured_media":0,"parent":38,"menu_order":20,"comment_status":"closed","ping_status":"closed","template":"","meta":{"inline_featured_image":false,"footnotes":""},"class_list":["post-206","page","type-page","status-publish"],"_links":{"self":[{"href":"https:\/\/holgerspexet.se\/index.php\/wp-json\/wp\/v2\/pages\/206","targetHints":{"allow":["GET"]}}],"collection":[{"href":"https:\/\/holgerspexet.se\/index.php\/wp-json\/wp\/v2\/pages"}],"about":[{"href":"https:\/\/holgerspexet.se\/index.php\/wp-json\/wp\/v2\/types\/page"}],"author":[{"embeddable":true,"href":"https:\/\/holgerspexet.se\/index.php\/wp-json\/wp\/v2\/users\/9"}],"replies":[{"embeddable":true,"href":"https:\/\/holgerspexet.se\/index.php\/wp-json\/wp\/v2\/comments?post=206"}],"version-history":[{"count":9,"href":"https:\/\/holgerspexet.se\/index.php\/wp-json\/wp\/v2\/pages\/206\/revisions"}],"predecessor-version":[{"id":1375,"href":"https:\/\/holgerspexet.se\/index.php\/wp-json\/wp\/v2\/pages\/206\/revisions\/1375"}],"up":[{"embeddable":true,"href":"https:\/\/holgerspexet.se\/index.php\/wp-json\/wp\/v2\/pages\/38"}],"wp:attachment":[{"href":"https:\/\/holgerspexet.se\/index.php\/wp-json\/wp\/v2\/media?parent=206"}],"curies":[{"name":"wp","href":"https:\/\/api.w.org\/{rel}","templated":true}]}}