{"id":208,"date":"2019-03-03T12:57:33","date_gmt":"2019-03-03T12:57:33","guid":{"rendered":"https:\/\/holgerspexet-public.lysator.liu.se\/?page_id=208"},"modified":"2019-10-23T14:46:22","modified_gmt":"2019-10-23T14:46:22","slug":"2000-ansgar","status":"publish","type":"page","link":"https:\/\/holgerspexet.se\/index.php\/om-holgerspexet\/tidigare-spex\/2000-ansgar\/","title":{"rendered":"2000: Ansgar"},"content":{"rendered":"\n<h2 class=\"wp-block-heading\">Ansgar &#8211; en musikalisk resa till Vikingstad (2000)<\/h2>\n\n\n\n<p><strong>Karakt\u00e4rer<\/strong>: <em>Ansgar, As-Klas, drottning Helga, Fri-S\u00f6ren, Fulbert, kung Birger, Rimbert, Runar, Sk\u00f6k-Solveig, Snorungen och Wittmar<\/em><\/p>\n\n\n\n<p>Spexets tredje seglats gick till Birka. <em>Ansgar<\/em> handlade om livets n\u00f6dtorft \u2013 mat och mening. &#8220;Vem ska jag tro p\u00e5?&#8221;, var birkabons villr\u00e5diga fr\u00e5ga n\u00e4r tv\u00e5 religioner, asatro och kristendom, skr\u00e4vlade om sin storhet. Sveriges f\u00f6rste mission\u00e4r Ansgar kom till Birka i en tid av n\u00f6d, d\u00e5 den bottenl\u00f6sa drottning Helga h\u00f6ll p\u00e5 att \u00e4ta folket ur husen. Kungens fris\u00f6r och asapr\u00e4sten As-Klas g\u00f6r ett klipp som ska ge dem makten i Birka. Ansgar g\u00e5r dock segrande ur religionsstriden, d\u00e5 kungen uppfattar det som att han lovar en lada \u00e5t den utsvultna f\u00f6rsamlingen, med sakri-stia f\u00f6r grisar, etc. Spexet slutar i en nattvardspose. <\/p>\n","protected":false},"excerpt":{"rendered":"<p>Ansgar &#8211; en musikalisk resa till Vikingstad (2000) Karakt\u00e4rer: Ansgar, As-Klas, drottning Helga, Fri-S\u00f6ren, Fulbert, kung Birger, Rimbert, Runar, Sk\u00f6k-Solveig, Snorungen och Wittmar Spexets tredje seglats gick till Birka. Ansgar handlade om livets n\u00f6dtorft \u2013 mat och mening. &#8220;Vem ska jag tro p\u00e5?&#8221;, var birkabons villr\u00e5diga fr\u00e5ga n\u00e4r tv\u00e5 religioner, asatro och kristendom, skr\u00e4vlade om sin storhet. Sveriges f\u00f6rste mission\u00e4r Ansgar kom till Birka i en tid av n\u00f6d, d\u00e5 den bottenl\u00f6sa drottning Helga h\u00f6ll p\u00e5 att \u00e4ta folket ur husen. Kungens fris\u00f6r och asapr\u00e4sten As-Klas g\u00f6r ett klipp som ska ge dem makten i Birka. Ansgar g\u00e5r dock segrande ur religionsstriden, d\u00e5 kungen uppfattar det som att han lovar en lada \u00e5t den utsvultna f\u00f6rsamlingen, med sakri-stia f\u00f6r grisar, etc. Spexet slutar i en nattvardspose.<\/p>\n","protected":false},"author":9,"featured_media":0,"parent":38,"menu_order":21,"comment_status":"closed","ping_status":"closed","template":"","meta":{"inline_featured_image":false,"footnotes":""},"class_list":["post-208","page","type-page","status-publish"],"_links":{"self":[{"href":"https:\/\/holgerspexet.se\/index.php\/wp-json\/wp\/v2\/pages\/208","targetHints":{"allow":["GET"]}}],"collection":[{"href":"https:\/\/holgerspexet.se\/index.php\/wp-json\/wp\/v2\/pages"}],"about":[{"href":"https:\/\/holgerspexet.se\/index.php\/wp-json\/wp\/v2\/types\/page"}],"author":[{"embeddable":true,"href":"https:\/\/holgerspexet.se\/index.php\/wp-json\/wp\/v2\/users\/9"}],"replies":[{"embeddable":true,"href":"https:\/\/holgerspexet.se\/index.php\/wp-json\/wp\/v2\/comments?post=208"}],"version-history":[{"count":5,"href":"https:\/\/holgerspexet.se\/index.php\/wp-json\/wp\/v2\/pages\/208\/revisions"}],"predecessor-version":[{"id":1452,"href":"https:\/\/holgerspexet.se\/index.php\/wp-json\/wp\/v2\/pages\/208\/revisions\/1452"}],"up":[{"embeddable":true,"href":"https:\/\/holgerspexet.se\/index.php\/wp-json\/wp\/v2\/pages\/38"}],"wp:attachment":[{"href":"https:\/\/holgerspexet.se\/index.php\/wp-json\/wp\/v2\/media?parent=208"}],"curies":[{"name":"wp","href":"https:\/\/api.w.org\/{rel}","templated":true}]}}