{"id":210,"date":"2019-03-03T12:59:23","date_gmt":"2019-03-03T12:59:23","guid":{"rendered":"https:\/\/holgerspexet-public.lysator.liu.se\/?page_id=210"},"modified":"2019-04-05T13:33:24","modified_gmt":"2019-04-05T13:33:24","slug":"1998-slaganfallet-vid-stangebro","status":"publish","type":"page","link":"https:\/\/holgerspexet.se\/index.php\/om-holgerspexet\/tidigare-spex\/1998-slaganfallet-vid-stangebro\/","title":{"rendered":"1998: Slaganfallet vid St\u00e5ngebro"},"content":{"rendered":"\n<h2 class=\"wp-block-heading\">Slaganfallet vid St\u00e5ngebro (1998)<\/h2>\n\n\n\n<p><strong>Karakt\u00e4rer<\/strong>: <em>Anna (Sigismunds syster), Folke Filbyter, hertig Karl, kung Sigismund, Medikus, Psyko Brahe, Saida (Karls r\u00e5dgivare), Seppo Fan och Stiernhielm<\/em><\/p>\n\n\n\n<p>Holgerspexets urupps\u00e4ttning utspelade sig s\u00e5 n\u00e4ra Forumteatern att man fr\u00e5n \u00e5sk\u00e5darplats s\u00e4kert skulle kunna ha h\u00f6rt larmet fr\u00e5n Sveriges sista inb\u00f6rdeskrig, som h\u00e4rjade vid St\u00e5ngebro kring det som idag \u00e4r St\u00e5ngebro sportf\u00e4lt. Till allas l\u00e4ttnad befann man sig p\u00e5 400 \u00e5rs tryggt avst\u00e5nd fr\u00e5n kriget och el\u00e4ndet och kunde fokusera p\u00e5 den v\u00e4v av intriger som enligt denna historieskrivning f\u00f6ranledde Slaget vid St\u00e5ngebro. <\/p>\n\n\n\n<p>Den protestantiske hertig Karl hade lejt den galne vetenskapsmannen Psyko Brahe f\u00f6r att bygga KAS 39 Grepen, vapnet som skulle g\u00f6ra den katolske kung Sigismund arbetsl\u00f6s. R\u00e4nksmidaren Karl lyckas sn\u00e4rja Sigismunds syster och f\u00e5 henne att \u00f6vertyga den hypokondriske kung Sigismund att han kan bli frisk om han bara t\u00e5gar med sin arm\u00e9 in i en f\u00e4lla som Karl arrangerat. Bonden Folke Filbyter har en nyckelroll och stelnar med sin h\u00e4st i en skr\u00e4ckslagen pose p\u00e5 Stora torget n\u00e4r KAS exploderar. <\/p>\n","protected":false},"excerpt":{"rendered":"<p>Slaganfallet vid St\u00e5ngebro (1998) Karakt\u00e4rer: Anna (Sigismunds syster), Folke Filbyter, hertig Karl, kung Sigismund, Medikus, Psyko Brahe, Saida (Karls r\u00e5dgivare), Seppo Fan och Stiernhielm Holgerspexets urupps\u00e4ttning utspelade sig s\u00e5 n\u00e4ra Forumteatern att man fr\u00e5n \u00e5sk\u00e5darplats s\u00e4kert skulle kunna ha h\u00f6rt larmet fr\u00e5n Sveriges sista inb\u00f6rdeskrig, som h\u00e4rjade vid St\u00e5ngebro kring det som idag \u00e4r St\u00e5ngebro sportf\u00e4lt. Till allas l\u00e4ttnad befann man sig p\u00e5 400 \u00e5rs tryggt avst\u00e5nd fr\u00e5n kriget och el\u00e4ndet och kunde fokusera p\u00e5 den v\u00e4v av intriger som enligt denna historieskrivning f\u00f6ranledde Slaget vid St\u00e5ngebro. Den protestantiske hertig Karl hade lejt den galne vetenskapsmannen Psyko Brahe f\u00f6r att bygga KAS 39 Grepen, vapnet som skulle g\u00f6ra den katolske kung Sigismund arbetsl\u00f6s. R\u00e4nksmidaren Karl lyckas sn\u00e4rja Sigismunds syster och f\u00e5 henne att \u00f6vertyga den hypokondriske kung Sigismund att han kan bli frisk om han bara t\u00e5gar med sin arm\u00e9 in i en f\u00e4lla som Karl arrangerat. Bonden Folke Filbyter&hellip;<\/p>\n<p> <a class=\"more-link\" href=\"https:\/\/holgerspexet.se\/index.php\/om-holgerspexet\/tidigare-spex\/1998-slaganfallet-vid-stangebro\/\">Read more<\/a><\/p>\n","protected":false},"author":9,"featured_media":0,"parent":38,"menu_order":23,"comment_status":"closed","ping_status":"closed","template":"","meta":{"inline_featured_image":false,"footnotes":""},"class_list":["post-210","page","type-page","status-publish"],"_links":{"self":[{"href":"https:\/\/holgerspexet.se\/index.php\/wp-json\/wp\/v2\/pages\/210","targetHints":{"allow":["GET"]}}],"collection":[{"href":"https:\/\/holgerspexet.se\/index.php\/wp-json\/wp\/v2\/pages"}],"about":[{"href":"https:\/\/holgerspexet.se\/index.php\/wp-json\/wp\/v2\/types\/page"}],"author":[{"embeddable":true,"href":"https:\/\/holgerspexet.se\/index.php\/wp-json\/wp\/v2\/users\/9"}],"replies":[{"embeddable":true,"href":"https:\/\/holgerspexet.se\/index.php\/wp-json\/wp\/v2\/comments?post=210"}],"version-history":[{"count":3,"href":"https:\/\/holgerspexet.se\/index.php\/wp-json\/wp\/v2\/pages\/210\/revisions"}],"predecessor-version":[{"id":1134,"href":"https:\/\/holgerspexet.se\/index.php\/wp-json\/wp\/v2\/pages\/210\/revisions\/1134"}],"up":[{"embeddable":true,"href":"https:\/\/holgerspexet.se\/index.php\/wp-json\/wp\/v2\/pages\/38"}],"wp:attachment":[{"href":"https:\/\/holgerspexet.se\/index.php\/wp-json\/wp\/v2\/media?parent=210"}],"curies":[{"name":"wp","href":"https:\/\/api.w.org\/{rel}","templated":true}]}}