{"id":248,"date":"2019-03-03T14:59:21","date_gmt":"2019-03-03T14:59:21","guid":{"rendered":"https:\/\/holgerspexet-public.lysator.liu.se\/?page_id=248"},"modified":"2019-09-10T13:35:47","modified_gmt":"2019-09-10T13:35:47","slug":"vad-ar-ett-spex","status":"publish","type":"page","link":"https:\/\/holgerspexet.se\/index.php\/om-holgerspexet\/vad-ar-ett-spex\/","title":{"rendered":"Vad \u00e4r ett spex?"},"content":{"rendered":"\n<h3 class=\"wp-block-heading\">Vad \u00e4r egentligen ett studentspex?<\/h3>\n\n\n\n<p>Ett spex \u00e4r som teater, fast \u00e4nd\u00e5 inte. Ett spex tar en k\u00e4nd historisk eller mytologisk h\u00e4ndelse eller ber\u00e4ttelse och omtolkar den f\u00f6r att f\u00f6ra fram vad som &#8220;egentligen&#8221; h\u00e4nde.<\/p>\n\n\n\n<figure class=\"wp-block-image\"><img fetchpriority=\"high\" decoding=\"async\" width=\"2048\" height=\"1365\" src=\"https:\/\/holgerspexet-public.lysator.liu.se\/wp-content\/uploads\/2019\/03\/Cecilia_Olsson-2486.jpg\" alt=\"\" class=\"wp-image-316\"\/><figcaption>Foto: <a href=\"https:\/\/ceciliaolsson.com\/\">Cecilia Olsson<\/a> (2018)<\/figcaption><\/figure>\n\n\n\n<p>Hos Holgerspexet inneb\u00e4r studentspex h\u00e4rliga f\u00f6rest\u00e4llningar fyllda av:<\/p>\n\n\n\n<ul class=\"wp-block-list\"><li>rimmad teater<\/li><li>s\u00e5ng<\/li><li>dans<\/li><li>musik <\/li><li>en stor portion humor<\/li><\/ul>\n\n\n\n<p>Publikinteraktion \u00e4r ocks\u00e5 ett viktigt inslag i spex. Det inneb\u00e4r att publiken kan p\u00e5verka det som h\u00e4nder p\u00e5 scen genom att ropa vad sk\u00e5disarna ska g\u00f6ra, allt fr\u00e5n de klassiska &#8220;omstart&#8221;-ropen till uppmaningar om att ta repliker p\u00e5 andra spr\u00e5k, att g\u00f6ra n\u00e5got bakl\u00e4nges eller g\u00f6ra n\u00e5got som Vanheden skulle gjort det.<\/p>\n\n\n\n<p>Spex \u00e4r d\u00e4rf\u00f6r fyllt av spontana infall fr\u00e5n publiken och improvisation fr\u00e5n sk\u00e5disarna. Resultatet upplever man b\u00e4st genom att sj\u00e4lv boka in sig p\u00e5 n\u00e4sta spexf\u00f6rest\u00e4llning!<\/p>\n","protected":false},"excerpt":{"rendered":"<p>Vad \u00e4r egentligen ett studentspex? Ett spex \u00e4r som teater, fast \u00e4nd\u00e5 inte. Ett spex tar en k\u00e4nd historisk eller mytologisk h\u00e4ndelse eller ber\u00e4ttelse och omtolkar den f\u00f6r att f\u00f6ra fram vad som &#8220;egentligen&#8221; h\u00e4nde. Hos Holgerspexet inneb\u00e4r studentspex h\u00e4rliga f\u00f6rest\u00e4llningar fyllda av: rimmad teater s\u00e5ng dans musik en stor portion humor Publikinteraktion \u00e4r ocks\u00e5 ett viktigt inslag i spex. Det inneb\u00e4r att publiken kan p\u00e5verka det som h\u00e4nder p\u00e5 scen genom att ropa vad sk\u00e5disarna ska g\u00f6ra, allt fr\u00e5n de klassiska &#8220;omstart&#8221;-ropen till uppmaningar om att ta repliker p\u00e5 andra spr\u00e5k, att g\u00f6ra n\u00e5got bakl\u00e4nges eller g\u00f6ra n\u00e5got som Vanheden skulle gjort det. Spex \u00e4r d\u00e4rf\u00f6r fyllt av spontana infall fr\u00e5n publiken och improvisation fr\u00e5n sk\u00e5disarna. Resultatet upplever man b\u00e4st genom att sj\u00e4lv boka in sig p\u00e5 n\u00e4sta spexf\u00f6rest\u00e4llning!<\/p>\n","protected":false},"author":9,"featured_media":0,"parent":9,"menu_order":2,"comment_status":"closed","ping_status":"closed","template":"","meta":{"inline_featured_image":false,"footnotes":""},"class_list":["post-248","page","type-page","status-publish"],"_links":{"self":[{"href":"https:\/\/holgerspexet.se\/index.php\/wp-json\/wp\/v2\/pages\/248","targetHints":{"allow":["GET"]}}],"collection":[{"href":"https:\/\/holgerspexet.se\/index.php\/wp-json\/wp\/v2\/pages"}],"about":[{"href":"https:\/\/holgerspexet.se\/index.php\/wp-json\/wp\/v2\/types\/page"}],"author":[{"embeddable":true,"href":"https:\/\/holgerspexet.se\/index.php\/wp-json\/wp\/v2\/users\/9"}],"replies":[{"embeddable":true,"href":"https:\/\/holgerspexet.se\/index.php\/wp-json\/wp\/v2\/comments?post=248"}],"version-history":[{"count":9,"href":"https:\/\/holgerspexet.se\/index.php\/wp-json\/wp\/v2\/pages\/248\/revisions"}],"predecessor-version":[{"id":1301,"href":"https:\/\/holgerspexet.se\/index.php\/wp-json\/wp\/v2\/pages\/248\/revisions\/1301"}],"up":[{"embeddable":true,"href":"https:\/\/holgerspexet.se\/index.php\/wp-json\/wp\/v2\/pages\/9"}],"wp:attachment":[{"href":"https:\/\/holgerspexet.se\/index.php\/wp-json\/wp\/v2\/media?parent=248"}],"curies":[{"name":"wp","href":"https:\/\/api.w.org\/{rel}","templated":true}]}}