{"id":251,"date":"2019-03-03T15:11:00","date_gmt":"2019-03-03T15:11:00","guid":{"rendered":"https:\/\/holgerspexet-public.lysator.liu.se\/?page_id=251"},"modified":"2019-09-10T13:38:24","modified_gmt":"2019-09-10T13:38:24","slug":"vara-spexvanner","status":"publish","type":"page","link":"https:\/\/holgerspexet.se\/index.php\/om-holgerspexet\/vara-spexvanner\/","title":{"rendered":"V\u00e5ra spexv\u00e4nner"},"content":{"rendered":"\n<p>Vi har en massa h\u00e4rliga samarbetspartners och spexkompisar! Klicka p\u00e5 l\u00e4nkarna f\u00f6r att l\u00e4sa mer om respektive organisation.<\/p>\n\n\n\n<h4 class=\"wp-block-heading\">Samarbetspartners<\/h4>\n\n\n\n<ul class=\"wp-block-list\"><li><a href=\"https:\/\/www.studieframjandet.se\/\">Studiefr\u00e4mjandet<\/a><\/li><li><a href=\"https:\/\/lintek.liu.se\/\">LinTek<\/a><\/li><li><a href=\"https:\/\/www.stuff.liu.se\/\">Stuff<\/a><\/li><li><a href=\"https:\/\/consensus.liu.se\/en\/\">Consensus <\/a><\/li><\/ul>\n\n\n\n<h4 class=\"wp-block-heading\">V\u00e5ra b\u00e4sta v\u00e4nner<\/h4>\n\n\n\n<ul class=\"wp-block-list\"><li><a href=\"http:\/\/www.studentspex.se\/\">Link\u00f6pings studentspex<\/a><\/li><\/ul>\n\n\n\n<h4 class=\"wp-block-heading\">Spexkompisar<\/h4>\n\n\n\n<ul class=\"wp-block-list\"><li><a href=\"http:\/\/bob.chalmersspexet.se\/\">Chalmerspexet Bob<\/a><br><\/li><li><a href=\"http:\/\/vera.chalmersspexet.se\/\">Chalmerspexet Vera<\/a><\/li><li><a href=\"https:\/\/fysikalen.se\/\">Fysikalen<\/a><\/li><li><a href=\"http:\/\/www.teaterinferno.se\/\">Inferno<\/a><\/li><li><a href=\"https:\/\/karspexet.se\/\">K\u00e5rspexet<\/a><\/li><li><a href=\"http:\/\/lulespexet.se\/\">Lulespexet<\/a><\/li><li><a href=\"http:\/\/medicinarspexet.com\/\">Medicinska Spexarcorpsen G\u00f6theborg<\/a><\/li><li><a href=\"http:\/\/medicinarspexet.se\/\">MESK &#8211; Medicinarspexet i Ume\u00e5<\/a><\/li><li><a href=\"http:\/\/orebrospexet.com\/spex2\/\">\u00d6rebrospexet<\/a><\/li><\/ul>\n","protected":false},"excerpt":{"rendered":"<p>Vi har en massa h\u00e4rliga samarbetspartners och spexkompisar! Klicka p\u00e5 l\u00e4nkarna f\u00f6r att l\u00e4sa mer om respektive organisation. Samarbetspartners Studiefr\u00e4mjandet LinTek Stuff Consensus V\u00e5ra b\u00e4sta v\u00e4nner Link\u00f6pings studentspex Spexkompisar Chalmerspexet Bob Chalmerspexet Vera Fysikalen Inferno K\u00e5rspexet Lulespexet Medicinska Spexarcorpsen G\u00f6theborg MESK &#8211; Medicinarspexet i Ume\u00e5 \u00d6rebrospexet<\/p>\n","protected":false},"author":9,"featured_media":0,"parent":9,"menu_order":5,"comment_status":"closed","ping_status":"closed","template":"","meta":{"inline_featured_image":false,"footnotes":""},"class_list":["post-251","page","type-page","status-publish"],"_links":{"self":[{"href":"https:\/\/holgerspexet.se\/index.php\/wp-json\/wp\/v2\/pages\/251","targetHints":{"allow":["GET"]}}],"collection":[{"href":"https:\/\/holgerspexet.se\/index.php\/wp-json\/wp\/v2\/pages"}],"about":[{"href":"https:\/\/holgerspexet.se\/index.php\/wp-json\/wp\/v2\/types\/page"}],"author":[{"embeddable":true,"href":"https:\/\/holgerspexet.se\/index.php\/wp-json\/wp\/v2\/users\/9"}],"replies":[{"embeddable":true,"href":"https:\/\/holgerspexet.se\/index.php\/wp-json\/wp\/v2\/comments?post=251"}],"version-history":[{"count":6,"href":"https:\/\/holgerspexet.se\/index.php\/wp-json\/wp\/v2\/pages\/251\/revisions"}],"predecessor-version":[{"id":1303,"href":"https:\/\/holgerspexet.se\/index.php\/wp-json\/wp\/v2\/pages\/251\/revisions\/1303"}],"up":[{"embeddable":true,"href":"https:\/\/holgerspexet.se\/index.php\/wp-json\/wp\/v2\/pages\/9"}],"wp:attachment":[{"href":"https:\/\/holgerspexet.se\/index.php\/wp-json\/wp\/v2\/media?parent=251"}],"curies":[{"name":"wp","href":"https:\/\/api.w.org\/{rel}","templated":true}]}}