{"id":26,"date":"2019-02-26T10:58:18","date_gmt":"2019-02-26T10:58:18","guid":{"rendered":"https:\/\/holgerspexet-public.lysator.liu.se\/?page_id=26"},"modified":"2024-01-22T21:19:28","modified_gmt":"2024-01-22T21:19:28","slug":"kontakta-oss","status":"publish","type":"page","link":"https:\/\/holgerspexet.se\/index.php\/kontakta-oss\/","title":{"rendered":"Kontakta oss"},"content":{"rendered":"\n<h3 class=\"wp-block-heading\">Vill du att Holgerspexet ska komma och underh\u00e5lla p\u00e5 ditt evenemang? <\/h3>\n\n\n\n<p>H\u00f6r d\u00e5 av dig till v\u00e5r gyckelgrupp Nils-Holgerz.<br><strong><em><a href=\"mailto:gyckel@holgerspexet.se\">gyckel@holgerspexet.se<\/a><\/em><\/strong><\/p>\n\n\n\n<h3 class=\"wp-block-heading\">\u00d6vriga kontaktuppgifter<\/h3>\n\n\n\n<p><strong>Ordf\u00f6rande<\/strong><br><em><strong><a href=\"mailto:ordforande@holgerspexet.se\">ordforande@holgerspexet.se<\/a><\/strong><\/em><br>F\u00f6r fr\u00e5gor om f\u00f6reningen.<\/p>\n\n\n\n<p><strong>Vice ordf\u00f6rande<\/strong> <br><em><strong><a href=\"mailto:vice@holgerspexet.se\">vice@holgerspexet.se<\/a><\/strong><\/em><br>N\u00e4r du inte f\u00e5r tag p\u00e5 Ordf\u00f6rande.<\/p>\n\n\n\n<p><strong>Kass\u00f6r<\/strong> <br><em><strong><a href=\"mailto:kassor@holgerspexet.se\">kassor@holgerspexet.se<\/a><\/strong><\/em><br>F\u00f6r fr\u00e5gor om pengar och ekonomi.<\/p>\n\n\n\n<p><strong>Biljettansvarig<\/strong><br><strong><em><a href=\"mailto:biljett@holgerspexet.se\">biljett@holgerspexet.se<\/a><\/em><\/strong><br>F\u00f6r fr\u00e5gor om biljetter och gruppbokningar (fler \u00e4n 10 personer). <\/p>\n\n\n\n<p><strong>PR-chef<\/strong><br><strong><a href=\"mailto:pr@holgerspexet.se \"><em>pr@holgerspexet.se<\/em><\/a><\/strong><br>F\u00f6r fr\u00e5gor om marknadsf\u00f6ring.<\/p>\n\n\n\n<p><strong>Sponsansvarig<\/strong><br><a href=\"mailto:samarbete@holgerspexet.se\"><em><strong>samarbete@holgerspexet.se<\/strong><\/em><\/a><br>F\u00f6r fr\u00e5gor om sponsring.<\/p>\n\n\n\n<p><strong>Lokalansvarig<\/strong> <br><em><strong><a href=\"mailto:webmaster@holgerspexet.se\">lokal@holgerspexet.se<\/a><\/strong><\/em><br>F\u00f6r fr\u00e5gor om f\u00f6reningens lokaler.<\/p>\n\n\n\n<p><strong>Webmaster<\/strong> <br><em><strong><a href=\"mailto:webmaster@holgerspexet.se\">webmaster@holgerspexet.se<\/a><\/strong><\/em><br>F\u00f6r fr\u00e5gor om denna hemsida.<\/p>\n\n\n\n<p><strong>Producent<\/strong>   <br><em><strong><a href=\"mailto:producent@holgerspexet.se\">producent@holgerspexet.se<\/a><\/strong><\/em><br>F\u00f6r fr\u00e5gor om \u00e5rets upps\u00e4ttning och gruppans\u00f6kningar.<\/p>\n\n\n\n<h3 class=\"wp-block-heading\">Postadresser och annan information<\/h3>\n\n\n\n<p><strong>Postadress<\/strong>  <br>Holgerspexet<br>K\u00e5rallen universitetet<br>581 83 Link\u00f6ping  <\/p>\n\n\n\n<p><strong>Adress till f\u00f6rest\u00e4llningar<\/strong> <br>Forumteatern<br>\u00c5gatan 55<br>582 22 Link\u00f6ping  <\/p>\n\n\n\n<p><strong>Bankgiro<\/strong>: 5065-4185 <br><strong>Organisationsnummer<\/strong>: 8220036001  <\/p>\n","protected":false},"excerpt":{"rendered":"<p>Vill du att Holgerspexet ska komma och underh\u00e5lla p\u00e5 ditt evenemang? H\u00f6r d\u00e5 av dig till v\u00e5r gyckelgrupp Nils-Holgerz.gyckel@holgerspexet.se \u00d6vriga kontaktuppgifter Ordf\u00f6randeordforande@holgerspexet.seF\u00f6r fr\u00e5gor om f\u00f6reningen. Vice ordf\u00f6rande vice@holgerspexet.seN\u00e4r du inte f\u00e5r tag p\u00e5 Ordf\u00f6rande. Kass\u00f6r kassor@holgerspexet.seF\u00f6r fr\u00e5gor om pengar och ekonomi. Biljettansvarigbiljett@holgerspexet.seF\u00f6r fr\u00e5gor om biljetter och gruppbokningar (fler \u00e4n 10 personer). PR-chefpr@holgerspexet.seF\u00f6r fr\u00e5gor om marknadsf\u00f6ring. Sponsansvarigsamarbete@holgerspexet.seF\u00f6r fr\u00e5gor om sponsring. Lokalansvarig lokal@holgerspexet.seF\u00f6r fr\u00e5gor om f\u00f6reningens lokaler. Webmaster webmaster@holgerspexet.seF\u00f6r fr\u00e5gor om denna hemsida. Producent producent@holgerspexet.seF\u00f6r fr\u00e5gor om \u00e5rets upps\u00e4ttning och gruppans\u00f6kningar. Postadresser och annan information Postadress HolgerspexetK\u00e5rallen universitetet581 83 Link\u00f6ping Adress till f\u00f6rest\u00e4llningar Forumteatern\u00c5gatan 55582 22 Link\u00f6ping Bankgiro: 5065-4185 Organisationsnummer: 8220036001<\/p>\n","protected":false},"author":9,"featured_media":0,"parent":0,"menu_order":0,"comment_status":"closed","ping_status":"closed","template":"","meta":{"inline_featured_image":false,"footnotes":""},"class_list":["post-26","page","type-page","status-publish"],"_links":{"self":[{"href":"https:\/\/holgerspexet.se\/index.php\/wp-json\/wp\/v2\/pages\/26","targetHints":{"allow":["GET"]}}],"collection":[{"href":"https:\/\/holgerspexet.se\/index.php\/wp-json\/wp\/v2\/pages"}],"about":[{"href":"https:\/\/holgerspexet.se\/index.php\/wp-json\/wp\/v2\/types\/page"}],"author":[{"embeddable":true,"href":"https:\/\/holgerspexet.se\/index.php\/wp-json\/wp\/v2\/users\/9"}],"replies":[{"embeddable":true,"href":"https:\/\/holgerspexet.se\/index.php\/wp-json\/wp\/v2\/comments?post=26"}],"version-history":[{"count":55,"href":"https:\/\/holgerspexet.se\/index.php\/wp-json\/wp\/v2\/pages\/26\/revisions"}],"predecessor-version":[{"id":1958,"href":"https:\/\/holgerspexet.se\/index.php\/wp-json\/wp\/v2\/pages\/26\/revisions\/1958"}],"wp:attachment":[{"href":"https:\/\/holgerspexet.se\/index.php\/wp-json\/wp\/v2\/media?parent=26"}],"curies":[{"name":"wp","href":"https:\/\/api.w.org\/{rel}","templated":true}]}}