{"id":285,"date":"2019-03-05T18:02:20","date_gmt":"2019-03-05T18:02:20","guid":{"rendered":"https:\/\/holgerspexet-public.lysator.liu.se\/?page_id=285"},"modified":"2019-06-05T12:45:25","modified_gmt":"2019-06-05T12:45:25","slug":"holgerspexets-historia","status":"publish","type":"page","link":"https:\/\/holgerspexet.se\/index.php\/om-holgerspexet\/holgerspexets-historia\/","title":{"rendered":"Holgerspexets historia"},"content":{"rendered":"\n<h2 class=\"wp-block-heading\">Holgerspexet &#8211; en rolig historia<\/h2>\n\n\n\n<p>Ett gott skratt f\u00f6rl\u00e4nger livet och torde vara en hederssak f\u00f6r ett H\u00e4lsouniversitet. D\u00e4rf\u00f6r f\u00f6ll det sig naturligt f\u00f6r studenter vid Link\u00f6pings H\u00e4lsouniversitet (numera Medicinska fakulteten) att i slutet av 90-talet ta sig an att g\u00f6ra spex som en livsuppeh\u00e5llande \u00e5tg\u00e4rd. Spex verkar f\u00f6r skratt och gl\u00e4dje och Holgerspexets m\u00e5ls\u00e4ttning har \u00e4nda sedan starten varit att var och en i publiken ska skratta \u00e5tminstone en g\u00e5ng per f\u00f6rest\u00e4llning.<\/p>\n\n\n\n<p>Redan 1995 b\u00f6rjade spexet vakna till liv och 1996 l\u00e5g ett str\u00e5lande spex om r\u00f6ntgens tillkomst f\u00f6r handen. F\u00f6rsta g\u00e5ngen gillt \u00e4r dock ett ok\u00e4nt tales\u00e4tt och det var inte f\u00f6rr\u00e4n tv\u00e5 \u00e5r senare som Holgerspexet hade urpremi\u00e4r, d\u00e5 med f\u00f6rest\u00e4llningen&nbsp;<em><a href=\"https:\/\/holgerspexet.se\/index.php\/om-holgerspexet\/tidigare-spex\/1998-slaganfallet-vid-stangebro\/\">Slaganfallet vid St\u00e5ngebro<\/a><\/em>.<\/p>\n\n\n\n<figure class=\"wp-block-image\"><img fetchpriority=\"high\" decoding=\"async\" width=\"1771\" height=\"1171\" src=\"https:\/\/holgerspexet-public.lysator.liu.se\/wp-content\/uploads\/2019\/03\/O-du-e-sen__6_-2-2.jpg\" alt=\"\" class=\"wp-image-805\"\/><figcaption> Foto: Fredrik Sch\u00f6n (1999)<\/figcaption><\/figure>\n\n\n\n<p>Sedan dess har vi satt upp ett spex varje \u00e5r. Vid tv\u00e5 tillf\u00e4llen (<a href=\"https:\/\/holgerspexet.se\/index.php\/om-holgerspexet\/tidigare-spex\/2012-spex-sm-varldsomstallningen-i-paris\/\">2012<\/a> och <a href=\"https:\/\/holgerspexet.se\/index.php\/om-holgerspexet\/tidigare-spex\/2017-spex-sm-revolutionarerna-en-tramsatlantsik-historia\/\">2017<\/a>) har vi \u00e4ven deltagit i svenska m\u00e4sterskapen i studentspex, d\u00e5 tillsammans med v\u00e5r systerf\u00f6rening Link\u00f6pings studentspex.<\/p>\n\n\n\n<p>Vi har haft fantastiskt roligt under de h\u00e4r dryga 20 \u00e5ren och hoppas att vi f\u00e5r forts\u00e4tta denna resa i m\u00e5nga \u00e5r fram\u00f6ver tillsammans med v\u00e5r underbara publik!<\/p>\n\n\n\n<figure class=\"wp-block-image\"><img decoding=\"async\" width=\"1460\" height=\"971\" src=\"https:\/\/holgerspexet.se\/wp-content\/uploads\/2019\/06\/2018_Engelbrexit_aktfinal.jpg\" alt=\"\" class=\"wp-image-1254\"\/><figcaption>Foto: <a href=\"https:\/\/ceciliaolsson.com\/\">Cecilia Olsson<\/a> (2018)<\/figcaption><\/figure>\n","protected":false},"excerpt":{"rendered":"<p>Holgerspexet &#8211; en rolig historia Ett gott skratt f\u00f6rl\u00e4nger livet och torde vara en hederssak f\u00f6r ett H\u00e4lsouniversitet. D\u00e4rf\u00f6r f\u00f6ll det sig naturligt f\u00f6r studenter vid Link\u00f6pings H\u00e4lsouniversitet (numera Medicinska fakulteten) att i slutet av 90-talet ta sig an att g\u00f6ra spex som en livsuppeh\u00e5llande \u00e5tg\u00e4rd. Spex verkar f\u00f6r skratt och gl\u00e4dje och Holgerspexets m\u00e5ls\u00e4ttning har \u00e4nda sedan starten varit att var och en i publiken ska skratta \u00e5tminstone en g\u00e5ng per f\u00f6rest\u00e4llning. Redan 1995 b\u00f6rjade spexet vakna till liv och 1996 l\u00e5g ett str\u00e5lande spex om r\u00f6ntgens tillkomst f\u00f6r handen. F\u00f6rsta g\u00e5ngen gillt \u00e4r dock ett ok\u00e4nt tales\u00e4tt och det var inte f\u00f6rr\u00e4n tv\u00e5 \u00e5r senare som Holgerspexet hade urpremi\u00e4r, d\u00e5 med f\u00f6rest\u00e4llningen&nbsp;Slaganfallet vid St\u00e5ngebro. Sedan dess har vi satt upp ett spex varje \u00e5r. Vid tv\u00e5 tillf\u00e4llen (2012 och 2017) har vi \u00e4ven deltagit i svenska m\u00e4sterskapen i studentspex, d\u00e5 tillsammans med v\u00e5r systerf\u00f6rening Link\u00f6pings studentspex. Vi har&hellip;<\/p>\n<p> <a class=\"more-link\" href=\"https:\/\/holgerspexet.se\/index.php\/om-holgerspexet\/holgerspexets-historia\/\">Read more<\/a><\/p>\n","protected":false},"author":9,"featured_media":0,"parent":9,"menu_order":1,"comment_status":"closed","ping_status":"closed","template":"","meta":{"inline_featured_image":false,"footnotes":""},"class_list":["post-285","page","type-page","status-publish"],"_links":{"self":[{"href":"https:\/\/holgerspexet.se\/index.php\/wp-json\/wp\/v2\/pages\/285","targetHints":{"allow":["GET"]}}],"collection":[{"href":"https:\/\/holgerspexet.se\/index.php\/wp-json\/wp\/v2\/pages"}],"about":[{"href":"https:\/\/holgerspexet.se\/index.php\/wp-json\/wp\/v2\/types\/page"}],"author":[{"embeddable":true,"href":"https:\/\/holgerspexet.se\/index.php\/wp-json\/wp\/v2\/users\/9"}],"replies":[{"embeddable":true,"href":"https:\/\/holgerspexet.se\/index.php\/wp-json\/wp\/v2\/comments?post=285"}],"version-history":[{"count":14,"href":"https:\/\/holgerspexet.se\/index.php\/wp-json\/wp\/v2\/pages\/285\/revisions"}],"predecessor-version":[{"id":1256,"href":"https:\/\/holgerspexet.se\/index.php\/wp-json\/wp\/v2\/pages\/285\/revisions\/1256"}],"up":[{"embeddable":true,"href":"https:\/\/holgerspexet.se\/index.php\/wp-json\/wp\/v2\/pages\/9"}],"wp:attachment":[{"href":"https:\/\/holgerspexet.se\/index.php\/wp-json\/wp\/v2\/media?parent=285"}],"curies":[{"name":"wp","href":"https:\/\/api.w.org\/{rel}","templated":true}]}}