{"id":35,"date":"2019-02-26T11:09:09","date_gmt":"2019-02-26T11:09:09","guid":{"rendered":"https:\/\/holgerspexet-public.lysator.liu.se\/?page_id=35"},"modified":"2026-03-01T16:12:46","modified_gmt":"2026-03-01T16:12:46","slug":"kop-biljetter","status":"publish","type":"page","link":"https:\/\/holgerspexet.se\/index.php\/kop-biljetter\/","title":{"rendered":"K\u00f6p biljetter"},"content":{"rendered":"\t\t<div data-elementor-type=\"wp-page\" data-elementor-id=\"35\" class=\"elementor elementor-35\">\n\t\t\t\t\t\t<section class=\"elementor-section elementor-top-section elementor-element elementor-element-6af99d2a elementor-section-boxed elementor-section-height-default elementor-section-height-default\" data-id=\"6af99d2a\" data-element_type=\"section\" data-e-type=\"section\">\n\t\t\t\t\t\t<div class=\"elementor-container elementor-column-gap-default\">\n\t\t\t\t\t<div class=\"elementor-column elementor-col-100 elementor-top-column elementor-element elementor-element-6fd35d90\" data-id=\"6fd35d90\" data-element_type=\"column\" data-e-type=\"column\">\n\t\t\t<div class=\"elementor-widget-wrap elementor-element-populated\">\n\t\t\t\t\t\t<div class=\"elementor-element elementor-element-538e507f elementor-widget elementor-widget-text-editor\" data-id=\"538e507f\" data-element_type=\"widget\" data-e-type=\"widget\" data-widget_type=\"text-editor.default\">\n\t\t\t\t<div class=\"elementor-widget-container\">\n\t\t\t\t\t\t\t\t\t<h2>biljetter<\/h2>\n<p><span style=\"font-weight: 400;\">K\u00f6p biljetter till v\u00e5ra f\u00f6rest\u00e4llningar genom att klicka p\u00e5 en av f\u00f6rest\u00e4llningsdagarna nedan!<\/span><\/p>\n<p><span style=\"font-weight: 400;\">\u00a0<\/span><\/p>\n\n\n\n<p>F\u00f6rest\u00e4llningarna spelas p\u00e5 Forumteatern i K\u00e5rhuset Kollektivet, \u00c5gatan 55, Link\u00f6ping. Observera att vi inte till\u00e4mpar n\u00e5got \u00e5terk\u00f6p.<\/p>\n<p>\u00c4r ni en f\u00f6rening\/f\u00f6retag eller st\u00f6rre s\u00e4llskap som ska g\u00e5 p\u00e5 spex eller har ni andra funderingar kring biljetter? H\u00f6r av er till <a href=\"mailto:biljett@holgerspexet.se\">biljett@holgerspexet.se<\/a><\/p>\n<p>Foaj\u00e9n \u00e4r \u00f6ppen en timme innan f\u00f6rest\u00e4llning och d\u00f6rrarna till salongen \u00f6ppnar en kvart innan f\u00f6rest\u00e4llningen b\u00f6rjar.<\/p>\n<p>&nbsp;<\/p>\n<h2><strong>kiosk<\/strong><\/h2>\n<p><!-- \/wp:heading --><\/p>\n<p><!-- wp:paragraph --><\/p>\n<p>Innan v\u00e5ra f\u00f6rest\u00e4llningar samt under pausen finns det m\u00f6jlighet att k\u00f6pa fika, te och kaffe\u00a0i v\u00e5r kiosk. Den m\u00f6ter ni i\u00a0<span style=\"color: var( --e-global-color-text ); letter-spacing: 0px;\">foaj\u00e9n, p\u00e5 v\u00e4g in i salongen. I kiosken s\u00e4ljer vi \u00e4ven m\u00e4rken, programblad och kanske n\u00e5got annat skoj!<\/span><\/p>\n<p><!-- \/wp:paragraph --><\/p>\n<p><!-- wp:paragraph --><\/p>\n<p>Ni f\u00e5r ha med fika i salongen, men <strong>undvik g\u00e4rna n\u00f6tter<\/strong>, d\u00e5 det kan finnas personer som \u00e4r allergiska.<\/p>\n<p><!-- wp:paragraph --><\/p>\n<p><!-- \/wp:paragraph --><\/p>\t\t\t\t\t\t\t\t<\/div>\n\t\t\t\t<\/div>\n\t\t\t\t\t<\/div>\n\t\t<\/div>\n\t\t\t\t\t<\/div>\n\t\t<\/section>\n\t\t\t\t<\/div>\n\t\t","protected":false},"excerpt":{"rendered":"<p>biljetter K\u00f6p biljetter till v\u00e5ra f\u00f6rest\u00e4llningar genom att klicka p\u00e5 en av f\u00f6rest\u00e4llningsdagarna nedan! \u00a0 F\u00f6rest\u00e4llningarna spelas p\u00e5 Forumteatern i K\u00e5rhuset Kollektivet, \u00c5gatan 55, Link\u00f6ping. Observera att vi inte till\u00e4mpar n\u00e5got \u00e5terk\u00f6p. \u00c4r ni en f\u00f6rening\/f\u00f6retag eller st\u00f6rre s\u00e4llskap som ska g\u00e5 p\u00e5 spex eller har ni andra funderingar kring biljetter? H\u00f6r av er till biljett@holgerspexet.se Foaj\u00e9n \u00e4r \u00f6ppen en timme innan f\u00f6rest\u00e4llning och d\u00f6rrarna till salongen \u00f6ppnar en kvart innan f\u00f6rest\u00e4llningen b\u00f6rjar. &nbsp; kiosk Innan v\u00e5ra f\u00f6rest\u00e4llningar samt under pausen finns det m\u00f6jlighet att k\u00f6pa fika, te och kaffe\u00a0i v\u00e5r kiosk. Den m\u00f6ter ni i\u00a0foaj\u00e9n, p\u00e5 v\u00e4g in i salongen. I kiosken s\u00e4ljer vi \u00e4ven m\u00e4rken, programblad och kanske n\u00e5got annat skoj! Ni f\u00e5r ha med fika i salongen, men undvik g\u00e4rna n\u00f6tter, d\u00e5 det kan finnas personer som \u00e4r allergiska.<\/p>\n","protected":false},"author":9,"featured_media":0,"parent":0,"menu_order":0,"comment_status":"closed","ping_status":"closed","template":"","meta":{"inline_featured_image":false,"footnotes":""},"class_list":["post-35","page","type-page","status-publish"],"_links":{"self":[{"href":"https:\/\/holgerspexet.se\/index.php\/wp-json\/wp\/v2\/pages\/35","targetHints":{"allow":["GET"]}}],"collection":[{"href":"https:\/\/holgerspexet.se\/index.php\/wp-json\/wp\/v2\/pages"}],"about":[{"href":"https:\/\/holgerspexet.se\/index.php\/wp-json\/wp\/v2\/types\/page"}],"author":[{"embeddable":true,"href":"https:\/\/holgerspexet.se\/index.php\/wp-json\/wp\/v2\/users\/9"}],"replies":[{"embeddable":true,"href":"https:\/\/holgerspexet.se\/index.php\/wp-json\/wp\/v2\/comments?post=35"}],"version-history":[{"count":109,"href":"https:\/\/holgerspexet.se\/index.php\/wp-json\/wp\/v2\/pages\/35\/revisions"}],"predecessor-version":[{"id":2204,"href":"https:\/\/holgerspexet.se\/index.php\/wp-json\/wp\/v2\/pages\/35\/revisions\/2204"}],"wp:attachment":[{"href":"https:\/\/holgerspexet.se\/index.php\/wp-json\/wp\/v2\/media?parent=35"}],"curies":[{"name":"wp","href":"https:\/\/api.w.org\/{rel}","templated":true}]}}