{"id":49,"date":"2019-02-26T11:24:15","date_gmt":"2019-02-26T11:24:15","guid":{"rendered":"https:\/\/holgerspexet-public.lysator.liu.se\/?page_id=49"},"modified":"2023-01-22T20:19:09","modified_gmt":"2023-01-22T20:19:09","slug":"bli-spexare","status":"publish","type":"page","link":"https:\/\/holgerspexet.se\/index.php\/bli-spexare\/","title":{"rendered":"Bli spexare"},"content":{"rendered":"\n<h3 class=\"wp-block-heading\">Varf\u00f6r ska jag g\u00e5 med i Holgerspexet?<\/h3>\n\n\n\n<p>D\u00e4rf\u00f6r att Holgerspexet \u00e4r en fantastisk teaterf\u00f6rening fylld med kreativa, varmhj\u00e4rtade och h\u00e4rliga m\u00e4nniskor!<\/p>\n\n\n\n<p>Redan \u00f6vertygad? S\u00f6k <a href=\"https:\/\/holgerspexet.se\/index.php\/bli-spexare\/sok-spexet\/\">h\u00e4r<\/a>.<\/p>\n\n\n\n<h3 class=\"wp-block-heading\">Vad kan jag g\u00f6ra i Holgerspexet?<\/h3>\n\n\n\n<p>Spexet har n\u00e5got f\u00f6r n\u00e4stan alla! Kanske vill du bygga dekor, sy kostymer eller rigga ljud och ljus p\u00e5 v\u00e5ra f\u00f6rest\u00e4llningar? Eller \u00e4r du mer typen som vill skriva manus, arrangera l\u00e5tar eller kanske st\u00e5 p\u00e5 scen? En mer utf\u00f6rlig beskrivning av de olika grupperna finns <a href=\"https:\/\/holgerspexet.se\/index.php\/bli-spexare\/grupper-i-holgerspexet\/\" target=\"_blank\" rel=\"noreferrer noopener\">h\u00e4r<\/a>.<\/p>\n\n\n\n<h3 class=\"wp-block-heading\">N\u00e4r och hur s\u00f6ker jag till Holgerspexet?<\/h3>\n\n\n\n<p>Du hittar (f\u00f6rhoppningsvis) all matnyttig information p\u00e5 <a href=\"https:\/\/holgerspexet.se\/index.php\/bli-spexare\/sok-spexet\/\">S\u00f6k spexet<\/a>.<\/p>\n\n\n\n<figure class=\"wp-block-image\"><img fetchpriority=\"high\" decoding=\"async\" width=\"2048\" height=\"1367\" src=\"https:\/\/holgerspexet.se\/wp-content\/uploads\/2019\/04\/Cecilia_Olsson-3888.jpg\" alt=\"\" class=\"wp-image-1213\"\/><figcaption class=\"wp-element-caption\">Foto: <a href=\"https:\/\/ceciliaolsson.com\/\">Cecilia Olsson<\/a> (2016)<\/figcaption><\/figure>\n","protected":false},"excerpt":{"rendered":"<p>Varf\u00f6r ska jag g\u00e5 med i Holgerspexet? D\u00e4rf\u00f6r att Holgerspexet \u00e4r en fantastisk teaterf\u00f6rening fylld med kreativa, varmhj\u00e4rtade och h\u00e4rliga m\u00e4nniskor! Redan \u00f6vertygad? S\u00f6k h\u00e4r. Vad kan jag g\u00f6ra i Holgerspexet? Spexet har n\u00e5got f\u00f6r n\u00e4stan alla! Kanske vill du bygga dekor, sy kostymer eller rigga ljud och ljus p\u00e5 v\u00e5ra f\u00f6rest\u00e4llningar? Eller \u00e4r du mer typen som vill skriva manus, arrangera l\u00e5tar eller kanske st\u00e5 p\u00e5 scen? En mer utf\u00f6rlig beskrivning av de olika grupperna finns h\u00e4r. N\u00e4r och hur s\u00f6ker jag till Holgerspexet? Du hittar (f\u00f6rhoppningsvis) all matnyttig information p\u00e5 S\u00f6k spexet.<\/p>\n","protected":false},"author":9,"featured_media":0,"parent":0,"menu_order":0,"comment_status":"closed","ping_status":"closed","template":"","meta":{"inline_featured_image":false,"footnotes":""},"class_list":["post-49","page","type-page","status-publish"],"_links":{"self":[{"href":"https:\/\/holgerspexet.se\/index.php\/wp-json\/wp\/v2\/pages\/49","targetHints":{"allow":["GET"]}}],"collection":[{"href":"https:\/\/holgerspexet.se\/index.php\/wp-json\/wp\/v2\/pages"}],"about":[{"href":"https:\/\/holgerspexet.se\/index.php\/wp-json\/wp\/v2\/types\/page"}],"author":[{"embeddable":true,"href":"https:\/\/holgerspexet.se\/index.php\/wp-json\/wp\/v2\/users\/9"}],"replies":[{"embeddable":true,"href":"https:\/\/holgerspexet.se\/index.php\/wp-json\/wp\/v2\/comments?post=49"}],"version-history":[{"count":34,"href":"https:\/\/holgerspexet.se\/index.php\/wp-json\/wp\/v2\/pages\/49\/revisions"}],"predecessor-version":[{"id":1801,"href":"https:\/\/holgerspexet.se\/index.php\/wp-json\/wp\/v2\/pages\/49\/revisions\/1801"}],"wp:attachment":[{"href":"https:\/\/holgerspexet.se\/index.php\/wp-json\/wp\/v2\/media?parent=49"}],"curies":[{"name":"wp","href":"https:\/\/api.w.org\/{rel}","templated":true}]}}