{"id":53,"date":"2019-02-26T11:49:56","date_gmt":"2019-02-26T11:49:56","guid":{"rendered":"https:\/\/holgerspexet-public.lysator.liu.se\/?page_id=53"},"modified":"2019-10-23T14:45:26","modified_gmt":"2019-10-23T14:45:26","slug":"recensioner","status":"publish","type":"page","link":"https:\/\/holgerspexet.se\/index.php\/om-holgerspexet\/recensioner\/","title":{"rendered":"Recensioner"},"content":{"rendered":"\n<blockquote class=\"wp-block-quote is-layout-flow wp-block-quote-is-layout-flow\"><p><strong><em>&#8220;Parallellt med fantastiska k\u00f6rs\u00e5nger, talpartier, kvicka dansinslag till tonerna av en formidabelt tons\u00e4ker orkester kan vi ocks\u00e5 njuta av en h\u00e4rligt \u00f6verd\u00e5dig scenbild och skickligt sydda scendr\u00e4kter. De atmosf\u00e4rrika ljuss\u00e4ttningarna \u00e4r ocks\u00e5 v\u00e4lsynkroniserade med allt som gestaltas av liv och lust i denna rikhaltiga musikal.<\/em><\/strong>&#8220;<\/p><cite>\u00d6stg\u00f6ta Correspondenten, 2017 (<a href=\"https:\/\/holgerspexet.se\/index.php\/om-holgerspexet\/tidigare-spex\/2017-vlad-helsing-checkar-in\/\">Vlad Helsing checkar in<\/a>)<\/cite><\/blockquote>\n\n\n\n<blockquote class=\"wp-block-quote is-layout-flow wp-block-quote-is-layout-flow\"><p>&#8220;<strong><em>Det h\u00e4r \u00e4r nog ett av de absolut b\u00e4sta spexen jag sett under \u00e5ren. Imponerande av en ideell studentf\u00f6rening som i m\u00e5nga avseenden kan betecknas som n\u00e4rmast professionell i s\u00e5 m\u00e5nga sceniska gestaltningar. Hurra och sk\u00e5l f\u00f6r alla!<\/em><\/strong> &#8220;<\/p><cite>\u00d6stg\u00f6ta Correspondenten, 2016 (<a href=\"https:\/\/holgerspexet.se\/index.php\/om-holgerspexet\/tidigare-spex\/2016-tsar-du-revolution\/\">Tsar du revolution?<\/a>)<\/cite><\/blockquote>\n\n\n\n<blockquote class=\"wp-block-quote is-layout-flow wp-block-quote-is-layout-flow\"><p>&#8220;<strong><em>Om du gillar spex s\u00e5 tror jag att du kommer att gilla det h\u00e4r. Om du inte gillar spex s\u00e5 kan du \u00e4nd\u00e5 g\u00e5 hit f\u00f6r musikens skull. Gillar du varken spex eller musik s\u00e5 kan det \u00e4nd\u00e5 vara v\u00e4rt att kolla in Kleopatras sv\u00e4llande biceps.<\/em><\/strong>&#8221; <\/p><cite>\u00d6stg\u00f6ta Correspondenten, 2002 (<a href=\"https:\/\/holgerspexet.se\/index.php\/om-holgerspexet\/tidigare-spex\/2002-den-forbannade-mumien\/\">Den f\u00f6rbannade mumien<\/a>)<\/cite><\/blockquote>\n\n\n\n<blockquote class=\"wp-block-quote is-layout-flow wp-block-quote-is-layout-flow\"><p><strong><em>&#8220;Men det \u00e4r f\u00f6r n\u00e5gra f\u00f6rtrollade minuter som jag kommer att minnas det h\u00e4r spexet i m\u00e4ngden av andra spex jag sett [&#8230;] Orden minns jag inte, bara att hela publiken pl\u00f6tsligt satt f\u00f6rstummad, f\u00e5ngad av s\u00e5ngen och musiken och att skinnet knottrade sig av v\u00e4lbehag. S\u00e5 bra att man gl\u00f6mde att man var p\u00e5 spex.<\/em><\/strong><\/p><cite>Tidningsrecension (H.Was\u00e9n), 2000 (<a href=\"https:\/\/holgerspexet.se\/index.php\/om-holgerspexet\/tidigare-spex\/2000-ansgar\/\">Ansgar &#8211; en musikalisk resa till Vikingstad<\/a>)<\/cite><\/blockquote>\n","protected":false},"excerpt":{"rendered":"<p>&#8220;Parallellt med fantastiska k\u00f6rs\u00e5nger, talpartier, kvicka dansinslag till tonerna av en formidabelt tons\u00e4ker orkester kan vi ocks\u00e5 njuta av en h\u00e4rligt \u00f6verd\u00e5dig scenbild och skickligt sydda scendr\u00e4kter. De atmosf\u00e4rrika ljuss\u00e4ttningarna \u00e4r ocks\u00e5 v\u00e4lsynkroniserade med allt som gestaltas av liv och lust i denna rikhaltiga musikal.&#8220; \u00d6stg\u00f6ta Correspondenten, 2017 (Vlad Helsing checkar in) &#8220;Det h\u00e4r \u00e4r nog ett av de absolut b\u00e4sta spexen jag sett under \u00e5ren. Imponerande av en ideell studentf\u00f6rening som i m\u00e5nga avseenden kan betecknas som n\u00e4rmast professionell i s\u00e5 m\u00e5nga sceniska gestaltningar. Hurra och sk\u00e5l f\u00f6r alla! &#8220; \u00d6stg\u00f6ta Correspondenten, 2016 (Tsar du revolution?) &#8220;Om du gillar spex s\u00e5 tror jag att du kommer att gilla det h\u00e4r. Om du inte gillar spex s\u00e5 kan du \u00e4nd\u00e5 g\u00e5 hit f\u00f6r musikens skull. Gillar du varken spex eller musik s\u00e5 kan det \u00e4nd\u00e5 vara v\u00e4rt att kolla in Kleopatras sv\u00e4llande biceps.&#8221; \u00d6stg\u00f6ta Correspondenten, 2002 (Den f\u00f6rbannade mumien) &#8220;Men&hellip;<\/p>\n<p> <a class=\"more-link\" href=\"https:\/\/holgerspexet.se\/index.php\/om-holgerspexet\/recensioner\/\">Read more<\/a><\/p>\n","protected":false},"author":9,"featured_media":0,"parent":9,"menu_order":4,"comment_status":"closed","ping_status":"closed","template":"","meta":{"inline_featured_image":false,"footnotes":""},"class_list":["post-53","page","type-page","status-publish"],"_links":{"self":[{"href":"https:\/\/holgerspexet.se\/index.php\/wp-json\/wp\/v2\/pages\/53","targetHints":{"allow":["GET"]}}],"collection":[{"href":"https:\/\/holgerspexet.se\/index.php\/wp-json\/wp\/v2\/pages"}],"about":[{"href":"https:\/\/holgerspexet.se\/index.php\/wp-json\/wp\/v2\/types\/page"}],"author":[{"embeddable":true,"href":"https:\/\/holgerspexet.se\/index.php\/wp-json\/wp\/v2\/users\/9"}],"replies":[{"embeddable":true,"href":"https:\/\/holgerspexet.se\/index.php\/wp-json\/wp\/v2\/comments?post=53"}],"version-history":[{"count":6,"href":"https:\/\/holgerspexet.se\/index.php\/wp-json\/wp\/v2\/pages\/53\/revisions"}],"predecessor-version":[{"id":1450,"href":"https:\/\/holgerspexet.se\/index.php\/wp-json\/wp\/v2\/pages\/53\/revisions\/1450"}],"up":[{"embeddable":true,"href":"https:\/\/holgerspexet.se\/index.php\/wp-json\/wp\/v2\/pages\/9"}],"wp:attachment":[{"href":"https:\/\/holgerspexet.se\/index.php\/wp-json\/wp\/v2\/media?parent=53"}],"curies":[{"name":"wp","href":"https:\/\/api.w.org\/{rel}","templated":true}]}}