{"id":8,"date":"2019-02-12T18:31:32","date_gmt":"2019-02-12T18:31:32","guid":{"rendered":"https:\/\/holgerspexet-public.lysator.liu.se\/?page_id=8"},"modified":"2022-11-04T10:42:50","modified_gmt":"2022-11-04T10:42:50","slug":"2021-stockholmsutskallningen-1866","status":"publish","type":"page","link":"https:\/\/holgerspexet.se\/index.php\/om-holgerspexet\/tidigare-spex\/2021-stockholmsutskallningen-1866\/","title":{"rendered":"2021: Stockholmsutsk\u00e4llningen 1866"},"content":{"rendered":"\n<h2 class=\"wp-block-heading\">Stockholmsutsk\u00e4llningen 1866<\/h2>\n\n\n\n<p class=\"has-text-align-left\">\u00c5ret \u00e4r 1866 och Industriutst\u00e4llningen i Stockholm har haft en l\u00e5ngsam start. Utst\u00e4llningsansvarige Sofi Hazelius misst\u00e4nker att det l\u00e5ga bes\u00f6karantalet kan bero p\u00e5 den omedg\u00f6rlige arkitekten, Oscar Reutersv\u00e4rd, som gjort byggnaden n\u00e4st intill om\u00f6jlig att hitta i. Dessutom skr\u00e4ms bes\u00f6karna bort av en viss utst\u00e4llare, Alfred Nobel, och hans explosiva uppfinningar.<br><br>Men Sofi Hazelius har en plan. Den tyske gipsgjutaren Franz J\u00e4ger anl\u00e4nder snart till utst\u00e4llningen med sin dotter Johanna f\u00f6r att leverera en skalenlig kopia av Molins font\u00e4n. I och med detta har fru Hazelius anst\u00e4llt sin bl\u00e5\u00f6gda brorson, den unga journalisten August Strindberg, f\u00f6r att skriva ett publiklockande reportage.<\/p>\n\n\n<div class=\"wp-block-image\">\n<figure class=\"aligncenter size-full\"><img fetchpriority=\"high\" decoding=\"async\" width=\"1240\" height=\"1754\" src=\"https:\/\/holgerspexet.se\/wp-content\/uploads\/2021\/10\/Aformatliten.png\" alt=\"\" class=\"wp-image-1644\"\/><\/figure>\n<\/div>","protected":false},"excerpt":{"rendered":"<p>Stockholmsutsk\u00e4llningen 1866 \u00c5ret \u00e4r 1866 och Industriutst\u00e4llningen i Stockholm har haft en l\u00e5ngsam start. Utst\u00e4llningsansvarige Sofi Hazelius misst\u00e4nker att det l\u00e5ga bes\u00f6karantalet kan bero p\u00e5 den omedg\u00f6rlige arkitekten, Oscar Reutersv\u00e4rd, som gjort byggnaden n\u00e4st intill om\u00f6jlig att hitta i. Dessutom skr\u00e4ms bes\u00f6karna bort av en viss utst\u00e4llare, Alfred Nobel, och hans explosiva uppfinningar. Men Sofi Hazelius har en plan. Den tyske gipsgjutaren Franz J\u00e4ger anl\u00e4nder snart till utst\u00e4llningen med sin dotter Johanna f\u00f6r att leverera en skalenlig kopia av Molins font\u00e4n. I och med detta har fru Hazelius anst\u00e4llt sin bl\u00e5\u00f6gda brorson, den unga journalisten August Strindberg, f\u00f6r att skriva ett publiklockande reportage.<\/p>\n","protected":false},"author":9,"featured_media":0,"parent":38,"menu_order":-1,"comment_status":"closed","ping_status":"closed","template":"","meta":{"inline_featured_image":false,"footnotes":""},"class_list":["post-8","page","type-page","status-publish"],"_links":{"self":[{"href":"https:\/\/holgerspexet.se\/index.php\/wp-json\/wp\/v2\/pages\/8","targetHints":{"allow":["GET"]}}],"collection":[{"href":"https:\/\/holgerspexet.se\/index.php\/wp-json\/wp\/v2\/pages"}],"about":[{"href":"https:\/\/holgerspexet.se\/index.php\/wp-json\/wp\/v2\/types\/page"}],"author":[{"embeddable":true,"href":"https:\/\/holgerspexet.se\/index.php\/wp-json\/wp\/v2\/users\/9"}],"replies":[{"embeddable":true,"href":"https:\/\/holgerspexet.se\/index.php\/wp-json\/wp\/v2\/comments?post=8"}],"version-history":[{"count":67,"href":"https:\/\/holgerspexet.se\/index.php\/wp-json\/wp\/v2\/pages\/8\/revisions"}],"predecessor-version":[{"id":1752,"href":"https:\/\/holgerspexet.se\/index.php\/wp-json\/wp\/v2\/pages\/8\/revisions\/1752"}],"up":[{"embeddable":true,"href":"https:\/\/holgerspexet.se\/index.php\/wp-json\/wp\/v2\/pages\/38"}],"wp:attachment":[{"href":"https:\/\/holgerspexet.se\/index.php\/wp-json\/wp\/v2\/media?parent=8"}],"curies":[{"name":"wp","href":"https:\/\/api.w.org\/{rel}","templated":true}]}}