{"id":9,"date":"2019-02-12T18:31:32","date_gmt":"2019-02-12T18:31:32","guid":{"rendered":"https:\/\/holgerspexet-public.lysator.liu.se\/?page_id=9"},"modified":"2019-09-28T12:49:34","modified_gmt":"2019-09-28T12:49:34","slug":"om-holgerspexet","status":"publish","type":"page","link":"https:\/\/holgerspexet.se\/index.php\/om-holgerspexet\/","title":{"rendered":"Om Holgerspexet"},"content":{"rendered":"\n<h2 class=\"wp-block-heading\">Om Holgerspexet<\/h2>\n\n\n\n<p>Holgerspexet \u00e4r en teaterf\u00f6rening vid\nLink\u00f6pings universitet som har satt upp spex sedan 1998. <\/p>\n\n\n\n<ul class=\"wp-block-list\"><li><em>Undrar du kanske vad ett \u201dspex\u201d egentligen \u00e4r? Det kan du l\u00e4sa mer om <\/em><a href=\"https:\/\/holgerspexet.se\/index.php\/om-holgerspexet\/vad-ar-ett-spex\/\"><em>h\u00e4r<\/em><\/a><em>. <\/em><\/li><li><em>\u00c4r du intresserad av Holgerspexets historia? Den finns bevarad <\/em><a href=\"https:\/\/holgerspexet.se\/index.php\/om-holgerspexet\/holgerspexets-historia\/\"><em>h\u00e4r<\/em><\/a><em>.<\/em><\/li><li><em>Vill du veta vad vi har satt upp f\u00f6r spex tidigare \u00e5r? V\u00e5rt spexarkiv hittar du <\/em><a href=\"https:\/\/holgerspexet.se\/index.php\/om-holgerspexet\/tidigare-spex\/\"><em>h\u00e4r<\/em><\/a><em>.<\/em><\/li><\/ul>\n\n\n\n<h3 class=\"wp-block-heading\">Spexets organisation<\/h3>\n\n\n\n<p><strong><em>Styrelsen <\/em><\/strong>best\u00e5r av tre till nio ledam\u00f6ter och ansvarar f\u00f6r generella f\u00f6renings\u00e4renden. Det kan exempelvis r\u00f6ra fr\u00e5gor kring ekonomi eller verksamhetsplan och styrelsen driver \u00e4ven f\u00f6reningens \u00f6vergripande utvecklingsarbete.<\/p>\n\n\n\n<p><em><strong>Produktionsgruppen<\/strong><\/em><strong> <\/strong>ansvarar i sin tur f\u00f6r sj\u00e4lva spexupps\u00e4ttningen. Inom produktionsgruppen finns tolv ansvarsposter; exempelvis producent, regiss\u00f6r, scenografichef och kostymchef. Dessa personer ansvarar f\u00f6r varsin grupp. Totalt engagerar en spexupps\u00e4ttning cirka 100 personer.<\/p>\n\n\n\n<p><strong><em>\u00d6vriga ansvarsposter<\/em><\/strong> inkluderar bland annat v\u00e5r valberedning, v\u00e5r Qlubm\u00e4stare, v\u00e5ra lokalansvariga samt v\u00e5r gyckelmanager som ansvarar f\u00f6r Holgerspexets alldeles egna gyckelgrupp, <a href=\"https:\/\/www.facebook.com\/Nils-Holgerz-355165224514305\/\">Nils-Holgerz<\/a>.<\/p>\n\n\n\n<h3 class=\"wp-block-heading\">Ett \u00e5r i Holgerspexet<\/h3>\n\n\n\n<p>Ett spex\u00e5r b\u00f6rjar med att nya ansvarsposter v\u00e4ljs in. Det sker p\u00e5 f\u00f6reningens \u00e5rsm\u00f6te i december. Arbetets inleds sedan med att manusgruppen b\u00f6rjar skriva p\u00e5 handlingen till \u00e5rets spex. Allt eftersom tiden g\u00e5r b\u00f6rjar de olika grupperna arbeta; audition h\u00e5lls f\u00f6r scengrupper, dekor b\u00f6rjar bygga, kostym b\u00f6rjar sy, musikgruppen b\u00f6rjar skriva l\u00e5tar och koreograferna skapar danser. <\/p>\n\n\n\n<p>Efter ett sommaruppeh\u00e5ll \u00f6kas intensiteten markant f\u00f6r alla grupper. Repliker ska \u00f6vas in, bandet ska tr\u00e4na tillsammans och dansen ska l\u00e4ra sig en massa steg, piruetter och lyft. Tre veckor innan premi\u00e4ren flyttar vi in p\u00e5 Forumteatern och alla grupper arbetar febrilt med att f\u00e4rdigst\u00e4lla spexet. N\u00e4r rid\u00e5n sedan dras upp p\u00e5 premi\u00e4rkv\u00e4llen \u00e4r alla sp\u00e4nda, nerv\u00f6sa och taggade p\u00e5 att f\u00e5 dela med sig av det som vi har arbetat med i n\u00e4stan ett \u00e5rs tid. <\/p>\n\n\n\n<p>Efter en fantastiskt rolig f\u00f6rest\u00e4llningsperiod \u00e4r det dags att packa ihop \u00e5rets spex och b\u00f6rja f\u00f6rbereda f\u00f6r n\u00e4sta. Och s\u00e5 rullar det p\u00e5, allt tack vare spexets makal\u00f6sa medlemmar!<\/p>\n","protected":false},"excerpt":{"rendered":"<p>Om Holgerspexet Holgerspexet \u00e4r en teaterf\u00f6rening vid Link\u00f6pings universitet som har satt upp spex sedan 1998. Undrar du kanske vad ett \u201dspex\u201d egentligen \u00e4r? Det kan du l\u00e4sa mer om h\u00e4r. \u00c4r du intresserad av Holgerspexets historia? Den finns bevarad h\u00e4r. Vill du veta vad vi har satt upp f\u00f6r spex tidigare \u00e5r? V\u00e5rt spexarkiv hittar du h\u00e4r. Spexets organisation Styrelsen best\u00e5r av tre till nio ledam\u00f6ter och ansvarar f\u00f6r generella f\u00f6renings\u00e4renden. Det kan exempelvis r\u00f6ra fr\u00e5gor kring ekonomi eller verksamhetsplan och styrelsen driver \u00e4ven f\u00f6reningens \u00f6vergripande utvecklingsarbete. Produktionsgruppen ansvarar i sin tur f\u00f6r sj\u00e4lva spexupps\u00e4ttningen. Inom produktionsgruppen finns tolv ansvarsposter; exempelvis producent, regiss\u00f6r, scenografichef och kostymchef. Dessa personer ansvarar f\u00f6r varsin grupp. Totalt engagerar en spexupps\u00e4ttning cirka 100 personer. \u00d6vriga ansvarsposter inkluderar bland annat v\u00e5r valberedning, v\u00e5r Qlubm\u00e4stare, v\u00e5ra lokalansvariga samt v\u00e5r gyckelmanager som ansvarar f\u00f6r Holgerspexets alldeles egna gyckelgrupp, Nils-Holgerz. Ett \u00e5r i Holgerspexet Ett spex\u00e5r b\u00f6rjar med&hellip;<\/p>\n<p> <a class=\"more-link\" href=\"https:\/\/holgerspexet.se\/index.php\/om-holgerspexet\/\">Read more<\/a><\/p>\n","protected":false},"author":9,"featured_media":0,"parent":0,"menu_order":0,"comment_status":"closed","ping_status":"closed","template":"","meta":{"inline_featured_image":false,"footnotes":""},"class_list":["post-9","page","type-page","status-publish"],"_links":{"self":[{"href":"https:\/\/holgerspexet.se\/index.php\/wp-json\/wp\/v2\/pages\/9","targetHints":{"allow":["GET"]}}],"collection":[{"href":"https:\/\/holgerspexet.se\/index.php\/wp-json\/wp\/v2\/pages"}],"about":[{"href":"https:\/\/holgerspexet.se\/index.php\/wp-json\/wp\/v2\/types\/page"}],"author":[{"embeddable":true,"href":"https:\/\/holgerspexet.se\/index.php\/wp-json\/wp\/v2\/users\/9"}],"replies":[{"embeddable":true,"href":"https:\/\/holgerspexet.se\/index.php\/wp-json\/wp\/v2\/comments?post=9"}],"version-history":[{"count":34,"href":"https:\/\/holgerspexet.se\/index.php\/wp-json\/wp\/v2\/pages\/9\/revisions"}],"predecessor-version":[{"id":1370,"href":"https:\/\/holgerspexet.se\/index.php\/wp-json\/wp\/v2\/pages\/9\/revisions\/1370"}],"wp:attachment":[{"href":"https:\/\/holgerspexet.se\/index.php\/wp-json\/wp\/v2\/media?parent=9"}],"curies":[{"name":"wp","href":"https:\/\/api.w.org\/{rel}","templated":true}]}}