{"id":954,"date":"2019-04-01T14:16:32","date_gmt":"2019-04-01T14:16:32","guid":{"rendered":"https:\/\/holgerspexet-public.lysator.liu.se\/?page_id=954"},"modified":"2026-04-10T17:32:20","modified_gmt":"2026-04-10T17:32:20","slug":"sok-spexet","status":"publish","type":"page","link":"https:\/\/holgerspexet.se\/index.php\/bli-spexare\/sok-spexet\/","title":{"rendered":"S\u00f6k spexet"},"content":{"rendered":"\t\t<div data-elementor-type=\"wp-page\" data-elementor-id=\"954\" class=\"elementor elementor-954\">\n\t\t\t\t\t\t<section class=\"elementor-section elementor-top-section elementor-element elementor-element-79e97241 elementor-section-boxed elementor-section-height-default elementor-section-height-default\" data-id=\"79e97241\" data-element_type=\"section\" data-e-type=\"section\">\n\t\t\t\t\t\t<div class=\"elementor-container elementor-column-gap-default\">\n\t\t\t\t\t<div class=\"elementor-column elementor-col-100 elementor-top-column elementor-element elementor-element-6082b624\" data-id=\"6082b624\" data-element_type=\"column\" data-e-type=\"column\">\n\t\t\t<div class=\"elementor-widget-wrap elementor-element-populated\">\n\t\t\t\t\t\t<div class=\"elementor-element elementor-element-f0e1ff7 elementor-widget elementor-widget-text-editor\" data-id=\"f0e1ff7\" data-element_type=\"widget\" data-e-type=\"widget\" data-widget_type=\"text-editor.default\">\n\t\t\t\t<div class=\"elementor-widget-container\">\n\t\t\t\t\t\t\t\t\t<h2>Har du best\u00e4mt dig f\u00f6r att s\u00f6ka spexet?<\/h2>\n<p><!-- \/wp:heading --><\/p>\n<p><!-- wp:paragraph --><\/p>\n<p>I s\u00e5 fall vill vi gratulera dig till ett bra beslut! Du hittar f\u00f6rhoppningsvis all n\u00f6dv\u00e4ndig information p\u00e5 den h\u00e4r sidan men \u00e4r det n\u00e5gra konstigheter \u00e4r det bara att <a href=\"https:\/\/holgerspexet.se\/index.php\/kontakta-oss\/\">kontakta \u00e5rets producenter<\/a> s\u00e5 hj\u00e4lper de dig med dina fr\u00e5gor.<\/p>\n<p><!-- \/wp:paragraph --><\/p>\n<p><!-- wp:heading {\"level\":3} --><\/p>\n<h3>N\u00e4r kan jag s\u00f6ka de olika grupperna?<\/h3>\n<p><!-- \/wp:heading --><\/p>\n<p><!-- wp:list --><\/p>\n<ul>\n<li style=\"list-style-type: none;\">\n<ul><!-- wp:list-item --><\/ul>\n<\/li>\n<\/ul>\n<ul>\n<li style=\"list-style-type: none;\">\n<ul>\n<li><em><strong>Grupper med auditions<\/strong><\/em>:<span style=\"font-size: 12pt; font-family: Arial, sans-serif; background-color: transparent; font-variant-numeric: normal; font-variant-east-asian: normal; font-variant-alternates: normal; font-variant-position: normal; vertical-align: baseline; white-space-collapse: preserve;\"> Intresseanm\u00e4lan f\u00f6r sk\u00e5dis, k\u00f6r och dans \u00e4r \u00f6ppen tillsvidare. Auditionanm\u00e4lan kommer senare i v\u00e5r.<\/span><\/li>\n<\/ul>\n<\/li>\n<\/ul>\n<p><!-- \/wp:list-item --><\/p>\n<p><!-- wp:list-item --><\/p>\n<ul>\n<li style=\"list-style-type: none;\">\n<ul>\n<li><strong><em>Grupper utan auditions<\/em><\/strong>:&nbsp;<span style=\"font-size: 12pt; font-family: Arial, sans-serif; background-color: transparent; font-variant-numeric: normal; font-variant-east-asian: normal; font-variant-alternates: normal; font-variant-position: normal; vertical-align: baseline; white-space-collapse: preserve;\">F\u00f6r \u00f6vriga grupper (bland annat dekor, kostym, PR, teknik m.fl.) till\u00e4mpar vi l\u00f6pande antagning till dess att grupperna har blivit fulla, s\u00e5 ju tidigare du skickar in din ans\u00f6kan desto snabbare har du m\u00f6jlighet att bli en Holgerspexare. Tveka d\u00e4rf\u00f6r inte en sekund utan skicka in din ans\u00f6kan direkt, helst redan ig\u00e5r!<\/span><\/li>\n<\/ul>\n<\/li>\n<\/ul>\n<p><!-- \/wp:list-item --><!-- \/wp:list --><\/p>\n<p><!-- wp:heading {\"level\":3} --><\/p>\n<h3>Hur s\u00f6ker jag?<\/h3>\n<p><!-- \/wp:heading --><\/p>\n<p><!-- wp:paragraph --><\/p><p dir=\"ltr\" style=\"line-height: 1.38; background-color: #f7f7f7; margin-top: 12pt; margin-bottom: 0pt; padding: 0pt 0pt 12pt 0pt;\"><span style=\"font-size: 12pt; font-family: Arial,sans-serif; color: #7a7a7a; background-color: transparent; font-weight: 400; font-style: normal; font-variant: normal; text-decoration: none; vertical-align: baseline; white-space: pre-wrap;\">Klicka p\u00e5 l\u00e4nken nedan och fyll i ans\u00f6kningsformul\u00e4ret f\u00f6r den eller de grupper du \u00e4r intresserad av. Har du n\u00e5gra nyfikna fr\u00e5gor om de olika grupperna g\u00e5r det alldeles utm\u00e4rkt att <\/span><a style=\"text-decoration: none;\" href=\"https:\/\/holgerspexet.se\/index.php\/kontakta-oss\/\"><span style=\"font-size: 12pt; font-family: Arial,sans-serif; color: #f2983e; background-color: transparent; font-weight: 400; font-style: normal; font-variant: normal; text-decoration: none; vertical-align: baseline; white-space: pre-wrap;\">kontakta \u00e5rets producenter<\/span><\/a><span style=\"font-size: 12pt; font-family: Arial,sans-serif; color: #7a7a7a; background-color: transparent; font-weight: 400; font-style: normal; font-variant: normal; text-decoration: none; vertical-align: baseline; white-space: pre-wrap;\"> som \u00e4r ytterst ansvariga f\u00f6r upps\u00e4ttningen.<\/span><\/p><p dir=\"ltr\" style=\"line-height: 1.38; background-color: #f7f7f7; margin-top: 0pt; margin-bottom: 12pt;\"><a style=\"text-decoration: none;\" href=\"https:\/\/forms.gle\/R1GhWqFxdqy1t5XX8\"><span style=\"font-size: 12pt; font-family: Arial,sans-serif; color: #f2983e; background-color: transparent; font-weight: 400; font-style: normal; font-variant: normal; text-decoration: none; vertical-align: baseline; white-space: pre-wrap;\">S\u00f6k \u00f6vriga grupper<\/span><\/a> h\u00e4r!<\/p>\n<p dir=\"ltr\" style=\"line-height: 1.38; background-color: #f7f7f7; margin-top: 0pt; margin-bottom: 12pt;\">\u00c4r du intresserad av en ansvarspost? <a href=\"https:\/\/forms.gle\/XF6WXHqFUSdW6H3a7\">S\u00f6k h\u00e4r!<\/a><\/p>\n<p><!-- \/wp:paragraph --><!-- \/wp:paragraph --><\/p>\n<p><!-- wp:heading {\"level\":3} --><\/p>\n<h3>Vi ser fram emot att du g\u00f6r oss s\u00e4llskap!<span style=\"font-weight: 400;\"><img decoding=\"async\" draggable=\"false\" role=\"img\" class=\"emoji\" alt=\"\ud83d\udc9c\" src=\"https:\/\/s.w.org\/images\/core\/emoji\/17.0.2\/svg\/1f49c.svg\"><\/span><\/h3>\n<p><!-- \/wp:heading --><\/p>\t\t\t\t\t\t\t\t<\/div>\n\t\t\t\t<\/div>\n\t\t\t\t\t<\/div>\n\t\t<\/div>\n\t\t\t\t\t<\/div>\n\t\t<\/section>\n\t\t\t\t<\/div>\n\t\t","protected":false},"excerpt":{"rendered":"<p>Har du best\u00e4mt dig f\u00f6r att s\u00f6ka spexet? I s\u00e5 fall vill vi gratulera dig till ett bra beslut! Du hittar f\u00f6rhoppningsvis all n\u00f6dv\u00e4ndig information p\u00e5 den h\u00e4r sidan men \u00e4r det n\u00e5gra konstigheter \u00e4r det bara att kontakta \u00e5rets producenter s\u00e5 hj\u00e4lper de dig med dina fr\u00e5gor. N\u00e4r kan jag s\u00f6ka de olika grupperna? Grupper med auditions: Intresseanm\u00e4lan f\u00f6r sk\u00e5dis, k\u00f6r och dans \u00e4r \u00f6ppen tillsvidare. Auditionanm\u00e4lan kommer senare i v\u00e5r. Grupper utan auditions:&nbsp;F\u00f6r \u00f6vriga grupper (bland annat dekor, kostym, PR, teknik m.fl.) till\u00e4mpar vi l\u00f6pande antagning till dess att grupperna har blivit fulla, s\u00e5 ju tidigare du skickar in din ans\u00f6kan desto snabbare har du m\u00f6jlighet att bli en Holgerspexare. Tveka d\u00e4rf\u00f6r inte en sekund utan skicka in din ans\u00f6kan direkt, helst redan ig\u00e5r! Hur s\u00f6ker jag? Klicka p\u00e5 l\u00e4nken nedan och fyll i ans\u00f6kningsformul\u00e4ret f\u00f6r den eller de grupper du \u00e4r intresserad av. Har du n\u00e5gra nyfikna&hellip;<\/p>\n<p> <a class=\"more-link\" href=\"https:\/\/holgerspexet.se\/index.php\/bli-spexare\/sok-spexet\/\">Read more<\/a><\/p>\n","protected":false},"author":9,"featured_media":0,"parent":49,"menu_order":0,"comment_status":"closed","ping_status":"closed","template":"","meta":{"inline_featured_image":false,"footnotes":""},"class_list":["post-954","page","type-page","status-publish"],"_links":{"self":[{"href":"https:\/\/holgerspexet.se\/index.php\/wp-json\/wp\/v2\/pages\/954","targetHints":{"allow":["GET"]}}],"collection":[{"href":"https:\/\/holgerspexet.se\/index.php\/wp-json\/wp\/v2\/pages"}],"about":[{"href":"https:\/\/holgerspexet.se\/index.php\/wp-json\/wp\/v2\/types\/page"}],"author":[{"embeddable":true,"href":"https:\/\/holgerspexet.se\/index.php\/wp-json\/wp\/v2\/users\/9"}],"replies":[{"embeddable":true,"href":"https:\/\/holgerspexet.se\/index.php\/wp-json\/wp\/v2\/comments?post=954"}],"version-history":[{"count":98,"href":"https:\/\/holgerspexet.se\/index.php\/wp-json\/wp\/v2\/pages\/954\/revisions"}],"predecessor-version":[{"id":2233,"href":"https:\/\/holgerspexet.se\/index.php\/wp-json\/wp\/v2\/pages\/954\/revisions\/2233"}],"up":[{"embeddable":true,"href":"https:\/\/holgerspexet.se\/index.php\/wp-json\/wp\/v2\/pages\/49"}],"wp:attachment":[{"href":"https:\/\/holgerspexet.se\/index.php\/wp-json\/wp\/v2\/media?parent=954"}],"curies":[{"name":"wp","href":"https:\/\/api.w.org\/{rel}","templated":true}]}}